{"id":5878,"date":"2025-10-12T12:33:07","date_gmt":"2025-10-12T10:33:07","guid":{"rendered":"https:\/\/vitamin.coredesign.hu\/?product=prana-japan-matcha-por-60-g"},"modified":"2026-01-08T23:41:56","modified_gmt":"2026-01-08T22:41:56","slug":"prana-japan-matcha-por-60-g","status":"publish","type":"product","link":"https:\/\/vitamin.coredesign.hu\/?product=prana-japan-matcha-por-60-g","title":{"rendered":"Prana Jap\u00e1n Matcha por 60 g"},"content":{"rendered":"<p>&nbsp;<\/p>\n<div id=\"lt-accessibility-devtools\" aria-hidden=\"true\"><\/div>\n<p>R\u00e9szletes term\u00e9kel\u00edr\u00e1s<br \/>\nA Jap\u00e1n Matcha por egy kiv\u00e9teles, finomra \u00f5r\u00f6lt z\u00f6ld tea, melyet hagyom\u00e1nyos jap\u00e1n m\u00f3dszerekkel \u00e1ll\u00edtanak el\u00f5. K\u00fcl\u00f6nleges \u00e9lm\u00e9nyt ny\u00fajt az \u00ednyenceknek, akik \u00e9lvezik a gazdag, selymes \u00e9s enyh\u00e9n \u00e9des \u00edz\u00fb matcha te\u00e1t. A magas min\u00f5s\u00e9g\u00fb, friss\u00edt\u00f5 z\u00f6ld sz\u00edn\u00fb por t\u00f6k\u00e9letes v\u00e1laszt\u00e1s azoknak, akik keresik a hagyom\u00e1nyos jap\u00e1n teak\u00e9sz\u00edt\u00e9s var\u00e1zs\u00e1t otthonukban.<br \/>\nTermel\u00f5 \u00e1ltal frissen v\u00e1s\u00e1rolt \u00fcltetv\u00e9nyr\u00f5l van sz\u00f3, amely \u00e1t\u00e1ll\u00e1si id\u00f5szakban van, \u00edgy a bio standardoknak megfelel m\u00e1r a termeszt\u00e9s, de csak 2 \u00e9v m\u00falva kaphatja meg a bio min\u00f5s\u00edt\u00e9st a szigor\u00fa jap\u00e1n szab\u00e1lyoz\u00e1s miatt.<\/p>\n<p>\u00d6sszetev\u00f5k:\u00a0100% matchapor<br \/>\nSz\u00e1rmaz\u00e1si hely:\u00a0Jap\u00e1n\u00a0<br \/>\nEgy\u00e9b allerg\u00e9n inform\u00e1ci\u00f3:\u00a0Nyomokban f\u00f6ldimogyor\u00f3t, di\u00f3f\u00e9l\u00e9ket \u00e9s szez\u00e1mmagot tartalmazhat.<\/p>\n","protected":false},"excerpt":{"rendered":"<p>&nbsp; R\u00e9szletes term\u00e9kel\u00edr\u00e1s A Jap\u00e1n Matcha por egy kiv\u00e9teles, finomra \u00f5r\u00f6lt z\u00f6ld tea, melyet hagyom\u00e1nyos jap\u00e1n m\u00f3dszerekkel \u00e1ll\u00edtanak el\u00f5. K\u00fcl\u00f6nleges \u00e9lm\u00e9nyt ny\u00fajt az \u00ednyenceknek, akik \u00e9lvezik a gazdag, selymes \u00e9s enyh\u00e9n \u00e9des \u00edz\u00fb matcha te\u00e1t. A magas min\u00f5s\u00e9g\u00fb, friss\u00edt\u00f5 z\u00f6ld sz\u00edn\u00fb por t\u00f6k\u00e9letes v\u00e1laszt\u00e1s azoknak, akik keresik a hagyom\u00e1nyos jap\u00e1n teak\u00e9sz\u00edt\u00e9s var\u00e1zs\u00e1t otthonukban. Termel\u00f5 \u00e1ltal [&hellip;]<\/p>\n","protected":false},"featured_media":5879,"comment_status":"closed","ping_status":"closed","template":"","meta":[],"product_cat":[61,95],"product_tag":[],"class_list":{"0":"post-5878","1":"product","2":"type-product","3":"status-publish","4":"has-post-thumbnail","6":"product_brand-prana","7":"product_cat-etrend-kiegeszitok","8":"product_cat-gyogynovenyek","10":"first","11":"instock","12":"purchasable","13":"product-type-simple"},"_links":{"self":[{"href":"https:\/\/vitamin.coredesign.hu\/index.php?rest_route=\/wp\/v2\/product\/5878","targetHints":{"allow":["GET"]}}],"collection":[{"href":"https:\/\/vitamin.coredesign.hu\/index.php?rest_route=\/wp\/v2\/product"}],"about":[{"href":"https:\/\/vitamin.coredesign.hu\/index.php?rest_route=\/wp\/v2\/types\/product"}],"replies":[{"embeddable":true,"href":"https:\/\/vitamin.coredesign.hu\/index.php?rest_route=%2Fwp%2Fv2%2Fcomments&post=5878"}],"wp:featuredmedia":[{"embeddable":true,"href":"https:\/\/vitamin.coredesign.hu\/index.php?rest_route=\/wp\/v2\/media\/5879"}],"wp:attachment":[{"href":"https:\/\/vitamin.coredesign.hu\/index.php?rest_route=%2Fwp%2Fv2%2Fmedia&parent=5878"}],"wp:term":[{"taxonomy":"product_cat","embeddable":true,"href":"https:\/\/vitamin.coredesign.hu\/index.php?rest_route=%2Fwp%2Fv2%2Fproduct_cat&post=5878"},{"taxonomy":"product_tag","embeddable":true,"href":"https:\/\/vitamin.coredesign.hu\/index.php?rest_route=%2Fwp%2Fv2%2Fproduct_tag&post=5878"}],"curies":[{"name":"wp","href":"https:\/\/api.w.org\/{rel}","templated":true}]}}