{"id":5876,"date":"2025-10-12T12:33:07","date_gmt":"2025-10-12T10:33:07","guid":{"rendered":"https:\/\/vitamin.coredesign.hu\/?product=prana-fekete-so-250g"},"modified":"2026-01-08T23:30:03","modified_gmt":"2026-01-08T22:30:03","slug":"prana-fekete-so-250g","status":"publish","type":"product","link":"https:\/\/vitamin.coredesign.hu\/?product=prana-fekete-so-250g","title":{"rendered":"Prana Fekete s\u00f3 250g"},"content":{"rendered":"<p>&nbsp;<\/p>\n<div id=\"lt-accessibility-devtools\" aria-hidden=\"true\"><\/div>\n<p>R\u00e9szletes term\u00e9kel\u00edr\u00e1s<br \/>\nAz indiai konyha hagyom\u00e1nyos \u00e9teleinek elengedhetetlen \u00edzes\u00edt\u00f5je. Igazi gourmet s\u00f3, k\u00e9ntartalma miatt ad egy enyhe f\u00fbszeres, f\u00fcst\u00f6s \u00edzt az \u00e9teleknek. \u00cdze hasonl\u00edt a toj\u00e1s \u00edz\u00e9hez, ez\u00e9rt szokt\u00e1k annak helyettes\u00edt\u00e9s\u00e9re is haszn\u00e1lni.<br \/>\n\u00d6sszetev\u00f5k:\u00a0\u00a0100% fekete s\u00f3<br \/>\nEgy\u00e9g allerg\u00e9nek:\u00a0Nyomokban f\u00f6ldimogyor\u00f3t, di\u00f3f\u00e9l\u00e9ket \u00e9s szez\u00e1mmagot tartalmazhat.<br \/>\nBio term\u00e9keinket a Bio Garancia Kft. tanus\u00edtja.<br \/>\nSz\u00e1rmaz\u00e1si hely:\u00a0Pakiszt\u00e1n\u00a0<\/p>\n","protected":false},"excerpt":{"rendered":"<p>&nbsp; R\u00e9szletes term\u00e9kel\u00edr\u00e1s Az indiai konyha hagyom\u00e1nyos \u00e9teleinek elengedhetetlen \u00edzes\u00edt\u00f5je. Igazi gourmet s\u00f3, k\u00e9ntartalma miatt ad egy enyhe f\u00fbszeres, f\u00fcst\u00f6s \u00edzt az \u00e9teleknek. \u00cdze hasonl\u00edt a toj\u00e1s \u00edz\u00e9hez, ez\u00e9rt szokt\u00e1k annak helyettes\u00edt\u00e9s\u00e9re is haszn\u00e1lni. \u00d6sszetev\u00f5k:\u00a0\u00a0100% fekete s\u00f3 Egy\u00e9g allerg\u00e9nek:\u00a0Nyomokban f\u00f6ldimogyor\u00f3t, di\u00f3f\u00e9l\u00e9ket \u00e9s szez\u00e1mmagot tartalmazhat. Bio term\u00e9keinket a Bio Garancia Kft. tanus\u00edtja. Sz\u00e1rmaz\u00e1si hely:\u00a0Pakiszt\u00e1n\u00a0<\/p>\n","protected":false},"featured_media":5877,"comment_status":"closed","ping_status":"open","template":"","meta":[],"product_cat":[61],"product_tag":[],"class_list":{"0":"post-5876","1":"product","2":"type-product","3":"status-publish","4":"has-post-thumbnail","6":"product_brand-prana","7":"product_cat-etrend-kiegeszitok","9":"first","10":"instock","11":"purchasable","12":"product-type-simple"},"_links":{"self":[{"href":"https:\/\/vitamin.coredesign.hu\/index.php?rest_route=\/wp\/v2\/product\/5876","targetHints":{"allow":["GET"]}}],"collection":[{"href":"https:\/\/vitamin.coredesign.hu\/index.php?rest_route=\/wp\/v2\/product"}],"about":[{"href":"https:\/\/vitamin.coredesign.hu\/index.php?rest_route=\/wp\/v2\/types\/product"}],"replies":[{"embeddable":true,"href":"https:\/\/vitamin.coredesign.hu\/index.php?rest_route=%2Fwp%2Fv2%2Fcomments&post=5876"}],"wp:featuredmedia":[{"embeddable":true,"href":"https:\/\/vitamin.coredesign.hu\/index.php?rest_route=\/wp\/v2\/media\/5877"}],"wp:attachment":[{"href":"https:\/\/vitamin.coredesign.hu\/index.php?rest_route=%2Fwp%2Fv2%2Fmedia&parent=5876"}],"wp:term":[{"taxonomy":"product_cat","embeddable":true,"href":"https:\/\/vitamin.coredesign.hu\/index.php?rest_route=%2Fwp%2Fv2%2Fproduct_cat&post=5876"},{"taxonomy":"product_tag","embeddable":true,"href":"https:\/\/vitamin.coredesign.hu\/index.php?rest_route=%2Fwp%2Fv2%2Fproduct_tag&post=5876"}],"curies":[{"name":"wp","href":"https:\/\/api.w.org\/{rel}","templated":true}]}}