{"id":5872,"date":"2025-10-12T12:33:07","date_gmt":"2025-10-12T10:33:07","guid":{"rendered":"https:\/\/vitamin.coredesign.hu\/?product=prana-bio-spirulina-por-125g"},"modified":"2026-01-08T23:41:46","modified_gmt":"2026-01-08T22:41:46","slug":"prana-bio-spirulina-por-125g","status":"publish","type":"product","link":"https:\/\/vitamin.coredesign.hu\/?product=prana-bio-spirulina-por-125g","title":{"rendered":"Prana Bio Spirulina por 125g"},"content":{"rendered":"<p>&nbsp;<\/p>\n<div id=\"lt-accessibility-devtools\" aria-hidden=\"true\"><\/div>\n<p>R\u00e9szletes term\u00e9kel\u00edr\u00e1s<br \/>\nA\u00a0Spirulina\u00a0egy magas t\u00e1p\u00e9rt\u00e9k\u00fb \u00e9desv\u00edzi alg\u00e1b\u00f3l k\u00e9sz\u00fclt\u00a0term\u00e9szetes term\u00e9k \u00e9s\u00a0szuper\u00e9lelmiszer, amely\u00a0feh\u00e9rj\u00e9kben, vitaminokban, f\u00f5leg B, A\u00a0\u00e9s K\u00a0\u00e9s\u00a0\u00e1sv\u00e1nyi anyagokban\u00a0gazdag, mint a\u00a0vas, a szil\u00edcium, a kalcium \u00e9s a\u00a0magn\u00e9zium.<br \/>\nA\u00a0spirulina\u00a0jav\u00edtja a\u00a0zs\u00edrok \u00e9s a\u00a0gl\u00fck\u00f3z anyagcser\u00e9j\u00e9t, er\u00f5s\u00edti az immunrendszert, gyors\u00edtja a sebgy\u00f3gyul\u00e1st, cs\u00f6kkentheti a\u00a0koleszterinszintet\u00a0\u00e9s a\u00a0f\u00e1radts\u00e1g\u00e9rzetet, seg\u00edthet a\u00a0kardiovaszkul\u00e1ris megbeteged\u00e9sekn\u00e9l.\u00a0<br \/>\n\u00d6sszetev\u00f5k:\u00a0100% bio spirulina por<br \/>\nEgy\u00e9b allerg\u00e9nek:\u00a0Nyomokban f\u00f6ldimogyor\u00f3t, di\u00f3f\u00e9l\u00e9ket \u00e9s szez\u00e1mmagot tartalmazhat.<br \/>\nBio term\u00e9keinket a Bio Garancia Kft. tanus\u00edtja.<br \/>\nSz\u00e1rmaz\u00e1si hely:\u00a0K\u00edna<br \/>\n\u00c1tlagos t\u00e1p\u00e9rt\u00e9k 100g term\u00e9kben:\u00a0<br \/>\nEnergia:\u00a0 1607kJ\/381kcal<br \/>\nZs\u00edr: 8,5g Amelyb\u00f5l tel\u00edtett zs\u00edrsavak: 1,2g<br \/>\nSz\u00e9nhidr\u00e1t: 12,2g Amelyb\u00f5l cukrok: 3g<br \/>\nFeh\u00e9rje: 65g<br \/>\nS\u00f3: 0,6g<\/p>\n","protected":false},"excerpt":{"rendered":"<p>&nbsp; R\u00e9szletes term\u00e9kel\u00edr\u00e1s A\u00a0Spirulina\u00a0egy magas t\u00e1p\u00e9rt\u00e9k\u00fb \u00e9desv\u00edzi alg\u00e1b\u00f3l k\u00e9sz\u00fclt\u00a0term\u00e9szetes term\u00e9k \u00e9s\u00a0szuper\u00e9lelmiszer, amely\u00a0feh\u00e9rj\u00e9kben, vitaminokban, f\u00f5leg B, A\u00a0\u00e9s K\u00a0\u00e9s\u00a0\u00e1sv\u00e1nyi anyagokban\u00a0gazdag, mint a\u00a0vas, a szil\u00edcium, a kalcium \u00e9s a\u00a0magn\u00e9zium. A\u00a0spirulina\u00a0jav\u00edtja a\u00a0zs\u00edrok \u00e9s a\u00a0gl\u00fck\u00f3z anyagcser\u00e9j\u00e9t, er\u00f5s\u00edti az immunrendszert, gyors\u00edtja a sebgy\u00f3gyul\u00e1st, cs\u00f6kkentheti a\u00a0koleszterinszintet\u00a0\u00e9s a\u00a0f\u00e1radts\u00e1g\u00e9rzetet, seg\u00edthet a\u00a0kardiovaszkul\u00e1ris megbeteged\u00e9sekn\u00e9l.\u00a0 \u00d6sszetev\u00f5k:\u00a0100% bio spirulina por Egy\u00e9b allerg\u00e9nek:\u00a0Nyomokban f\u00f6ldimogyor\u00f3t, di\u00f3f\u00e9l\u00e9ket \u00e9s szez\u00e1mmagot tartalmazhat. Bio [&hellip;]<\/p>\n","protected":false},"featured_media":5873,"comment_status":"closed","ping_status":"closed","template":"","meta":[],"product_cat":[61,95],"product_tag":[],"class_list":{"0":"post-5872","1":"product","2":"type-product","3":"status-publish","4":"has-post-thumbnail","6":"product_brand-prana","7":"product_cat-etrend-kiegeszitok","8":"product_cat-gyogynovenyek","10":"first","11":"instock","12":"purchasable","13":"product-type-simple"},"_links":{"self":[{"href":"https:\/\/vitamin.coredesign.hu\/index.php?rest_route=\/wp\/v2\/product\/5872","targetHints":{"allow":["GET"]}}],"collection":[{"href":"https:\/\/vitamin.coredesign.hu\/index.php?rest_route=\/wp\/v2\/product"}],"about":[{"href":"https:\/\/vitamin.coredesign.hu\/index.php?rest_route=\/wp\/v2\/types\/product"}],"replies":[{"embeddable":true,"href":"https:\/\/vitamin.coredesign.hu\/index.php?rest_route=%2Fwp%2Fv2%2Fcomments&post=5872"}],"wp:featuredmedia":[{"embeddable":true,"href":"https:\/\/vitamin.coredesign.hu\/index.php?rest_route=\/wp\/v2\/media\/5873"}],"wp:attachment":[{"href":"https:\/\/vitamin.coredesign.hu\/index.php?rest_route=%2Fwp%2Fv2%2Fmedia&parent=5872"}],"wp:term":[{"taxonomy":"product_cat","embeddable":true,"href":"https:\/\/vitamin.coredesign.hu\/index.php?rest_route=%2Fwp%2Fv2%2Fproduct_cat&post=5872"},{"taxonomy":"product_tag","embeddable":true,"href":"https:\/\/vitamin.coredesign.hu\/index.php?rest_route=%2Fwp%2Fv2%2Fproduct_tag&post=5872"}],"curies":[{"name":"wp","href":"https:\/\/api.w.org\/{rel}","templated":true}]}}