{"id":5866,"date":"2025-10-12T12:33:07","date_gmt":"2025-10-12T10:33:07","guid":{"rendered":"https:\/\/vitamin.coredesign.hu\/?product=prana-bio-nyers-kakaobab-toret-125g"},"modified":"2026-01-08T23:29:59","modified_gmt":"2026-01-08T22:29:59","slug":"prana-bio-nyers-kakaobab-toret-125g","status":"publish","type":"product","link":"https:\/\/vitamin.coredesign.hu\/?product=prana-bio-nyers-kakaobab-toret-125g","title":{"rendered":"Prana Bio Nyers Kaka\u00f3bab t\u00f6ret 125g"},"content":{"rendered":"<p>&nbsp;<\/p>\n<div id=\"lt-accessibility-devtools\" aria-hidden=\"true\"><\/div>\n<p>R\u00e9szletes term\u00e9kel\u00edr\u00e1s<br \/>\nA\u00a0kaka\u00f3bab t\u00f6ret egy val\u00f3di csemege az eg\u00e9szs\u00e9gtudatos csokol\u00e1d\u00e9 szerelmeseinek. Ezek a finom kaka\u00f3bab darabok gazdag antioxid\u00e1nsokban \u00e9s term\u00e9szetes kaka\u00f3\u00edzben, amelyek k\u00fcl\u00f6nleges \u00e9s t\u00e1pl\u00e1l\u00f3 \u00edzt adnak \u00e9teleidnek. Haszn\u00e1ld s\u00fctem\u00e9nyek, smoothie-k, vagy m\u00fczlik kieg\u00e9sz\u00edt\u00e9s\u00e9hez, \u00e9s fedezd fel a kaka\u00f3bab csod\u00e1latos vil\u00e1g\u00e1t az eg\u00e9szs\u00e9ges \u00e9lvezet\u00e9rt!<br \/>\n\u00d6sszetev\u00f5k:\u00a0\u00a0100% bio kaka\u00f3bab t\u00f6ret<br \/>\nEgy\u00e9b allerg\u00e9nek:\u00a0Nyomokban f\u00f6ldimogyor\u00f3t, di\u00f3f\u00e9l\u00e9ket \u00e9s szez\u00e1mmagot tartalmazhat.<br \/>\nBio term\u00e9keinket a Bio Garancia Kft. tanus\u00edtja.<br \/>\nSz\u00e1rmaz\u00e1si hely:\u00a0Peru<br \/>\n\u00c1tlagos t\u00e1p\u00e9rt\u00e9k 100g term\u00e9kben:\u00a0<br \/>\nEnergia:\u00a0\u00a02663kJ\/642kcal<br \/>\nZs\u00edr: 53g\u00a0Amelyb\u00f5l tel\u00edtett zs\u00edrsavak: 34g<br \/>\nSz\u00e9nhidr\u00e1t: 26g Amelyb\u00f5l cukrok: 0,0g<br \/>\nFeh\u00e9rje: 14g<br \/>\nS\u00f3: 0,18g<\/p>\n","protected":false},"excerpt":{"rendered":"<p>&nbsp; R\u00e9szletes term\u00e9kel\u00edr\u00e1s A\u00a0kaka\u00f3bab t\u00f6ret egy val\u00f3di csemege az eg\u00e9szs\u00e9gtudatos csokol\u00e1d\u00e9 szerelmeseinek. Ezek a finom kaka\u00f3bab darabok gazdag antioxid\u00e1nsokban \u00e9s term\u00e9szetes kaka\u00f3\u00edzben, amelyek k\u00fcl\u00f6nleges \u00e9s t\u00e1pl\u00e1l\u00f3 \u00edzt adnak \u00e9teleidnek. Haszn\u00e1ld s\u00fctem\u00e9nyek, smoothie-k, vagy m\u00fczlik kieg\u00e9sz\u00edt\u00e9s\u00e9hez, \u00e9s fedezd fel a kaka\u00f3bab csod\u00e1latos vil\u00e1g\u00e1t az eg\u00e9szs\u00e9ges \u00e9lvezet\u00e9rt! \u00d6sszetev\u00f5k:\u00a0\u00a0100% bio kaka\u00f3bab t\u00f6ret Egy\u00e9b allerg\u00e9nek:\u00a0Nyomokban f\u00f6ldimogyor\u00f3t, di\u00f3f\u00e9l\u00e9ket \u00e9s szez\u00e1mmagot [&hellip;]<\/p>\n","protected":false},"featured_media":5867,"comment_status":"closed","ping_status":"open","template":"","meta":[],"product_cat":[61],"product_tag":[],"class_list":{"0":"post-5866","1":"product","2":"type-product","3":"status-publish","4":"has-post-thumbnail","6":"product_brand-prana","7":"product_cat-etrend-kiegeszitok","9":"first","10":"instock","11":"purchasable","12":"product-type-simple"},"_links":{"self":[{"href":"https:\/\/vitamin.coredesign.hu\/index.php?rest_route=\/wp\/v2\/product\/5866","targetHints":{"allow":["GET"]}}],"collection":[{"href":"https:\/\/vitamin.coredesign.hu\/index.php?rest_route=\/wp\/v2\/product"}],"about":[{"href":"https:\/\/vitamin.coredesign.hu\/index.php?rest_route=\/wp\/v2\/types\/product"}],"replies":[{"embeddable":true,"href":"https:\/\/vitamin.coredesign.hu\/index.php?rest_route=%2Fwp%2Fv2%2Fcomments&post=5866"}],"wp:featuredmedia":[{"embeddable":true,"href":"https:\/\/vitamin.coredesign.hu\/index.php?rest_route=\/wp\/v2\/media\/5867"}],"wp:attachment":[{"href":"https:\/\/vitamin.coredesign.hu\/index.php?rest_route=%2Fwp%2Fv2%2Fmedia&parent=5866"}],"wp:term":[{"taxonomy":"product_cat","embeddable":true,"href":"https:\/\/vitamin.coredesign.hu\/index.php?rest_route=%2Fwp%2Fv2%2Fproduct_cat&post=5866"},{"taxonomy":"product_tag","embeddable":true,"href":"https:\/\/vitamin.coredesign.hu\/index.php?rest_route=%2Fwp%2Fv2%2Fproduct_tag&post=5866"}],"curies":[{"name":"wp","href":"https:\/\/api.w.org\/{rel}","templated":true}]}}