{"id":5864,"date":"2025-10-12T12:33:07","date_gmt":"2025-10-12T10:33:07","guid":{"rendered":"https:\/\/vitamin.coredesign.hu\/?product=prana-bio-nyers-kakaobab-125g"},"modified":"2026-01-08T23:29:58","modified_gmt":"2026-01-08T22:29:58","slug":"prana-bio-nyers-kakaobab-125g","status":"publish","type":"product","link":"https:\/\/vitamin.coredesign.hu\/?product=prana-bio-nyers-kakaobab-125g","title":{"rendered":"Prana Bio Nyers Kaka\u00f3bab 125g"},"content":{"rendered":"<p>&nbsp;<\/p>\n<div id=\"lt-accessibility-devtools\" aria-hidden=\"true\"><\/div>\n<p>R\u00e9szletes term\u00e9kel\u00edr\u00e1s<br \/>\nA kaka\u00f3bab egy igazi csemege az eg\u00e9szs\u00e9ges csokol\u00e1d\u00e9 rajong\u00f3knak. Ez a bio min\u00f5s\u00e9g\u00fb kaka\u00f3bab term\u00e9szetes \u00e9s t\u00e1pl\u00e1l\u00f3 v\u00e1laszt\u00e1s, gazdag antioxid\u00e1nsokban \u00e9s \u00e1sv\u00e1nyi anyagokban, t\u00e1mogatj\u00e1k az immunrendszert \u00e9s jav\u00edtj\u00e1k a hangulatot. Haszn\u00e1ld desszertek, smoothie-k, vagy k\u00e1v\u00e9s kever\u00e9kek kieg\u00e9sz\u00edt\u00e9s\u00e9hez, \u00e9s \u00e9lvezd az eg\u00e9szs\u00e9ges \u00e9s \u00edzletes \u00e9dess\u00e9g var\u00e1zs\u00e1t a Prana Bio Nyers Kaka\u00f3babbal!<br \/>\n\u00d6sszetev\u00f5k:\u00a0\u00a0100% bio kaka\u00f3bab\u00a0<br \/>\nEgy\u00e9b allerg\u00e9nek:\u00a0Nyomokban f\u00f6ldimogyor\u00f3t, di\u00f3f\u00e9l\u00e9ket \u00e9s szez\u00e1mmagot tartalmazhat.<br \/>\nBio term\u00e9keinket a Bio Garancia Kft. tanus\u00edtja.<br \/>\nSz\u00e1rmaz\u00e1si hely:\u00a0Peru<br \/>\n\u00c1tlagos t\u00e1p\u00e9rt\u00e9k 100g term\u00e9kben:\u00a0<br \/>\nEnergia: 2663kJ \/ 642kcal<br \/>\nZs\u00edr: 53g Amelyb\u00f5l tel\u00edtett zs\u00edrsavak: 34g<br \/>\nSz\u00e9nhidr\u00e1t: 26g Amelyb\u00f5l cukrok: 0,0g<br \/>\nFeh\u00e9rje: 14g<br \/>\nS\u00f3: 0,18g<\/p>\n","protected":false},"excerpt":{"rendered":"<p>&nbsp; R\u00e9szletes term\u00e9kel\u00edr\u00e1s A kaka\u00f3bab egy igazi csemege az eg\u00e9szs\u00e9ges csokol\u00e1d\u00e9 rajong\u00f3knak. Ez a bio min\u00f5s\u00e9g\u00fb kaka\u00f3bab term\u00e9szetes \u00e9s t\u00e1pl\u00e1l\u00f3 v\u00e1laszt\u00e1s, gazdag antioxid\u00e1nsokban \u00e9s \u00e1sv\u00e1nyi anyagokban, t\u00e1mogatj\u00e1k az immunrendszert \u00e9s jav\u00edtj\u00e1k a hangulatot. Haszn\u00e1ld desszertek, smoothie-k, vagy k\u00e1v\u00e9s kever\u00e9kek kieg\u00e9sz\u00edt\u00e9s\u00e9hez, \u00e9s \u00e9lvezd az eg\u00e9szs\u00e9ges \u00e9s \u00edzletes \u00e9dess\u00e9g var\u00e1zs\u00e1t a Prana Bio Nyers Kaka\u00f3babbal! \u00d6sszetev\u00f5k:\u00a0\u00a0100% bio [&hellip;]<\/p>\n","protected":false},"featured_media":5865,"comment_status":"closed","ping_status":"open","template":"","meta":[],"product_cat":[61],"product_tag":[],"class_list":{"0":"post-5864","1":"product","2":"type-product","3":"status-publish","4":"has-post-thumbnail","6":"product_brand-prana","7":"product_cat-etrend-kiegeszitok","9":"first","10":"instock","11":"purchasable","12":"product-type-simple"},"_links":{"self":[{"href":"https:\/\/vitamin.coredesign.hu\/index.php?rest_route=\/wp\/v2\/product\/5864","targetHints":{"allow":["GET"]}}],"collection":[{"href":"https:\/\/vitamin.coredesign.hu\/index.php?rest_route=\/wp\/v2\/product"}],"about":[{"href":"https:\/\/vitamin.coredesign.hu\/index.php?rest_route=\/wp\/v2\/types\/product"}],"replies":[{"embeddable":true,"href":"https:\/\/vitamin.coredesign.hu\/index.php?rest_route=%2Fwp%2Fv2%2Fcomments&post=5864"}],"wp:featuredmedia":[{"embeddable":true,"href":"https:\/\/vitamin.coredesign.hu\/index.php?rest_route=\/wp\/v2\/media\/5865"}],"wp:attachment":[{"href":"https:\/\/vitamin.coredesign.hu\/index.php?rest_route=%2Fwp%2Fv2%2Fmedia&parent=5864"}],"wp:term":[{"taxonomy":"product_cat","embeddable":true,"href":"https:\/\/vitamin.coredesign.hu\/index.php?rest_route=%2Fwp%2Fv2%2Fproduct_cat&post=5864"},{"taxonomy":"product_tag","embeddable":true,"href":"https:\/\/vitamin.coredesign.hu\/index.php?rest_route=%2Fwp%2Fv2%2Fproduct_tag&post=5864"}],"curies":[{"name":"wp","href":"https:\/\/api.w.org\/{rel}","templated":true}]}}