{"id":5862,"date":"2025-10-12T12:33:07","date_gmt":"2025-10-12T10:33:07","guid":{"rendered":"https:\/\/vitamin.coredesign.hu\/?product=prana-bio-moringa-por-125g"},"modified":"2026-01-08T23:42:50","modified_gmt":"2026-01-08T22:42:50","slug":"prana-bio-moringa-por-125g","status":"publish","type":"product","link":"https:\/\/vitamin.coredesign.hu\/?product=prana-bio-moringa-por-125g","title":{"rendered":"Prana Bio Moringa por 125g"},"content":{"rendered":"<p>&nbsp;<\/p>\n<div id=\"lt-accessibility-devtools\" aria-hidden=\"true\"><\/div>\n<p>R\u00e9szletes term\u00e9kel\u00edr\u00e1s<br \/>\nA Moringa oleifera egy Indi\u00e1ban \u00f5shonos fa. Seg\u00edti fenntartani a norm\u00e1l v\u00e9rcukorszintet. Levelei feh\u00e9rj\u00e9 \u00e9s \u00e9lelmi rost-forr\u00e1s.<br \/>\nA Moring\u00e1t em\u00e9szt\u00e9si probl\u00e9m\u00e1kra haszn\u00e1lj\u00e1k, mivel magas \u00e9tkez\u00e9si rosttartalma miatt el\u00f5seg\u00edti az em\u00e9szt\u00f5rendszer eg\u00e9szs\u00e9g\u00e9t.<br \/>\nA moringa gazdag t\u00e1p\u00e9rt\u00e9kekben.<br \/>\nA feh\u00e9rje seg\u00edt n\u00f6velni \u00e9s fenntartani az izomt\u00f6meget.<br \/>\nMagas \u00e9lelmi rosttartalom, amely hozz\u00e1j\u00e1rul az eg\u00e9szs\u00e9ges em\u00e9szt\u00e9shez.<br \/>\n\u00d6sszetev\u00f5k:\u00a0100% bio moringapor<br \/>\nEgy\u00e9b allerg\u00e9nek:\u00a0Nyomokban f\u00f6ldimogyor\u00f3t, di\u00f3f\u00e9l\u00e9ket \u00e9s szez\u00e1mmagot tartalmazhat.<br \/>\nBio term\u00e9keinket a Bio Garancia Kft. tanus\u00edtja.<br \/>\nSz\u00e1rmaz\u00e1si hely:\u00a0Sri Lanka<br \/>\n\u00c1tlagos t\u00e1p\u00e9rt\u00e9k 100g term\u00e9kben:\u00a0<br \/>\nEnergia:\u00a01383kJ\/ 382kcal<br \/>\nZs\u00edr: 2,9g Amelyb\u00f5l tel\u00edtett zs\u00edrsavak: 1g<br \/>\nSz\u00e9nhidr\u00e1t: 45g Amelyb\u00f5l cukrok: 3,7g<br \/>\nFeh\u00e9rje:25g<br \/>\nS\u00f3: 0,39g<\/p>\n","protected":false},"excerpt":{"rendered":"<p>&nbsp; R\u00e9szletes term\u00e9kel\u00edr\u00e1s A Moringa oleifera egy Indi\u00e1ban \u00f5shonos fa. Seg\u00edti fenntartani a norm\u00e1l v\u00e9rcukorszintet. Levelei feh\u00e9rj\u00e9 \u00e9s \u00e9lelmi rost-forr\u00e1s. A Moring\u00e1t em\u00e9szt\u00e9si probl\u00e9m\u00e1kra haszn\u00e1lj\u00e1k, mivel magas \u00e9tkez\u00e9si rosttartalma miatt el\u00f5seg\u00edti az em\u00e9szt\u00f5rendszer eg\u00e9szs\u00e9g\u00e9t. A moringa gazdag t\u00e1p\u00e9rt\u00e9kekben. A feh\u00e9rje seg\u00edt n\u00f6velni \u00e9s fenntartani az izomt\u00f6meget. Magas \u00e9lelmi rosttartalom, amely hozz\u00e1j\u00e1rul az eg\u00e9szs\u00e9ges em\u00e9szt\u00e9shez. \u00d6sszetev\u00f5k:\u00a0100% [&hellip;]<\/p>\n","protected":false},"featured_media":5863,"comment_status":"closed","ping_status":"closed","template":"","meta":[],"product_cat":[61,95],"product_tag":[],"class_list":{"0":"post-5862","1":"product","2":"type-product","3":"status-publish","4":"has-post-thumbnail","6":"product_brand-prana","7":"product_cat-etrend-kiegeszitok","8":"product_cat-gyogynovenyek","10":"first","11":"instock","12":"purchasable","13":"product-type-simple"},"_links":{"self":[{"href":"https:\/\/vitamin.coredesign.hu\/index.php?rest_route=\/wp\/v2\/product\/5862","targetHints":{"allow":["GET"]}}],"collection":[{"href":"https:\/\/vitamin.coredesign.hu\/index.php?rest_route=\/wp\/v2\/product"}],"about":[{"href":"https:\/\/vitamin.coredesign.hu\/index.php?rest_route=\/wp\/v2\/types\/product"}],"replies":[{"embeddable":true,"href":"https:\/\/vitamin.coredesign.hu\/index.php?rest_route=%2Fwp%2Fv2%2Fcomments&post=5862"}],"wp:featuredmedia":[{"embeddable":true,"href":"https:\/\/vitamin.coredesign.hu\/index.php?rest_route=\/wp\/v2\/media\/5863"}],"wp:attachment":[{"href":"https:\/\/vitamin.coredesign.hu\/index.php?rest_route=%2Fwp%2Fv2%2Fmedia&parent=5862"}],"wp:term":[{"taxonomy":"product_cat","embeddable":true,"href":"https:\/\/vitamin.coredesign.hu\/index.php?rest_route=%2Fwp%2Fv2%2Fproduct_cat&post=5862"},{"taxonomy":"product_tag","embeddable":true,"href":"https:\/\/vitamin.coredesign.hu\/index.php?rest_route=%2Fwp%2Fv2%2Fproduct_tag&post=5862"}],"curies":[{"name":"wp","href":"https:\/\/api.w.org\/{rel}","templated":true}]}}