{"id":5860,"date":"2025-10-12T12:33:07","date_gmt":"2025-10-12T10:33:07","guid":{"rendered":"https:\/\/vitamin.coredesign.hu\/?product=prana-bio-matcha-por-60g"},"modified":"2026-01-08T23:40:58","modified_gmt":"2026-01-08T22:40:58","slug":"prana-bio-matcha-por-60g","status":"publish","type":"product","link":"https:\/\/vitamin.coredesign.hu\/?product=prana-bio-matcha-por-60g","title":{"rendered":"Prana Bio Matcha por 60g"},"content":{"rendered":"<p>&nbsp;<\/p>\n<div id=\"lt-accessibility-devtools\" aria-hidden=\"true\"><\/div>\n<p>R\u00e9szletes term\u00e9kel\u00edr\u00e1s<br \/>\nA &#8222;Ceremonial grade&#8221; azt jelenti, hogy a legfrissebb, els\u00f5 tavaszi sz\u00fcretel\u00e9s\u00fb \u00e9s a cserje legtetej\u00e9n l\u00e9v\u00f5 tealevelekb\u00f5l k\u00e9sz\u00fcl. \u00cdgy lesz jade z\u00f6ld, karakteres, gazdag arom\u00e1j\u00fa matcha tea por.<br \/>\nK\u00fcl\u00f6nlegesen f\u00f6ldes \u00edzvil\u00e1ga miatt a klasszikus elk\u00e9sz\u00edt\u00e9s\u00e9n fel\u00fcl t\u00f6k\u00e9letes v\u00e1laszt\u00e1s \u00e9des \u00edzek mell\u00e9, s\u00fctik sz\u00f3r\u00e1s\u00e1ra, reggeli zabk\u00e1s\u00e1ba, vagy ak\u00e1r matcha latte k\u00e9sz\u00edt\u00e9s\u00e9hez is. \u00a0<br \/>\nFinom \u00edze mellett sz\u00e1mtalan hat\u00e1sa van, a stresszt\u00f5l kezdve a koncentr\u00e1ci\u00f3nk n\u00f6vel\u00e9se ut\u00e1n az anyagcser\u00e9nk gyors\u00edt\u00e1s\u00e1ig rengeteg \u00e9rv van arra, hogy mi\u00e9rt \u00e9rdemes elkezdeni matcha te\u00e1t fogyasztani!\u00a0<br \/>\nMatcha tea elk\u00e9sz\u00edt\u00e9se:<br \/>\n1-2 te\u00e1skan\u00e1lnyi matcha port szit\u00e1lj \u00e1t, hogy csom\u00f3mentes legyen<br \/>\nForr\u00f3, de nem forr\u00e1sban l\u00e9v\u00f5 \u00f6ntsd fel \u00edzl\u00e9s szerint (jellemz\u00f5en 60-80ml)<br \/>\nAlaposan keverd fel, am\u00edg &#8222;habos nem lesz&#8221;\u00a0<br \/>\nFogyaszd el az elk\u00e9sz\u00fclt matcha te\u00e1t:)\u00a0<br \/>\n\u00cdrj nek\u00fcnk lentebb, hogy te mik\u00e9nt szoktad elk\u00e9sz\u00edteni vagy mire haszn\u00e1lod a matcha portot<br \/>\n\u00d6sszetev\u00f5k:\u00a0\u00a0100% bio matchapor<br \/>\nEgy\u00e9b allerg\u00e9nek:\u00a0Nyomokban f\u00f6ldimogyor\u00f3t, di\u00f3f\u00e9l\u00e9ket \u00e9s szez\u00e1mmagot tartalmazhat.<br \/>\nBio term\u00e9keinket a Bio Garancia Kft. tan\u00fas\u00edtja.<br \/>\nSz\u00e1rmaz\u00e1si hely\u00a0: K\u00edna<\/p>\n","protected":false},"excerpt":{"rendered":"<p>&nbsp; R\u00e9szletes term\u00e9kel\u00edr\u00e1s A &#8222;Ceremonial grade&#8221; azt jelenti, hogy a legfrissebb, els\u00f5 tavaszi sz\u00fcretel\u00e9s\u00fb \u00e9s a cserje legtetej\u00e9n l\u00e9v\u00f5 tealevelekb\u00f5l k\u00e9sz\u00fcl. \u00cdgy lesz jade z\u00f6ld, karakteres, gazdag arom\u00e1j\u00fa matcha tea por. K\u00fcl\u00f6nlegesen f\u00f6ldes \u00edzvil\u00e1ga miatt a klasszikus elk\u00e9sz\u00edt\u00e9s\u00e9n fel\u00fcl t\u00f6k\u00e9letes v\u00e1laszt\u00e1s \u00e9des \u00edzek mell\u00e9, s\u00fctik sz\u00f3r\u00e1s\u00e1ra, reggeli zabk\u00e1s\u00e1ba, vagy ak\u00e1r matcha latte k\u00e9sz\u00edt\u00e9s\u00e9hez is. \u00a0 [&hellip;]<\/p>\n","protected":false},"featured_media":5861,"comment_status":"closed","ping_status":"closed","template":"","meta":[],"product_cat":[61,95],"product_tag":[],"class_list":{"0":"post-5860","1":"product","2":"type-product","3":"status-publish","4":"has-post-thumbnail","6":"product_brand-prana","7":"product_cat-etrend-kiegeszitok","8":"product_cat-gyogynovenyek","10":"first","11":"instock","12":"purchasable","13":"product-type-simple"},"_links":{"self":[{"href":"https:\/\/vitamin.coredesign.hu\/index.php?rest_route=\/wp\/v2\/product\/5860","targetHints":{"allow":["GET"]}}],"collection":[{"href":"https:\/\/vitamin.coredesign.hu\/index.php?rest_route=\/wp\/v2\/product"}],"about":[{"href":"https:\/\/vitamin.coredesign.hu\/index.php?rest_route=\/wp\/v2\/types\/product"}],"replies":[{"embeddable":true,"href":"https:\/\/vitamin.coredesign.hu\/index.php?rest_route=%2Fwp%2Fv2%2Fcomments&post=5860"}],"wp:featuredmedia":[{"embeddable":true,"href":"https:\/\/vitamin.coredesign.hu\/index.php?rest_route=\/wp\/v2\/media\/5861"}],"wp:attachment":[{"href":"https:\/\/vitamin.coredesign.hu\/index.php?rest_route=%2Fwp%2Fv2%2Fmedia&parent=5860"}],"wp:term":[{"taxonomy":"product_cat","embeddable":true,"href":"https:\/\/vitamin.coredesign.hu\/index.php?rest_route=%2Fwp%2Fv2%2Fproduct_cat&post=5860"},{"taxonomy":"product_tag","embeddable":true,"href":"https:\/\/vitamin.coredesign.hu\/index.php?rest_route=%2Fwp%2Fv2%2Fproduct_tag&post=5860"}],"curies":[{"name":"wp","href":"https:\/\/api.w.org\/{rel}","templated":true}]}}