{"id":5858,"date":"2025-10-12T12:32:43","date_gmt":"2025-10-12T10:32:43","guid":{"rendered":"https:\/\/vitamin.coredesign.hu\/?product=prana-bio-kender-feherjepor-250-g"},"modified":"2026-01-08T23:29:50","modified_gmt":"2026-01-08T22:29:50","slug":"prana-bio-kender-feherjepor-250-g","status":"publish","type":"product","link":"https:\/\/vitamin.coredesign.hu\/?product=prana-bio-kender-feherjepor-250-g","title":{"rendered":"Prana Bio Kender Feh\u00e9rjepor 250 g"},"content":{"rendered":"<p>&nbsp;<\/p>\n<div id=\"lt-accessibility-devtools\" aria-hidden=\"true\"><\/div>\n<p>R\u00e9szletes term\u00e9kel\u00edr\u00e1s<br \/>\nVitaminok \u00e9s \u00e1sv\u00e1nyi anyagok sokas\u00e1g\u00e1val teli bio kenderfeh\u00e9rje el\u00f5seg\u00edti az izomn\u00f6veked\u00e9st, seg\u00edti az edz\u00e9s ut\u00e1ni regener\u00e1l\u00f3d\u00e1st, \u00e9s fokozza az \u00e1ltal\u00e1nos vitalit\u00e1st. Gazdag omega-zs\u00edrsavtartalma t\u00e1mogatja a sz\u00edv eg\u00e9szs\u00e9g\u00e9t \u00e9s hozz\u00e1j\u00e1rul a ragyog\u00f3 arcsz\u00ednhez.<\/p>\n<p>Sokoldal\u00fa \u00e9s \u00edzletes, kenderfeh\u00e9rj\u00e9nk keverhet\u00f5 turmixokba, p\u00e9k\u00e1rukba \u00e9s m\u00e9g sok m\u00e1sba. Di\u00f3s, f\u00f6ldes \u00edzprofilj\u00e1val fokozza kedvenc receptjeit. Ak\u00e1r akt\u00edv sportol\u00f3, ak\u00e1r eg\u00e9szs\u00e9gtudatos egy\u00e9n, vagy egyszer\u00fben csak n\u00f6v\u00e9nyi alap\u00fa feh\u00e9rjeforr\u00e1st keres, a mi bio kenderfeh\u00e9rje feh\u00e9rj\u00e9nk t\u00f6k\u00e9letes kieg\u00e9sz\u00edt\u00f5je a napi rutinj\u00e1nak.<\/p>\n<p>\u00d6sszetev\u00f5k:\u00a0100% bio kender feh\u00e9rje<br \/>\nEgy\u00e9b allerg\u00e9n inform\u00e1ci\u00f3:\u00a0Nyomokban f\u00f6ldimogyor\u00f3t, di\u00f3f\u00e9l\u00e9ket \u00e9s szez\u00e1mmagot tartalmazhat.<br \/>\n\u00c1tlagos t\u00e1p\u00e9rt\u00e9k 100g term\u00e9kben:<br \/>\nEnergia: 1435kJ\/343kcal<br \/>\nZs\u00edr: 8,3g<br \/>\namelyb\u00f5l tel\u00edtett zs\u00edrsavak: 0,9g<br \/>\nSz\u00e9nhidr\u00e1t: 10,4g<br \/>\namelyb\u00f5l cukrok: 5,2g<br \/>\nfeh\u00e9rje: 43g<br \/>\nrost: 28,4g<br \/>\ns\u00f3: 0,00g<\/p>\n","protected":false},"excerpt":{"rendered":"<p>&nbsp; R\u00e9szletes term\u00e9kel\u00edr\u00e1s Vitaminok \u00e9s \u00e1sv\u00e1nyi anyagok sokas\u00e1g\u00e1val teli bio kenderfeh\u00e9rje el\u00f5seg\u00edti az izomn\u00f6veked\u00e9st, seg\u00edti az edz\u00e9s ut\u00e1ni regener\u00e1l\u00f3d\u00e1st, \u00e9s fokozza az \u00e1ltal\u00e1nos vitalit\u00e1st. Gazdag omega-zs\u00edrsavtartalma t\u00e1mogatja a sz\u00edv eg\u00e9szs\u00e9g\u00e9t \u00e9s hozz\u00e1j\u00e1rul a ragyog\u00f3 arcsz\u00ednhez. Sokoldal\u00fa \u00e9s \u00edzletes, kenderfeh\u00e9rj\u00e9nk keverhet\u00f5 turmixokba, p\u00e9k\u00e1rukba \u00e9s m\u00e9g sok m\u00e1sba. Di\u00f3s, f\u00f6ldes \u00edzprofilj\u00e1val fokozza kedvenc receptjeit. Ak\u00e1r akt\u00edv sportol\u00f3, [&hellip;]<\/p>\n","protected":false},"featured_media":5859,"comment_status":"closed","ping_status":"open","template":"","meta":[],"product_cat":[70],"product_tag":[],"class_list":{"0":"post-5858","1":"product","2":"type-product","3":"status-publish","4":"has-post-thumbnail","6":"product_brand-prana","7":"product_cat-proteinek","9":"first","10":"instock","11":"purchasable","12":"product-type-simple"},"_links":{"self":[{"href":"https:\/\/vitamin.coredesign.hu\/index.php?rest_route=\/wp\/v2\/product\/5858","targetHints":{"allow":["GET"]}}],"collection":[{"href":"https:\/\/vitamin.coredesign.hu\/index.php?rest_route=\/wp\/v2\/product"}],"about":[{"href":"https:\/\/vitamin.coredesign.hu\/index.php?rest_route=\/wp\/v2\/types\/product"}],"replies":[{"embeddable":true,"href":"https:\/\/vitamin.coredesign.hu\/index.php?rest_route=%2Fwp%2Fv2%2Fcomments&post=5858"}],"wp:featuredmedia":[{"embeddable":true,"href":"https:\/\/vitamin.coredesign.hu\/index.php?rest_route=\/wp\/v2\/media\/5859"}],"wp:attachment":[{"href":"https:\/\/vitamin.coredesign.hu\/index.php?rest_route=%2Fwp%2Fv2%2Fmedia&parent=5858"}],"wp:term":[{"taxonomy":"product_cat","embeddable":true,"href":"https:\/\/vitamin.coredesign.hu\/index.php?rest_route=%2Fwp%2Fv2%2Fproduct_cat&post=5858"},{"taxonomy":"product_tag","embeddable":true,"href":"https:\/\/vitamin.coredesign.hu\/index.php?rest_route=%2Fwp%2Fv2%2Fproduct_tag&post=5858"}],"curies":[{"name":"wp","href":"https:\/\/api.w.org\/{rel}","templated":true}]}}