{"id":5854,"date":"2025-10-12T12:32:43","date_gmt":"2025-10-12T10:32:43","guid":{"rendered":"https:\/\/vitamin.coredesign.hu\/?product=prana-bio-gyomber-por-125g"},"modified":"2026-01-08T23:29:46","modified_gmt":"2026-01-08T22:29:46","slug":"prana-bio-gyomber-por-125g","status":"publish","type":"product","link":"https:\/\/vitamin.coredesign.hu\/?product=prana-bio-gyomber-por-125g","title":{"rendered":"Prana Bio Gy\u00f6mb\u00e9r por 125g"},"content":{"rendered":"<p>&nbsp;<\/p>\n<div id=\"lt-accessibility-devtools\" aria-hidden=\"true\"><\/div>\n<p>R\u00e9szletes term\u00e9kel\u00edr\u00e1s<br \/>\nA gy\u00f6mb\u00e9r nem csak kiv\u00e1l\u00f3 \u00edzes\u00edt\u00f5: sz\u00e1mos, szervezetre gyakorolt ??j\u00f3t\u00e9kony hat\u00e1ssal van, ez\u00e9rt \u00e9rdemes min\u00e9l t\u00f6bb \u00e9tkez\u00e9seinket tenni, s\u00f5t, ak\u00e1r k\u00faraszer\u00fben fogyasztani.<br \/>\nA gy\u00f6mb\u00e9rben 115 bioakt\u00edv \u00f6sszetev\u00f5 tal\u00e1lhat\u00f3, amelyek k\u00f6z\u00fcl kiemelkedik a gingerol, amely igen er\u00f5s antioxid\u00e1ns \u00e9s gyullad\u00e1scs\u00f6kkent\u00f5 hat\u00e1s\u00fa. \u00cdz\u00fcleti f\u00e1jdalmak eset\u00e9n enyh\u00edtheti a panaszokat.<br \/>\nNagyobb mennyis\u00e9gben tartalmaznak A-, C-, E- \u00e9s B-vitaminokat, magn\u00e9ziumot, foszfort, k\u00e1liumot, vasat \u00e9s cinket.<br \/>\nA gy\u00f6mb\u00e9r rendszeres fogyaszt\u00e1sa seg\u00edt a teszt m\u00e9regtelen\u00edt\u00e9s\u00e9ben.<br \/>\nGyomornyugtat\u00f3 \u00e9s em\u00e9szt\u00e9st jav\u00edt\u00f3 hat\u00e1sa van. Seg\u00edthet a hasmen\u00e9s vagy hasf\u00e1j\u00e1s enyh\u00edt\u00e9s\u00e9ben.<br \/>\nEr\u00f5s\u00edti az immunrendszert, \u00edgy \u00e9rdemes megf\u00e1z\u00e1st, influenza eset\u00e9n fogyasztani.\u00a0<br \/>\nA gy\u00f6mb\u00e9rben v\u00edrus- \u00e9s bakt\u00e9riumellenes hat\u00f3anyagok is tal\u00e1lhat\u00f3k, izzaszt\u00f3 hat\u00e1ssal b\u00edr, cs\u00f6kkentheti a l\u00e1zat \u00e9s csillap\u00edthatja a k\u00f6h\u00f6g\u00e9st.\u00a0<br \/>\nCukorbetegeknek is aj\u00e1nlott, mivel seg\u00edt a v\u00e9rcukorszint szab\u00e1lyoz\u00e1s\u00e1ban, n\u00f6veli az inzulin hat\u00e9konys\u00e1g\u00e1t.<br \/>\n\u00d6sszetev\u00f5k:\u00a0100% bio gy\u00f6mb\u00e9rpor<br \/>\nEgy\u00e9g allerg\u00e9nek:\u00a0Nyomokban f\u00f6ldimogyor\u00f3t, di\u00f3f\u00e9l\u00e9ket \u00e9s szez\u00e1mmagot tartalmazhat.<br \/>\nBio term\u00e9keinket a Bio Garancia Kft tanus\u00edtja.<br \/>\nSz\u00e1rmaz\u00e1si hely:\u00a0K\u00edna<\/p>\n","protected":false},"excerpt":{"rendered":"<p>&nbsp; R\u00e9szletes term\u00e9kel\u00edr\u00e1s A gy\u00f6mb\u00e9r nem csak kiv\u00e1l\u00f3 \u00edzes\u00edt\u00f5: sz\u00e1mos, szervezetre gyakorolt ??j\u00f3t\u00e9kony hat\u00e1ssal van, ez\u00e9rt \u00e9rdemes min\u00e9l t\u00f6bb \u00e9tkez\u00e9seinket tenni, s\u00f5t, ak\u00e1r k\u00faraszer\u00fben fogyasztani. A gy\u00f6mb\u00e9rben 115 bioakt\u00edv \u00f6sszetev\u00f5 tal\u00e1lhat\u00f3, amelyek k\u00f6z\u00fcl kiemelkedik a gingerol, amely igen er\u00f5s antioxid\u00e1ns \u00e9s gyullad\u00e1scs\u00f6kkent\u00f5 hat\u00e1s\u00fa. \u00cdz\u00fcleti f\u00e1jdalmak eset\u00e9n enyh\u00edtheti a panaszokat. Nagyobb mennyis\u00e9gben tartalmaznak A-, C-, E- [&hellip;]<\/p>\n","protected":false},"featured_media":5855,"comment_status":"closed","ping_status":"open","template":"","meta":[],"product_cat":[61],"product_tag":[],"class_list":{"0":"post-5854","1":"product","2":"type-product","3":"status-publish","4":"has-post-thumbnail","6":"product_brand-prana","7":"product_cat-etrend-kiegeszitok","9":"first","10":"instock","11":"purchasable","12":"product-type-simple"},"_links":{"self":[{"href":"https:\/\/vitamin.coredesign.hu\/index.php?rest_route=\/wp\/v2\/product\/5854","targetHints":{"allow":["GET"]}}],"collection":[{"href":"https:\/\/vitamin.coredesign.hu\/index.php?rest_route=\/wp\/v2\/product"}],"about":[{"href":"https:\/\/vitamin.coredesign.hu\/index.php?rest_route=\/wp\/v2\/types\/product"}],"replies":[{"embeddable":true,"href":"https:\/\/vitamin.coredesign.hu\/index.php?rest_route=%2Fwp%2Fv2%2Fcomments&post=5854"}],"wp:featuredmedia":[{"embeddable":true,"href":"https:\/\/vitamin.coredesign.hu\/index.php?rest_route=\/wp\/v2\/media\/5855"}],"wp:attachment":[{"href":"https:\/\/vitamin.coredesign.hu\/index.php?rest_route=%2Fwp%2Fv2%2Fmedia&parent=5854"}],"wp:term":[{"taxonomy":"product_cat","embeddable":true,"href":"https:\/\/vitamin.coredesign.hu\/index.php?rest_route=%2Fwp%2Fv2%2Fproduct_cat&post=5854"},{"taxonomy":"product_tag","embeddable":true,"href":"https:\/\/vitamin.coredesign.hu\/index.php?rest_route=%2Fwp%2Fv2%2Fproduct_tag&post=5854"}],"curies":[{"name":"wp","href":"https:\/\/api.w.org\/{rel}","templated":true}]}}