{"id":5852,"date":"2025-10-12T12:32:43","date_gmt":"2025-10-12T10:32:43","guid":{"rendered":"https:\/\/vitamin.coredesign.hu\/?product=prana-bio-csipkebogyopor-250g"},"modified":"2026-01-08T23:42:12","modified_gmt":"2026-01-08T22:42:12","slug":"prana-bio-csipkebogyopor-250g","status":"publish","type":"product","link":"https:\/\/vitamin.coredesign.hu\/?product=prana-bio-csipkebogyopor-250g","title":{"rendered":"Prana Bio Csipkebogy\u00f3por 250g"},"content":{"rendered":"<p>&nbsp;<\/p>\n<div id=\"lt-accessibility-devtools\" aria-hidden=\"true\"><\/div>\n<p>R\u00e9szletes term\u00e9kel\u00edr\u00e1s<br \/>\nA csipkebogy\u00f3t \u00e9vsz\u00e1zadok \u00f3ta haszn\u00e1lj\u00e1k a hagyom\u00e1nyos \u00e9s a n\u00e9pi orvosl\u00e1sban gyullad\u00e1scs\u00f6kkent\u00f5 \u00e9s f\u00e1jdalomcsillap\u00edt\u00f3 tulajdons\u00e1gaik miatt. A csipkebogy\u00f3 megakad\u00e1lyozhatja a b\u00f5r \u00f6reged\u00e9s\u00e9t, cs\u00f6kkentheti az csontritkul\u00e1s \u00e1ltal okozott f\u00e1jdalmat, el\u00f5seg\u00edtheti a fogy\u00e1st \u00e9s t\u00e1mogathatja a sz\u00edv eg\u00e9szs\u00e9g\u00e9t.<br \/>\n\u00d6sszetev\u00f5k:\u00a0\u00a0100% bio sz\u00e1r\u00edtott csipkebogy\u00f3<br \/>\nEgy\u00e9g allerg\u00e9nek:\u00a0Nyomokban f\u00f6ldimogyor\u00f3t, di\u00f3f\u00e9l\u00e9ket \u00e9s szez\u00e1mmagot tartalmazhat.<br \/>\nBio term\u00e9keinket a Bio Garancia tanus\u00edtja.<br \/>\nSz\u00e1rmaz\u00e1si hely:\u00a0Bulg\u00e1ria<br \/>\n\u00c1tlagos t\u00e1p\u00e9rt\u00e9k 100g term\u00e9kben:<br \/>\nEnergia\u00a0 919 kJ \/ 223kcal<br \/>\nZS\u00edr: 1,5g Amelyb\u00f5l tel\u00edtett zs\u00edrsavak: 0,3g<br \/>\nSz\u00e9nhidr\u00e1t: 19,0g Amelyb\u00f5l cukrok: 13g<br \/>\nFeh\u00e9rje: 4,3g<br \/>\nRost: 0g<br \/>\nS\u00f3: 0,08g<\/p>\n","protected":false},"excerpt":{"rendered":"<p>&nbsp; R\u00e9szletes term\u00e9kel\u00edr\u00e1s A csipkebogy\u00f3t \u00e9vsz\u00e1zadok \u00f3ta haszn\u00e1lj\u00e1k a hagyom\u00e1nyos \u00e9s a n\u00e9pi orvosl\u00e1sban gyullad\u00e1scs\u00f6kkent\u00f5 \u00e9s f\u00e1jdalomcsillap\u00edt\u00f3 tulajdons\u00e1gaik miatt. A csipkebogy\u00f3 megakad\u00e1lyozhatja a b\u00f5r \u00f6reged\u00e9s\u00e9t, cs\u00f6kkentheti az csontritkul\u00e1s \u00e1ltal okozott f\u00e1jdalmat, el\u00f5seg\u00edtheti a fogy\u00e1st \u00e9s t\u00e1mogathatja a sz\u00edv eg\u00e9szs\u00e9g\u00e9t. \u00d6sszetev\u00f5k:\u00a0\u00a0100% bio sz\u00e1r\u00edtott csipkebogy\u00f3 Egy\u00e9g allerg\u00e9nek:\u00a0Nyomokban f\u00f6ldimogyor\u00f3t, di\u00f3f\u00e9l\u00e9ket \u00e9s szez\u00e1mmagot tartalmazhat. Bio term\u00e9keinket a Bio Garancia [&hellip;]<\/p>\n","protected":false},"featured_media":5853,"comment_status":"closed","ping_status":"closed","template":"","meta":[],"product_cat":[61,95],"product_tag":[],"class_list":{"0":"post-5852","1":"product","2":"type-product","3":"status-publish","4":"has-post-thumbnail","6":"product_brand-prana","7":"product_cat-etrend-kiegeszitok","8":"product_cat-gyogynovenyek","10":"first","11":"instock","12":"purchasable","13":"product-type-simple"},"_links":{"self":[{"href":"https:\/\/vitamin.coredesign.hu\/index.php?rest_route=\/wp\/v2\/product\/5852","targetHints":{"allow":["GET"]}}],"collection":[{"href":"https:\/\/vitamin.coredesign.hu\/index.php?rest_route=\/wp\/v2\/product"}],"about":[{"href":"https:\/\/vitamin.coredesign.hu\/index.php?rest_route=\/wp\/v2\/types\/product"}],"replies":[{"embeddable":true,"href":"https:\/\/vitamin.coredesign.hu\/index.php?rest_route=%2Fwp%2Fv2%2Fcomments&post=5852"}],"wp:featuredmedia":[{"embeddable":true,"href":"https:\/\/vitamin.coredesign.hu\/index.php?rest_route=\/wp\/v2\/media\/5853"}],"wp:attachment":[{"href":"https:\/\/vitamin.coredesign.hu\/index.php?rest_route=%2Fwp%2Fv2%2Fmedia&parent=5852"}],"wp:term":[{"taxonomy":"product_cat","embeddable":true,"href":"https:\/\/vitamin.coredesign.hu\/index.php?rest_route=%2Fwp%2Fv2%2Fproduct_cat&post=5852"},{"taxonomy":"product_tag","embeddable":true,"href":"https:\/\/vitamin.coredesign.hu\/index.php?rest_route=%2Fwp%2Fv2%2Fproduct_tag&post=5852"}],"curies":[{"name":"wp","href":"https:\/\/api.w.org\/{rel}","templated":true}]}}