{"id":5850,"date":"2025-10-12T12:32:43","date_gmt":"2025-10-12T10:32:43","guid":{"rendered":"https:\/\/vitamin.coredesign.hu\/?product=prana-bio-chia-mag-250g"},"modified":"2026-01-08T23:29:45","modified_gmt":"2026-01-08T22:29:45","slug":"prana-bio-chia-mag-250g","status":"publish","type":"product","link":"https:\/\/vitamin.coredesign.hu\/?product=prana-bio-chia-mag-250g","title":{"rendered":"Prana Bio Chia mag 250g"},"content":{"rendered":"<p>&nbsp;<\/p>\n<div id=\"lt-accessibility-devtools\" aria-hidden=\"true\"><\/div>\n<p>R\u00e9szletes term\u00e9kel\u00edr\u00e1s<br \/>\nMagas az omega 3 zs\u00edrsav tartalma \u00e9s optim\u00e1lis az omega 6 zs\u00edrsavtartalma. Mivel sok vizet tud mag\u00e1ba sz\u00edvni \u00edgy k\u00f6nnyen tel\u00edt. A benne l\u00e9v\u00f5 t\u00e1panyag tartalom miatt egy gy\u00fcm\u00f6lcs\u00f6s puding reggelire eb\u00e9dig nem lesz\u00fcnk \u00e9hesek. Az\u00e9rt azt is figyelembe kell venni, hogy mivel sok vizet mag\u00e1ba sz\u00edv, n\u00f6velni kell a folyad\u00e9kbevitelt.<br \/>\n\u00d6sszetev\u00f5k:\u00a0100% azt\u00e9kzs\u00e1lya-mag (chia-mag)<br \/>\nEgy\u00e9b allerg\u00e9nek:\u00a0Nyomokban f\u00f6ldimogyor\u00f3t, di\u00f3f\u00e9l\u00e9ket \u00e9s\u00a0szez\u00e1mmagot tartalmazhat.<br \/>\nBio term\u00e9keinket a Bio Garancia tanus\u00edtja.<br \/>\nSz\u00e1rmaz\u00e1si hely:\u00a0Uganda<br \/>\n\u00c1tlagos t\u00e1p\u00e9rt\u00e9k 100g term\u00e9kben:<br \/>\nEnergia: 1863kJ\/452kcal<br \/>\nZs\u00edr: 32g Amelyb\u00f5l tel\u00edtett zs\u00edrsavak: 3g<br \/>\nSz\u00e9nhidr\u00e1t: 4g<br \/>\nAmelyb\u00f5l cukrok: 0g<br \/>\nFeh\u00e9rje: 21g<br \/>\nS\u00f3: 0,0g<\/p>\n","protected":false},"excerpt":{"rendered":"<p>&nbsp; R\u00e9szletes term\u00e9kel\u00edr\u00e1s Magas az omega 3 zs\u00edrsav tartalma \u00e9s optim\u00e1lis az omega 6 zs\u00edrsavtartalma. Mivel sok vizet tud mag\u00e1ba sz\u00edvni \u00edgy k\u00f6nnyen tel\u00edt. A benne l\u00e9v\u00f5 t\u00e1panyag tartalom miatt egy gy\u00fcm\u00f6lcs\u00f6s puding reggelire eb\u00e9dig nem lesz\u00fcnk \u00e9hesek. Az\u00e9rt azt is figyelembe kell venni, hogy mivel sok vizet mag\u00e1ba sz\u00edv, n\u00f6velni kell a folyad\u00e9kbevitelt. \u00d6sszetev\u00f5k:\u00a0100% [&hellip;]<\/p>\n","protected":false},"featured_media":5851,"comment_status":"closed","ping_status":"open","template":"","meta":[],"product_cat":[61],"product_tag":[],"class_list":{"0":"post-5850","1":"product","2":"type-product","3":"status-publish","4":"has-post-thumbnail","6":"product_brand-prana","7":"product_cat-etrend-kiegeszitok","9":"first","10":"instock","11":"purchasable","12":"product-type-simple"},"_links":{"self":[{"href":"https:\/\/vitamin.coredesign.hu\/index.php?rest_route=\/wp\/v2\/product\/5850","targetHints":{"allow":["GET"]}}],"collection":[{"href":"https:\/\/vitamin.coredesign.hu\/index.php?rest_route=\/wp\/v2\/product"}],"about":[{"href":"https:\/\/vitamin.coredesign.hu\/index.php?rest_route=\/wp\/v2\/types\/product"}],"replies":[{"embeddable":true,"href":"https:\/\/vitamin.coredesign.hu\/index.php?rest_route=%2Fwp%2Fv2%2Fcomments&post=5850"}],"wp:featuredmedia":[{"embeddable":true,"href":"https:\/\/vitamin.coredesign.hu\/index.php?rest_route=\/wp\/v2\/media\/5851"}],"wp:attachment":[{"href":"https:\/\/vitamin.coredesign.hu\/index.php?rest_route=%2Fwp%2Fv2%2Fmedia&parent=5850"}],"wp:term":[{"taxonomy":"product_cat","embeddable":true,"href":"https:\/\/vitamin.coredesign.hu\/index.php?rest_route=%2Fwp%2Fv2%2Fproduct_cat&post=5850"},{"taxonomy":"product_tag","embeddable":true,"href":"https:\/\/vitamin.coredesign.hu\/index.php?rest_route=%2Fwp%2Fv2%2Fproduct_tag&post=5850"}],"curies":[{"name":"wp","href":"https:\/\/api.w.org\/{rel}","templated":true}]}}