{"id":5848,"date":"2025-10-12T12:32:43","date_gmt":"2025-10-12T10:32:43","guid":{"rendered":"https:\/\/vitamin.coredesign.hu\/?product=prana-bio-ceylon-fahej-por-125g"},"modified":"2026-01-08T23:29:44","modified_gmt":"2026-01-08T22:29:44","slug":"prana-bio-ceylon-fahej-por-125g","status":"publish","type":"product","link":"https:\/\/vitamin.coredesign.hu\/?product=prana-bio-ceylon-fahej-por-125g","title":{"rendered":"Prana Bio Ceylon fah\u00e9j por 125g"},"content":{"rendered":"<p>&nbsp;<\/p>\n<div id=\"lt-accessibility-devtools\" aria-hidden=\"true\"><\/div>\n<p>R\u00e9szletes term\u00e9kel\u00edr\u00e1s<br \/>\nA ceylon fah\u00e9j por egy igazi f\u00fbszeres kincs az \u00edzletes \u00e9telek kedvel\u00f5inek. Gazdag antioxid\u00e1nsokban \u00e9s \u00e1sv\u00e1nyi anyagokban, mint p\u00e9ld\u00e1ul vas \u00e9s kalcium, t\u00e1mogatj\u00e1k az immunrendszert \u00e9s a csontok eg\u00e9szs\u00e9g\u00e9t. Haszn\u00e1ld \u00e9telek, italok vagy desszertek \u00edzes\u00edt\u00e9s\u00e9hez, \u00e9s \u00e9lvezd a Prana Ceylon fah\u00e9j por \u00e9des \u00e9s f\u00fbszeres \u00edz\u00e9t, esetleg \u00e1polod testedet \u00e9s lelkedet a term\u00e9szet csod\u00e1ival! Fedezd fel a f\u00fbszeres \u00edzek vil\u00e1g\u00e1t, \u00e9s \u00e9ld az \u00edzletes \u00e9s eg\u00e9szs\u00e9ges \u00e9letet a ceylon fah\u00e9j porral!<br \/>\n\u00d6sszetev\u00f5k:\u00a0\u00a0100% bio ceyloni fah\u00e9j<br \/>\nEgy\u00e9b allerg\u00e9nek:\u00a0Nyomokban f\u00f6ldimogyor\u00f3t, di\u00f3f\u00e9l\u00e9ket \u00e9s szez\u00e1mmagot tartalmazhat.<br \/>\nBio term\u00e9keinket a Bio Garancia Kft tanus\u00edtja.<br \/>\nSz\u00e1rmaz\u00e1si hely:\u00a0\u00a0Sri Lanka<\/p>\n","protected":false},"excerpt":{"rendered":"<p>&nbsp; R\u00e9szletes term\u00e9kel\u00edr\u00e1s A ceylon fah\u00e9j por egy igazi f\u00fbszeres kincs az \u00edzletes \u00e9telek kedvel\u00f5inek. Gazdag antioxid\u00e1nsokban \u00e9s \u00e1sv\u00e1nyi anyagokban, mint p\u00e9ld\u00e1ul vas \u00e9s kalcium, t\u00e1mogatj\u00e1k az immunrendszert \u00e9s a csontok eg\u00e9szs\u00e9g\u00e9t. Haszn\u00e1ld \u00e9telek, italok vagy desszertek \u00edzes\u00edt\u00e9s\u00e9hez, \u00e9s \u00e9lvezd a Prana Ceylon fah\u00e9j por \u00e9des \u00e9s f\u00fbszeres \u00edz\u00e9t, esetleg \u00e1polod testedet \u00e9s lelkedet a [&hellip;]<\/p>\n","protected":false},"featured_media":5849,"comment_status":"closed","ping_status":"open","template":"","meta":[],"product_cat":[61],"product_tag":[],"class_list":{"0":"post-5848","1":"product","2":"type-product","3":"status-publish","4":"has-post-thumbnail","6":"product_brand-prana","7":"product_cat-etrend-kiegeszitok","9":"first","10":"instock","11":"purchasable","12":"product-type-simple"},"_links":{"self":[{"href":"https:\/\/vitamin.coredesign.hu\/index.php?rest_route=\/wp\/v2\/product\/5848","targetHints":{"allow":["GET"]}}],"collection":[{"href":"https:\/\/vitamin.coredesign.hu\/index.php?rest_route=\/wp\/v2\/product"}],"about":[{"href":"https:\/\/vitamin.coredesign.hu\/index.php?rest_route=\/wp\/v2\/types\/product"}],"replies":[{"embeddable":true,"href":"https:\/\/vitamin.coredesign.hu\/index.php?rest_route=%2Fwp%2Fv2%2Fcomments&post=5848"}],"wp:featuredmedia":[{"embeddable":true,"href":"https:\/\/vitamin.coredesign.hu\/index.php?rest_route=\/wp\/v2\/media\/5849"}],"wp:attachment":[{"href":"https:\/\/vitamin.coredesign.hu\/index.php?rest_route=%2Fwp%2Fv2%2Fmedia&parent=5848"}],"wp:term":[{"taxonomy":"product_cat","embeddable":true,"href":"https:\/\/vitamin.coredesign.hu\/index.php?rest_route=%2Fwp%2Fv2%2Fproduct_cat&post=5848"},{"taxonomy":"product_tag","embeddable":true,"href":"https:\/\/vitamin.coredesign.hu\/index.php?rest_route=%2Fwp%2Fv2%2Fproduct_tag&post=5848"}],"curies":[{"name":"wp","href":"https:\/\/api.w.org\/{rel}","templated":true}]}}