{"id":5846,"date":"2025-10-12T12:32:43","date_gmt":"2025-10-12T10:32:43","guid":{"rendered":"https:\/\/vitamin.coredesign.hu\/?product=prana-bio-brokkolipor-125-g"},"modified":"2026-01-08T23:29:43","modified_gmt":"2026-01-08T22:29:43","slug":"prana-bio-brokkolipor-125-g","status":"publish","type":"product","link":"https:\/\/vitamin.coredesign.hu\/?product=prana-bio-brokkolipor-125-g","title":{"rendered":"Prana Bio Brokkolipor 125 g"},"content":{"rendered":"<p>&nbsp;<\/p>\n<div id=\"lt-accessibility-devtools\" aria-hidden=\"true\"><\/div>\n<p>R\u00e9szletes term\u00e9kel\u00edr\u00e1s<br \/>\nA t\u00e1panyagokban gazdag brokkoliporunk friss magyar bio z\u00f6lds\u00e9gb\u00f5l k\u00e9sz\u00fcl, \u00edgy garant\u00e1lva a legmagasabb min\u00f5s\u00e9gi elv\u00e1r\u00e1soknak val\u00f3 megfelel\u00e9st.<br \/>\n\u00d6sszetev\u00f5k:\u00a0100% bio brokkoli<br \/>\nEgy\u00e9b allerg\u00e9n inform\u00e1ci\u00f3:\u00a0Nyomokban f\u00f6ldimogyor\u00f3t, di\u00f3f\u00e9l\u00e9ket \u00e9s szez\u00e1mmagot tartalmazhat. Sz\u00e1raz h\u00fbv\u00f6s helyen tartand\u00f3!<\/p>\n","protected":false},"excerpt":{"rendered":"<p>&nbsp; R\u00e9szletes term\u00e9kel\u00edr\u00e1s A t\u00e1panyagokban gazdag brokkoliporunk friss magyar bio z\u00f6lds\u00e9gb\u00f5l k\u00e9sz\u00fcl, \u00edgy garant\u00e1lva a legmagasabb min\u00f5s\u00e9gi elv\u00e1r\u00e1soknak val\u00f3 megfelel\u00e9st. \u00d6sszetev\u00f5k:\u00a0100% bio brokkoli Egy\u00e9b allerg\u00e9n inform\u00e1ci\u00f3:\u00a0Nyomokban f\u00f6ldimogyor\u00f3t, di\u00f3f\u00e9l\u00e9ket \u00e9s szez\u00e1mmagot tartalmazhat. Sz\u00e1raz h\u00fbv\u00f6s helyen tartand\u00f3!<\/p>\n","protected":false},"featured_media":5847,"comment_status":"closed","ping_status":"open","template":"","meta":[],"product_cat":[61],"product_tag":[],"class_list":{"0":"post-5846","1":"product","2":"type-product","3":"status-publish","4":"has-post-thumbnail","6":"product_brand-prana","7":"product_cat-etrend-kiegeszitok","9":"first","10":"instock","11":"purchasable","12":"product-type-simple"},"_links":{"self":[{"href":"https:\/\/vitamin.coredesign.hu\/index.php?rest_route=\/wp\/v2\/product\/5846","targetHints":{"allow":["GET"]}}],"collection":[{"href":"https:\/\/vitamin.coredesign.hu\/index.php?rest_route=\/wp\/v2\/product"}],"about":[{"href":"https:\/\/vitamin.coredesign.hu\/index.php?rest_route=\/wp\/v2\/types\/product"}],"replies":[{"embeddable":true,"href":"https:\/\/vitamin.coredesign.hu\/index.php?rest_route=%2Fwp%2Fv2%2Fcomments&post=5846"}],"wp:featuredmedia":[{"embeddable":true,"href":"https:\/\/vitamin.coredesign.hu\/index.php?rest_route=\/wp\/v2\/media\/5847"}],"wp:attachment":[{"href":"https:\/\/vitamin.coredesign.hu\/index.php?rest_route=%2Fwp%2Fv2%2Fmedia&parent=5846"}],"wp:term":[{"taxonomy":"product_cat","embeddable":true,"href":"https:\/\/vitamin.coredesign.hu\/index.php?rest_route=%2Fwp%2Fv2%2Fproduct_cat&post=5846"},{"taxonomy":"product_tag","embeddable":true,"href":"https:\/\/vitamin.coredesign.hu\/index.php?rest_route=%2Fwp%2Fv2%2Fproduct_tag&post=5846"}],"curies":[{"name":"wp","href":"https:\/\/api.w.org\/{rel}","templated":true}]}}