{"id":5844,"date":"2025-10-12T12:32:43","date_gmt":"2025-10-12T10:32:43","guid":{"rendered":"https:\/\/vitamin.coredesign.hu\/?product=prana-bio-ashwagandha-por-125g"},"modified":"2026-01-08T23:29:42","modified_gmt":"2026-01-08T22:29:42","slug":"prana-bio-ashwagandha-por-125g","status":"publish","type":"product","link":"https:\/\/vitamin.coredesign.hu\/?product=prana-bio-ashwagandha-por-125g","title":{"rendered":"Prana Bio Ashwagandha por 125g"},"content":{"rendered":"<p>&nbsp;<\/p>\n<div id=\"lt-accessibility-devtools\" aria-hidden=\"true\"><\/div>\n<p>R\u00e9szletes term\u00e9kel\u00edr\u00e1s<br \/>\nAz indiai ginzeng n\u00e9ven is ismert ashwagandha, az ayurv\u00e9dikus hagyom\u00e1nyok szerint, az energia helyre\u00e1ll\u00edt\u00e1s\u00e1ra haszn\u00e1latos. Antioxid\u00e1ns, regener\u00e1l\u00f3 \u00e9s toniz\u00e1l\u00f3 tulajdons\u00e1gai miatt az ashwagandha por ide\u00e1lis \u00f6sszetev\u00f5 az \u00f6reged\u00e9sellenes b\u00f5r\u00e1pol\u00f3 k\u00e9sz\u00edtm\u00e9nyekbe.<br \/>\naminosavakat, witanoidokat, laktonokat, flavonoidokat tartalmaz<br \/>\nkozmetikai \u00f6sszetev\u00f5k\u00e9nt az ashwagandha \u00f6reged\u00e9sg\u00e1tl\u00f3 \u00e9s \u00e9l\u00e9nk\u00edt\u00f5 tulajdons\u00e1gair\u00f3l ismert<br \/>\nregener\u00e1l\u00f3 hat\u00e1s\u00fa, r\u00e9szt vesz a s\u00e9r\u00fclt b\u00f5rsz\u00f6vet hegesed\u00e9s\u00e9ben<br \/>\nantioxid\u00e1nsokban gazdag, seg\u00edt lek\u00fczdeni a b\u00f5r \u00f6reged\u00e9s\u00e9nek jeleit<br \/>\nseg\u00edt a sz\u00e1raz \u00e9s durva b\u00f5r \u00e1pol\u00e1s\u00e1ban<br \/>\nhozz\u00e1j\u00e1rul a b\u00f5r a korai \u00f6reged\u00e9s\u00e9nek megel\u00f5z\u00e9s\u00e9hez<br \/>\nharcol a szabadgy\u00f6k\u00f6k ellen \u00e9s cs\u00f6kkenti a sejtk\u00e1rosod\u00e1st<br \/>\n\u00d6sszetev\u00f5k:\u00a0100% bio ashwagandha<br \/>\nEgy\u00e9b allerg\u00e9nek:\u00a0Nyomokban f\u00f6ldimogyor\u00f3t, di\u00f3f\u00e9l\u00e9ket \u00e9s\u00a0szez\u00e1mmagot tartalmazhat<br \/>\nBio term\u00e9keinket a Bio Garancia tanus\u00edtja.<br \/>\n\u00c1tlagos t\u00e1p\u00e9rt\u00e9k 100g term\u00e9kben:<br \/>\nEnergia: 1158kJ\/277kcal<br \/>\nZs\u00edr: 0,3g Amelyb\u00f5l tel\u00edtett zs\u00edrsavak: 0,1g<br \/>\nSz\u00e9nhidr\u00e1t: 47g Amelyb\u00f5l cukrok: 11g<br \/>\nRost: 0g<br \/>\nFeh\u00e9rje: 3,7g<br \/>\nS\u00f3: 0,6g<\/p>\n","protected":false},"excerpt":{"rendered":"<p>&nbsp; R\u00e9szletes term\u00e9kel\u00edr\u00e1s Az indiai ginzeng n\u00e9ven is ismert ashwagandha, az ayurv\u00e9dikus hagyom\u00e1nyok szerint, az energia helyre\u00e1ll\u00edt\u00e1s\u00e1ra haszn\u00e1latos. Antioxid\u00e1ns, regener\u00e1l\u00f3 \u00e9s toniz\u00e1l\u00f3 tulajdons\u00e1gai miatt az ashwagandha por ide\u00e1lis \u00f6sszetev\u00f5 az \u00f6reged\u00e9sellenes b\u00f5r\u00e1pol\u00f3 k\u00e9sz\u00edtm\u00e9nyekbe. aminosavakat, witanoidokat, laktonokat, flavonoidokat tartalmaz kozmetikai \u00f6sszetev\u00f5k\u00e9nt az ashwagandha \u00f6reged\u00e9sg\u00e1tl\u00f3 \u00e9s \u00e9l\u00e9nk\u00edt\u00f5 tulajdons\u00e1gair\u00f3l ismert regener\u00e1l\u00f3 hat\u00e1s\u00fa, r\u00e9szt vesz a s\u00e9r\u00fclt b\u00f5rsz\u00f6vet hegesed\u00e9s\u00e9ben [&hellip;]<\/p>\n","protected":false},"featured_media":5845,"comment_status":"closed","ping_status":"open","template":"","meta":[],"product_cat":[95],"product_tag":[],"class_list":{"0":"post-5844","1":"product","2":"type-product","3":"status-publish","4":"has-post-thumbnail","6":"product_brand-prana","7":"product_cat-gyogynovenyek","9":"first","10":"instock","11":"purchasable","12":"product-type-simple"},"_links":{"self":[{"href":"https:\/\/vitamin.coredesign.hu\/index.php?rest_route=\/wp\/v2\/product\/5844","targetHints":{"allow":["GET"]}}],"collection":[{"href":"https:\/\/vitamin.coredesign.hu\/index.php?rest_route=\/wp\/v2\/product"}],"about":[{"href":"https:\/\/vitamin.coredesign.hu\/index.php?rest_route=\/wp\/v2\/types\/product"}],"replies":[{"embeddable":true,"href":"https:\/\/vitamin.coredesign.hu\/index.php?rest_route=%2Fwp%2Fv2%2Fcomments&post=5844"}],"wp:featuredmedia":[{"embeddable":true,"href":"https:\/\/vitamin.coredesign.hu\/index.php?rest_route=\/wp\/v2\/media\/5845"}],"wp:attachment":[{"href":"https:\/\/vitamin.coredesign.hu\/index.php?rest_route=%2Fwp%2Fv2%2Fmedia&parent=5844"}],"wp:term":[{"taxonomy":"product_cat","embeddable":true,"href":"https:\/\/vitamin.coredesign.hu\/index.php?rest_route=%2Fwp%2Fv2%2Fproduct_cat&post=5844"},{"taxonomy":"product_tag","embeddable":true,"href":"https:\/\/vitamin.coredesign.hu\/index.php?rest_route=%2Fwp%2Fv2%2Fproduct_tag&post=5844"}],"curies":[{"name":"wp","href":"https:\/\/api.w.org\/{rel}","templated":true}]}}