{"id":5840,"date":"2025-10-12T12:32:43","date_gmt":"2025-10-12T10:32:43","guid":{"rendered":"https:\/\/vitamin.coredesign.hu\/?product=prana-acai-por-60-g"},"modified":"2026-01-08T23:29:40","modified_gmt":"2026-01-08T22:29:40","slug":"prana-acai-por-60-g","status":"publish","type":"product","link":"https:\/\/vitamin.coredesign.hu\/?product=prana-acai-por-60-g","title":{"rendered":"Prana Acai Por 60 g"},"content":{"rendered":"<p>&nbsp;<\/p>\n<div id=\"lt-accessibility-devtools\" aria-hidden=\"true\"><\/div>\n<p>R\u00e9szletes term\u00e9kel\u00edr\u00e1s<br \/>\nAz acai por gazdag antioxid\u00e1nsokban, vitaminokban \u00e9s \u00e1sv\u00e1nyi anyagokban, amelyek t\u00e1mogatj\u00e1k az immunrendszert \u00e9s a b\u00f5r eg\u00e9szs\u00e9g\u00e9t. Haszn\u00e1ld smoothie-k, poh\u00e1rdesszertek vagy m\u00fczlik kieg\u00e9sz\u00edt\u00e9s\u00e9hez, \u00e9s \u00e9lvezd a Prana Acai por term\u00e9szetes \u00e9s t\u00e1pl\u00e1l\u00f3 erej\u00e9t minden nap! Fedezd fel az acai csod\u00e1latos vil\u00e1g\u00e1t, \u00e9s \u00e9ld az eg\u00e9szs\u00e9ges \u00e9s energikus \u00e9letet!\u00a0<br \/>\nHat\u00f3anyag\/: 1g acai por 10g gy\u00fcm\u00f6lcsnek felel meg<\/p>\n<p>\u00d6sszetev\u00f5k:\u00a090% acai kivonat, maltodextrin<br \/>\nEgy\u00e9b allerg\u00e9n inform\u00e1ci\u00f3:\u00a0Nyomokban f\u00f6ldimogyor\u00f3, di\u00f3f\u00e9l\u00e9k \u00e9s szez\u00e1mmag<br \/>\n\u00c1tlagos t\u00e1p\u00e9rt\u00e9k 100g term\u00e9kben:<br \/>\nEnergia: 1502kJ\/355kcal<br \/>\nZs\u00edr: 0,8g<br \/>\nAmelyb\u00f5l tel\u00edtett zs\u00edrsavak: 0g<br \/>\nSz\u00e9nhidr\u00e1t: 71,4g<br \/>\nAmelyb\u00f5l cukrok: 0g<br \/>\nFeh\u00e9rje: 8,1g<br \/>\nRost: 0g\u00a0<br \/>\nS\u00f3: 0,34g<\/p>\n","protected":false},"excerpt":{"rendered":"<p>&nbsp; R\u00e9szletes term\u00e9kel\u00edr\u00e1s Az acai por gazdag antioxid\u00e1nsokban, vitaminokban \u00e9s \u00e1sv\u00e1nyi anyagokban, amelyek t\u00e1mogatj\u00e1k az immunrendszert \u00e9s a b\u00f5r eg\u00e9szs\u00e9g\u00e9t. Haszn\u00e1ld smoothie-k, poh\u00e1rdesszertek vagy m\u00fczlik kieg\u00e9sz\u00edt\u00e9s\u00e9hez, \u00e9s \u00e9lvezd a Prana Acai por term\u00e9szetes \u00e9s t\u00e1pl\u00e1l\u00f3 erej\u00e9t minden nap! Fedezd fel az acai csod\u00e1latos vil\u00e1g\u00e1t, \u00e9s \u00e9ld az eg\u00e9szs\u00e9ges \u00e9s energikus \u00e9letet!\u00a0 Hat\u00f3anyag\/: 1g acai por [&hellip;]<\/p>\n","protected":false},"featured_media":5841,"comment_status":"closed","ping_status":"open","template":"","meta":[],"product_cat":[61],"product_tag":[],"class_list":{"0":"post-5840","1":"product","2":"type-product","3":"status-publish","4":"has-post-thumbnail","6":"product_brand-prana","7":"product_cat-etrend-kiegeszitok","9":"first","10":"instock","11":"purchasable","12":"product-type-simple"},"_links":{"self":[{"href":"https:\/\/vitamin.coredesign.hu\/index.php?rest_route=\/wp\/v2\/product\/5840","targetHints":{"allow":["GET"]}}],"collection":[{"href":"https:\/\/vitamin.coredesign.hu\/index.php?rest_route=\/wp\/v2\/product"}],"about":[{"href":"https:\/\/vitamin.coredesign.hu\/index.php?rest_route=\/wp\/v2\/types\/product"}],"replies":[{"embeddable":true,"href":"https:\/\/vitamin.coredesign.hu\/index.php?rest_route=%2Fwp%2Fv2%2Fcomments&post=5840"}],"wp:featuredmedia":[{"embeddable":true,"href":"https:\/\/vitamin.coredesign.hu\/index.php?rest_route=\/wp\/v2\/media\/5841"}],"wp:attachment":[{"href":"https:\/\/vitamin.coredesign.hu\/index.php?rest_route=%2Fwp%2Fv2%2Fmedia&parent=5840"}],"wp:term":[{"taxonomy":"product_cat","embeddable":true,"href":"https:\/\/vitamin.coredesign.hu\/index.php?rest_route=%2Fwp%2Fv2%2Fproduct_cat&post=5840"},{"taxonomy":"product_tag","embeddable":true,"href":"https:\/\/vitamin.coredesign.hu\/index.php?rest_route=%2Fwp%2Fv2%2Fproduct_tag&post=5840"}],"curies":[{"name":"wp","href":"https:\/\/api.w.org\/{rel}","templated":true}]}}