{"id":5838,"date":"2025-10-12T12:32:43","date_gmt":"2025-10-12T10:32:43","guid":{"rendered":"https:\/\/vitamin.coredesign.hu\/?product=nordvital-vas-biszglicinat-60-db-vegan-kapszula"},"modified":"2026-01-08T23:29:40","modified_gmt":"2026-01-08T22:29:40","slug":"nordvital-vas-biszglicinat-60-db-vegan-kapszula","status":"publish","type":"product","link":"https:\/\/vitamin.coredesign.hu\/?product=nordvital-vas-biszglicinat-60-db-vegan-kapszula","title":{"rendered":"Nordvital Vas-biszglicin\u00e1t 60 db veg\u00e1n kapszula"},"content":{"rendered":"<p>&nbsp;<\/p>\n<div id=\"lt-accessibility-devtools\" aria-hidden=\"true\"><\/div>\n<p>R\u00e9szletes term\u00e9kel\u00edr\u00e1s<br \/>\n?veg\u00e1n<br \/>\n? vas-p\u00f3tl\u00e1s<br \/>\n?\u00a0k\u00f6nnyen felsz\u00edv\u00f3d\u00f3 formula<br \/>\nNordvital Vas-biszglicin\u00e1t veg\u00e1n k\u00e9sz\u00edtm\u00e9nye kifejezetten azoknak sz\u00f3l, akik veg\u00e1n vagy veget\u00e1ri\u00e1nus \u00e9trendet k\u00f6vetnek, \u00e9s a vas sz\u00fcks\u00e9glet\u00fcket szeretn\u00e9k p\u00f3tolni. A biszglicin\u00e1t forma k\u00f6nnyen felsz\u00edv\u00f3dik, minimaliz\u00e1lva a potenci\u00e1lis em\u00e9szt\u00f5rendszeri kellemetlens\u00e9geket. A vas fontos szerepet j\u00e1tszik a v\u00e9rk\u00e9pz\u00e9sben \u00e9s az oxig\u00e9n sz\u00e1ll\u00edt\u00e1s\u00e1ban. V\u00e1lassza a Nordvital Vas-biszglicin\u00e1t Veg\u00e1nt a szervezet vasell\u00e1t\u00e1s\u00e1nak biztos\u00edt\u00e1s\u00e1\u00e9rt, mik\u00f6zben h\u00fb marad veg\u00e1n \u00e9letm\u00f3dj\u00e1hoz.<br \/>\nHat\u00f3anyag\/1 kapszula:<br \/>\nVas (vas-biszglicin\u00e1t) 28mg 200%<br \/>\nC-vitamin (magn\u00e9zium-L-aszkorb\u00e1t) 100mg 125%<br \/>\nB6-vitamin (piridox\u00e1l-5-foszf\u00e1t) 2mg 143%<br \/>\nB9-vitamin (kalcium-L-metil-fol\u00e1t) 400 ?g 200%<br \/>\nB12-vitamin (metilkobalamin) 50 ?g 2000%<br \/>\n\u00d6sszetev\u00f5k:\u00a0t\u00e9rfogatn\u00f6vel\u00f5 szer (mikrokrist\u00e1lyos cellul\u00f3z), vas-biszglicin\u00e1t, magn\u00e9zium-L-aszkorb\u00e1t, hidroxipropilmetil- cellul\u00f3z (veg\u00e1n kapszulatok), csom\u00f3sod\u00e1st g\u00e1tl\u00f3 (leucin aminosav), piridox\u00e1l-5-foszf\u00e1t, kalcium-L-metil-fol\u00e1t, metilkobalamin<br \/>\nAdagol\u00e1s:\u00a0Naponta 1 kapszula, \u00e9tkez\u00e9s ut\u00e1n<br \/>\nFigyelmeztet\u00e9s:\u00a0Az \u00e9trend-kieg\u00e9sz\u00edt\u00f5 fogyaszt\u00e1sa nem helyettes\u00edti a kiegyens\u00falyozott, v\u00e1ltozatos, vegyes \u00e9trendet \u00e9s az eg\u00e9szs\u00e9ges \u00e9letm\u00f3dot. A napi aj\u00e1nlott mennyis\u00e9get ne l\u00e9pje t\u00fal! Ne szedje a k\u00e9sz\u00edtm\u00e9nyt, ha az \u00f6sszetev\u00f5k b\u00e1rmelyik\u00e9re \u00e9rz\u00e9keny vagy allergi\u00e1s.<\/p>\n","protected":false},"excerpt":{"rendered":"<p>&nbsp; R\u00e9szletes term\u00e9kel\u00edr\u00e1s ?veg\u00e1n ? vas-p\u00f3tl\u00e1s ?\u00a0k\u00f6nnyen felsz\u00edv\u00f3d\u00f3 formula Nordvital Vas-biszglicin\u00e1t veg\u00e1n k\u00e9sz\u00edtm\u00e9nye kifejezetten azoknak sz\u00f3l, akik veg\u00e1n vagy veget\u00e1ri\u00e1nus \u00e9trendet k\u00f6vetnek, \u00e9s a vas sz\u00fcks\u00e9glet\u00fcket szeretn\u00e9k p\u00f3tolni. A biszglicin\u00e1t forma k\u00f6nnyen felsz\u00edv\u00f3dik, minimaliz\u00e1lva a potenci\u00e1lis em\u00e9szt\u00f5rendszeri kellemetlens\u00e9geket. A vas fontos szerepet j\u00e1tszik a v\u00e9rk\u00e9pz\u00e9sben \u00e9s az oxig\u00e9n sz\u00e1ll\u00edt\u00e1s\u00e1ban. V\u00e1lassza a Nordvital Vas-biszglicin\u00e1t Veg\u00e1nt a [&hellip;]<\/p>\n","protected":false},"featured_media":5839,"comment_status":"closed","ping_status":"open","template":"","meta":[],"product_cat":[73],"product_tag":[],"class_list":{"0":"post-5838","1":"product","2":"type-product","3":"status-publish","4":"has-post-thumbnail","6":"product_brand-nordvital","7":"product_cat-arvanyi-anyagok","9":"first","10":"instock","11":"purchasable","12":"product-type-simple"},"_links":{"self":[{"href":"https:\/\/vitamin.coredesign.hu\/index.php?rest_route=\/wp\/v2\/product\/5838","targetHints":{"allow":["GET"]}}],"collection":[{"href":"https:\/\/vitamin.coredesign.hu\/index.php?rest_route=\/wp\/v2\/product"}],"about":[{"href":"https:\/\/vitamin.coredesign.hu\/index.php?rest_route=\/wp\/v2\/types\/product"}],"replies":[{"embeddable":true,"href":"https:\/\/vitamin.coredesign.hu\/index.php?rest_route=%2Fwp%2Fv2%2Fcomments&post=5838"}],"wp:featuredmedia":[{"embeddable":true,"href":"https:\/\/vitamin.coredesign.hu\/index.php?rest_route=\/wp\/v2\/media\/5839"}],"wp:attachment":[{"href":"https:\/\/vitamin.coredesign.hu\/index.php?rest_route=%2Fwp%2Fv2%2Fmedia&parent=5838"}],"wp:term":[{"taxonomy":"product_cat","embeddable":true,"href":"https:\/\/vitamin.coredesign.hu\/index.php?rest_route=%2Fwp%2Fv2%2Fproduct_cat&post=5838"},{"taxonomy":"product_tag","embeddable":true,"href":"https:\/\/vitamin.coredesign.hu\/index.php?rest_route=%2Fwp%2Fv2%2Fproduct_tag&post=5838"}],"curies":[{"name":"wp","href":"https:\/\/api.w.org\/{rel}","templated":true}]}}