{"id":5836,"date":"2025-10-12T12:32:43","date_gmt":"2025-10-12T10:32:43","guid":{"rendered":"https:\/\/vitamin.coredesign.hu\/?product=nordvital-szerves-szelen-60-db-vegan-kapszula"},"modified":"2026-01-08T23:29:39","modified_gmt":"2026-01-08T22:29:39","slug":"nordvital-szerves-szelen-60-db-vegan-kapszula","status":"publish","type":"product","link":"https:\/\/vitamin.coredesign.hu\/?product=nordvital-szerves-szelen-60-db-vegan-kapszula","title":{"rendered":"Nordvital Szerves Szel\u00e9n 60 db veg\u00e1n kapszula"},"content":{"rendered":"<p>&nbsp;<\/p>\n<div id=\"lt-accessibility-devtools\" aria-hidden=\"true\"><\/div>\n<p>R\u00e9szletes term\u00e9kel\u00edr\u00e1s<br \/>\n?veg\u00e1n<br \/>\n?\u00a0antioxid\u00e1ns\u00a0<br \/>\n?\u00a0immunrendszer t\u00e1mogat\u00e1s<br \/>\n?\u00a0pajzsmirigy megfelel\u00f5 m\u00fbk\u00f6d\u00e9s<br \/>\nA Nordvital szerves veg\u00e1n szel\u00e9n-kieg\u00e9sz\u00edt\u00f5je kifejezetten tervezve lett azoknak, akik veg\u00e1n vagy veget\u00e1ri\u00e1nus \u00e9letm\u00f3dot k\u00f6vetnek. A szerves szel\u00e9n esszenci\u00e1lis \u00e1sv\u00e1nyi anyag, amely sz\u00e1mos biol\u00f3giai folyamatban j\u00e1tszik szerepet, bele\u00e9rtve az immunrendszer t\u00e1mogat\u00e1s\u00e1t \u00e9s az antioxid\u00e1ns v\u00e9delmet. Ez a veg\u00e1n formula biztos\u00edtja a szervezet sz\u00e1m\u00e1ra a sz\u00fcks\u00e9ges szel\u00e9nell\u00e1t\u00e1st, hozz\u00e1j\u00e1rulva az \u00e1ltal\u00e1nos eg\u00e9szs\u00e9g \u00e9s vitalit\u00e1s fenntart\u00e1s\u00e1hoz. V\u00e1lassza a Nordvital Szel\u00e9n Szerves Veg\u00e1nt a teljesk\u00f6r\u00fb t\u00e1pl\u00e1lkoz\u00e1si t\u00e1mogat\u00e1s\u00e9rt \u00e9s az eg\u00e9szs\u00e9ges \u00e9letvitel\u00e9rt!<br \/>\nHat\u00f3anyag\/1 kapszula:<br \/>\nSzel\u00e9n (L-szeleno-methioninb\u00f5l) 100 ?g 182%<br \/>\nSzel\u00e9n (szel\u00e9nes \u00e9leszt\u00f5b\u00f5l, 0.2% Se) 100 ?g 182%<br \/>\n\u00d6sszetev\u00f5k:\u00a0rizsliszt, hidroxipropil-metil-cellul\u00f3z (veg\u00e1n kapszulatok), szel\u00e9nes \u00e9leszt\u00f5, L-szeleno-methionin, csom\u00f3sod\u00e1st g\u00e1tl\u00f3 (leucin aminosav)<br \/>\nAdagol\u00e1s:\u00a0Naponta 1 kapszula, \u00e9tkez\u00e9s ut\u00e1n<br \/>\nFigyelmeztet\u00e9s:\u00a0Az \u00e9trend-kieg\u00e9sz\u00edt\u00f5 fogyaszt\u00e1sa nem helyettes\u00edti a kiegyens\u00falyozott, v\u00e1ltozatos, vegyes \u00e9trendet \u00e9s az eg\u00e9szs\u00e9ges \u00e9letm\u00f3dot. A napi aj\u00e1nlott mennyis\u00e9get ne l\u00e9pje t\u00fal! Ne szedje a k\u00e9sz\u00edtm\u00e9nyt, ha az \u00f6sszetev\u00f5k b\u00e1rmelyik\u00e9re \u00e9rz\u00e9keny vagy allergi\u00e1s.<\/p>\n","protected":false},"excerpt":{"rendered":"<p>&nbsp; R\u00e9szletes term\u00e9kel\u00edr\u00e1s ?veg\u00e1n ?\u00a0antioxid\u00e1ns\u00a0 ?\u00a0immunrendszer t\u00e1mogat\u00e1s ?\u00a0pajzsmirigy megfelel\u00f5 m\u00fbk\u00f6d\u00e9s A Nordvital szerves veg\u00e1n szel\u00e9n-kieg\u00e9sz\u00edt\u00f5je kifejezetten tervezve lett azoknak, akik veg\u00e1n vagy veget\u00e1ri\u00e1nus \u00e9letm\u00f3dot k\u00f6vetnek. A szerves szel\u00e9n esszenci\u00e1lis \u00e1sv\u00e1nyi anyag, amely sz\u00e1mos biol\u00f3giai folyamatban j\u00e1tszik szerepet, bele\u00e9rtve az immunrendszer t\u00e1mogat\u00e1s\u00e1t \u00e9s az antioxid\u00e1ns v\u00e9delmet. Ez a veg\u00e1n formula biztos\u00edtja a szervezet sz\u00e1m\u00e1ra a sz\u00fcks\u00e9ges [&hellip;]<\/p>\n","protected":false},"featured_media":5837,"comment_status":"closed","ping_status":"open","template":"","meta":[],"product_cat":[73],"product_tag":[],"class_list":{"0":"post-5836","1":"product","2":"type-product","3":"status-publish","4":"has-post-thumbnail","6":"product_brand-nordvital","7":"product_cat-arvanyi-anyagok","9":"first","10":"instock","11":"purchasable","12":"product-type-simple"},"_links":{"self":[{"href":"https:\/\/vitamin.coredesign.hu\/index.php?rest_route=\/wp\/v2\/product\/5836","targetHints":{"allow":["GET"]}}],"collection":[{"href":"https:\/\/vitamin.coredesign.hu\/index.php?rest_route=\/wp\/v2\/product"}],"about":[{"href":"https:\/\/vitamin.coredesign.hu\/index.php?rest_route=\/wp\/v2\/types\/product"}],"replies":[{"embeddable":true,"href":"https:\/\/vitamin.coredesign.hu\/index.php?rest_route=%2Fwp%2Fv2%2Fcomments&post=5836"}],"wp:featuredmedia":[{"embeddable":true,"href":"https:\/\/vitamin.coredesign.hu\/index.php?rest_route=\/wp\/v2\/media\/5837"}],"wp:attachment":[{"href":"https:\/\/vitamin.coredesign.hu\/index.php?rest_route=%2Fwp%2Fv2%2Fmedia&parent=5836"}],"wp:term":[{"taxonomy":"product_cat","embeddable":true,"href":"https:\/\/vitamin.coredesign.hu\/index.php?rest_route=%2Fwp%2Fv2%2Fproduct_cat&post=5836"},{"taxonomy":"product_tag","embeddable":true,"href":"https:\/\/vitamin.coredesign.hu\/index.php?rest_route=%2Fwp%2Fv2%2Fproduct_tag&post=5836"}],"curies":[{"name":"wp","href":"https:\/\/api.w.org\/{rel}","templated":true}]}}