{"id":5834,"date":"2025-10-12T12:32:43","date_gmt":"2025-10-12T10:32:43","guid":{"rendered":"https:\/\/vitamin.coredesign.hu\/?product=nordvital-shilajit-60-db"},"modified":"2026-01-08T23:29:38","modified_gmt":"2026-01-08T22:29:38","slug":"nordvital-shilajit-60-db","status":"publish","type":"product","link":"https:\/\/vitamin.coredesign.hu\/?product=nordvital-shilajit-60-db","title":{"rendered":"Nordvital Shilajit 60 db"},"content":{"rendered":"<p>&nbsp;<\/p>\n<div id=\"lt-accessibility-devtools\" aria-hidden=\"true\"><\/div>\n<p>R\u00e9szletes term\u00e9kel\u00edr\u00e1s<br \/>\nA shilajit egy term\u00e9szetes \u00e9trend-kieg\u00e9sz\u00edt\u00f5, amelyet gyakran haszn\u00e1lnak az \u00e1jurv\u00e9dikus gy\u00f3gy\u00e1szatban. F\u00f5k\u00e9nt a Himal\u00e1ja hegys\u00e9gb\u00f5l sz\u00e1rmazik, ahol a n\u00f6v\u00e9nyi anyagok \u00e9vezredek alatt lassan lebomlanak \u00e9s \u00e1sv\u00e1nyi anyagokban gazdag gyantaszer\u00fb anyagg\u00e1 alakulnak. A shilajit kiv\u00e1l\u00f3 forr\u00e1sa az antioxid\u00e1nsoknak \u00e9s az \u00e1sv\u00e1nyi anyagoknak, k\u00fcl\u00f6n\u00f6sen a fulvosavnak \u00e9s a huminsavnak, amelyek hozz\u00e1j\u00e1rulhatnak az energiaszint n\u00f6vel\u00e9s\u00e9hez \u00e9s az immunrendszer t\u00e1mogat\u00e1s\u00e1hoz. Ezenk\u00edv\u00fcl jav\u00edthatja a kognit\u00edv funkci\u00f3kat \u00e9s a fizikai \u00e1ll\u00f3k\u00e9pess\u00e9get is.<br \/>\nHat\u00f3anyag\/1 kapszula:<br \/>\nShilajit kivonat 250 mg<br \/>\nebb\u00f5l fulvonsavak \u00e9s huminsavak 125 mg<br \/>\n\u00d6sszetev\u00f5k:\u00a0Shilajit kivonat, rizsliszt, hidroxipropil-metilcellul\u00f3z (veg\u00e1n kapszulatok), csom\u00f3sod\u00e1st g\u00e1tl\u00f3 anyag: leucin<br \/>\nAdagol\u00e1s:\u00a0Napi 1 kapszula<br \/>\nFigyelmeztet\u00e9s:\u00a0A term\u00e9ket tartsa gyermekekt\u00f5l elz\u00e1rva! A napi aj\u00e1nlott mennyis\u00e9get ne l\u00e9pje t\u00fal! Az\u00a0\u00e9trend-kieg\u00e9sz\u00edt\u00f5 nem helyettes\u00edti a kiegyens\u00falyozott, v\u00e1ltozatos \u00e9trendet \u00e9s az eg\u00e9szs\u00e9ges \u00e9letm\u00f3dot<\/p>\n","protected":false},"excerpt":{"rendered":"<p>&nbsp; R\u00e9szletes term\u00e9kel\u00edr\u00e1s A shilajit egy term\u00e9szetes \u00e9trend-kieg\u00e9sz\u00edt\u00f5, amelyet gyakran haszn\u00e1lnak az \u00e1jurv\u00e9dikus gy\u00f3gy\u00e1szatban. F\u00f5k\u00e9nt a Himal\u00e1ja hegys\u00e9gb\u00f5l sz\u00e1rmazik, ahol a n\u00f6v\u00e9nyi anyagok \u00e9vezredek alatt lassan lebomlanak \u00e9s \u00e1sv\u00e1nyi anyagokban gazdag gyantaszer\u00fb anyagg\u00e1 alakulnak. A shilajit kiv\u00e1l\u00f3 forr\u00e1sa az antioxid\u00e1nsoknak \u00e9s az \u00e1sv\u00e1nyi anyagoknak, k\u00fcl\u00f6n\u00f6sen a fulvosavnak \u00e9s a huminsavnak, amelyek hozz\u00e1j\u00e1rulhatnak az energiaszint n\u00f6vel\u00e9s\u00e9hez [&hellip;]<\/p>\n","protected":false},"featured_media":5835,"comment_status":"closed","ping_status":"open","template":"","meta":[],"product_cat":[61],"product_tag":[],"class_list":{"0":"post-5834","1":"product","2":"type-product","3":"status-publish","4":"has-post-thumbnail","6":"product_brand-nordvital","7":"product_cat-etrend-kiegeszitok","9":"first","10":"instock","11":"purchasable","12":"product-type-simple"},"_links":{"self":[{"href":"https:\/\/vitamin.coredesign.hu\/index.php?rest_route=\/wp\/v2\/product\/5834","targetHints":{"allow":["GET"]}}],"collection":[{"href":"https:\/\/vitamin.coredesign.hu\/index.php?rest_route=\/wp\/v2\/product"}],"about":[{"href":"https:\/\/vitamin.coredesign.hu\/index.php?rest_route=\/wp\/v2\/types\/product"}],"replies":[{"embeddable":true,"href":"https:\/\/vitamin.coredesign.hu\/index.php?rest_route=%2Fwp%2Fv2%2Fcomments&post=5834"}],"wp:featuredmedia":[{"embeddable":true,"href":"https:\/\/vitamin.coredesign.hu\/index.php?rest_route=\/wp\/v2\/media\/5835"}],"wp:attachment":[{"href":"https:\/\/vitamin.coredesign.hu\/index.php?rest_route=%2Fwp%2Fv2%2Fmedia&parent=5834"}],"wp:term":[{"taxonomy":"product_cat","embeddable":true,"href":"https:\/\/vitamin.coredesign.hu\/index.php?rest_route=%2Fwp%2Fv2%2Fproduct_cat&post=5834"},{"taxonomy":"product_tag","embeddable":true,"href":"https:\/\/vitamin.coredesign.hu\/index.php?rest_route=%2Fwp%2Fv2%2Fproduct_tag&post=5834"}],"curies":[{"name":"wp","href":"https:\/\/api.w.org\/{rel}","templated":true}]}}