{"id":5832,"date":"2025-10-12T12:32:43","date_gmt":"2025-10-12T10:32:43","guid":{"rendered":"https:\/\/vitamin.coredesign.hu\/?product=nordvital-omega-3-halolaj-60-db"},"modified":"2026-01-08T23:29:37","modified_gmt":"2026-01-08T22:29:37","slug":"nordvital-omega-3-halolaj-60-db","status":"publish","type":"product","link":"https:\/\/vitamin.coredesign.hu\/?product=nordvital-omega-3-halolaj-60-db","title":{"rendered":"Nordvital Omega-3 Halolaj 60 db"},"content":{"rendered":"<p>&nbsp;<\/p>\n<div id=\"lt-accessibility-devtools\" aria-hidden=\"true\"><\/div>\n<p>R\u00e9szletes term\u00e9kel\u00edr\u00e1s<br \/>\nOmega-3 k\u00e9sz\u00edtm\u00e9ny\u00fcnk Peru t\u00e9rs\u00e9g\u00e9ben hal\u00e1szott, szabadon \u00e9l\u00f5, m\u00e9lytengeri apr\u00f3halakb\u00f3l k\u00e9sz\u00fclt. Az EPA \u00e9s DHA hozz\u00e1j\u00e1rul a sz\u00edv norm\u00e1l m\u00fbk\u00f6d\u00e9s\u00e9hez.(1) A DHA hozz\u00e1j\u00e1rul a norm\u00e1l agym\u00fbk\u00f6d\u00e9s \u00e9s l\u00e1t\u00e1s fenntart\u00e1s\u00e1hoz.(2) A dokozaxexa\u00e9nsav (DHA) anyai bevitele hozz\u00e1j\u00e1rul a magzat \u00e9s a szoptatott csecsem\u00f5k norm\u00e1lis szem- \u00e9s agyfejl\u00f5d\u00e9s\u00e9hez.(3)<br \/>\n(1)A kedvez\u00f5 hat\u00e1s 250 mg EPA \u00e9s DHA napi bevitel\u00e9vel \u00e9rhet\u00f5 el.<br \/>\n(2)A kedvez\u00f5 hat\u00e1s 250 mg DHA napi bevitel\u00e9vel \u00e9rhet\u00f5 el.<br \/>\n(3)A kedvez\u00f5 hat\u00e1s 200 mg DHA napi bevitel\u00e9vel \u00e9rhet\u00f5 el.<br \/>\nHat\u00f3anyag\/1 vagy 2 kapszula:<br \/>\nHalolaj 1000 mg 2000 mg<br \/>\namelyb\u00f5l EPA 360 mg 720 mg<br \/>\namelyb\u00f5l DHA 240 mg 480 mg<br \/>\n\u00d6sszetev\u00f5k:\u00a0halolaj (TG &#8211; Triglicerid forma perui m\u00e9lytengeri halakb\u00f3l), kapszulah\u00e9j (zselatin, glicerin, tiszt\u00edtott v\u00edz)<br \/>\nAdagol\u00e1s:\u00a0Napi 1-2 kapszula<br \/>\nFigyelmeztet\u00e9s:\u00a0A term\u00e9ket tartsa gyermekekt\u00f5l elz\u00e1rva! A napi aj\u00e1nlott mennyis\u00e9get ne l\u00e9pje t\u00fal! Az\u00a0\u00e9trend-kieg\u00e9sz\u00edt\u00f5 nem helyettes\u00edti a kiegyens\u00falyozott, v\u00e1ltozatos \u00e9trendet \u00e9s az eg\u00e9szs\u00e9ges \u00e9letm\u00f3dot<\/p>\n","protected":false},"excerpt":{"rendered":"<p>&nbsp; R\u00e9szletes term\u00e9kel\u00edr\u00e1s Omega-3 k\u00e9sz\u00edtm\u00e9ny\u00fcnk Peru t\u00e9rs\u00e9g\u00e9ben hal\u00e1szott, szabadon \u00e9l\u00f5, m\u00e9lytengeri apr\u00f3halakb\u00f3l k\u00e9sz\u00fclt. Az EPA \u00e9s DHA hozz\u00e1j\u00e1rul a sz\u00edv norm\u00e1l m\u00fbk\u00f6d\u00e9s\u00e9hez.(1) A DHA hozz\u00e1j\u00e1rul a norm\u00e1l agym\u00fbk\u00f6d\u00e9s \u00e9s l\u00e1t\u00e1s fenntart\u00e1s\u00e1hoz.(2) A dokozaxexa\u00e9nsav (DHA) anyai bevitele hozz\u00e1j\u00e1rul a magzat \u00e9s a szoptatott csecsem\u00f5k norm\u00e1lis szem- \u00e9s agyfejl\u00f5d\u00e9s\u00e9hez.(3) (1)A kedvez\u00f5 hat\u00e1s 250 mg EPA \u00e9s DHA [&hellip;]<\/p>\n","protected":false},"featured_media":5833,"comment_status":"closed","ping_status":"open","template":"","meta":[],"product_cat":[79],"product_tag":[],"class_list":{"0":"post-5832","1":"product","2":"type-product","3":"status-publish","4":"has-post-thumbnail","6":"product_brand-nordvital","7":"product_cat-aminosavak","9":"first","10":"instock","11":"purchasable","12":"product-type-simple"},"_links":{"self":[{"href":"https:\/\/vitamin.coredesign.hu\/index.php?rest_route=\/wp\/v2\/product\/5832","targetHints":{"allow":["GET"]}}],"collection":[{"href":"https:\/\/vitamin.coredesign.hu\/index.php?rest_route=\/wp\/v2\/product"}],"about":[{"href":"https:\/\/vitamin.coredesign.hu\/index.php?rest_route=\/wp\/v2\/types\/product"}],"replies":[{"embeddable":true,"href":"https:\/\/vitamin.coredesign.hu\/index.php?rest_route=%2Fwp%2Fv2%2Fcomments&post=5832"}],"wp:featuredmedia":[{"embeddable":true,"href":"https:\/\/vitamin.coredesign.hu\/index.php?rest_route=\/wp\/v2\/media\/5833"}],"wp:attachment":[{"href":"https:\/\/vitamin.coredesign.hu\/index.php?rest_route=%2Fwp%2Fv2%2Fmedia&parent=5832"}],"wp:term":[{"taxonomy":"product_cat","embeddable":true,"href":"https:\/\/vitamin.coredesign.hu\/index.php?rest_route=%2Fwp%2Fv2%2Fproduct_cat&post=5832"},{"taxonomy":"product_tag","embeddable":true,"href":"https:\/\/vitamin.coredesign.hu\/index.php?rest_route=%2Fwp%2Fv2%2Fproduct_tag&post=5832"}],"curies":[{"name":"wp","href":"https:\/\/api.w.org\/{rel}","templated":true}]}}