{"id":5830,"date":"2025-10-12T12:32:43","date_gmt":"2025-10-12T10:32:43","guid":{"rendered":"https:\/\/vitamin.coredesign.hu\/?product=nordvital-nac-60-db"},"modified":"2026-01-08T23:29:36","modified_gmt":"2026-01-08T22:29:36","slug":"nordvital-nac-60-db","status":"publish","type":"product","link":"https:\/\/vitamin.coredesign.hu\/?product=nordvital-nac-60-db","title":{"rendered":"Nordvital NAC 60 db"},"content":{"rendered":"<p>&nbsp;<\/p>\n<div id=\"lt-accessibility-devtools\" aria-hidden=\"true\"><\/div>\n<p>R\u00e9szletes term\u00e9kel\u00edr\u00e1s<br \/>\nFedezze fel az NAC-ban (N-Acetil-Ciszteinben) rejl\u00f5 lehet\u00f5s\u00e9geket k\u00edv\u00e1l\u00f3 min\u00f5s\u00e9g\u00fb kapszul\u00e1inkkal! Minden egyes kapszula 600 mg NAC-ot tartalmaz, mely GMP min\u00f5s\u00edtett gy\u00e1rt\u00f3\u00fczemben ker\u00fcl legy\u00e1rt\u00e1sra, \u00edgy biztos\u00edtva a legmagasabb min\u00f5s\u00e9gi ig\u00e9nyeknek val\u00f3 megfelel\u00e9st.<br \/>\nHat\u00f3anyag\/1 kapszula:<br \/>\nN-Acetil-Cisztein 600 mg<br \/>\n\u00d6sszetev\u00f5k:\u00a0N-Acetil-Cisztein, hidroxipropil-metilcellul\u00f3z (veg\u00e1n kapszulatok), csom\u00f3sod\u00e1st g\u00e1tl\u00f3 anyag: leucin<br \/>\nAdagol\u00e1s:\u00a0Napi 1 kapszula<br \/>\nFigyelmeztet\u00e9s:\u00a0A term\u00e9ket tartsa gyermekekt\u00f5l elz\u00e1rva! A napi aj\u00e1nlott mennyis\u00e9get ne l\u00e9pje t\u00fal! Az\u00a0\u00e9trend-kieg\u00e9sz\u00edt\u00f5 nem helyettes\u00edti a kiegyens\u00falyozott, v\u00e1ltozatos \u00e9trendet \u00e9s az eg\u00e9szs\u00e9ges \u00e9letm\u00f3dot<\/p>\n","protected":false},"excerpt":{"rendered":"<p>&nbsp; R\u00e9szletes term\u00e9kel\u00edr\u00e1s Fedezze fel az NAC-ban (N-Acetil-Ciszteinben) rejl\u00f5 lehet\u00f5s\u00e9geket k\u00edv\u00e1l\u00f3 min\u00f5s\u00e9g\u00fb kapszul\u00e1inkkal! Minden egyes kapszula 600 mg NAC-ot tartalmaz, mely GMP min\u00f5s\u00edtett gy\u00e1rt\u00f3\u00fczemben ker\u00fcl legy\u00e1rt\u00e1sra, \u00edgy biztos\u00edtva a legmagasabb min\u00f5s\u00e9gi ig\u00e9nyeknek val\u00f3 megfelel\u00e9st. Hat\u00f3anyag\/1 kapszula: N-Acetil-Cisztein 600 mg \u00d6sszetev\u00f5k:\u00a0N-Acetil-Cisztein, hidroxipropil-metilcellul\u00f3z (veg\u00e1n kapszulatok), csom\u00f3sod\u00e1st g\u00e1tl\u00f3 anyag: leucin Adagol\u00e1s:\u00a0Napi 1 kapszula Figyelmeztet\u00e9s:\u00a0A term\u00e9ket tartsa gyermekekt\u00f5l elz\u00e1rva! [&hellip;]<\/p>\n","protected":false},"featured_media":5831,"comment_status":"closed","ping_status":"open","template":"","meta":[],"product_cat":[61],"product_tag":[],"class_list":{"0":"post-5830","1":"product","2":"type-product","3":"status-publish","4":"has-post-thumbnail","6":"product_brand-nordvital","7":"product_cat-etrend-kiegeszitok","9":"first","10":"instock","11":"purchasable","12":"product-type-simple"},"_links":{"self":[{"href":"https:\/\/vitamin.coredesign.hu\/index.php?rest_route=\/wp\/v2\/product\/5830","targetHints":{"allow":["GET"]}}],"collection":[{"href":"https:\/\/vitamin.coredesign.hu\/index.php?rest_route=\/wp\/v2\/product"}],"about":[{"href":"https:\/\/vitamin.coredesign.hu\/index.php?rest_route=\/wp\/v2\/types\/product"}],"replies":[{"embeddable":true,"href":"https:\/\/vitamin.coredesign.hu\/index.php?rest_route=%2Fwp%2Fv2%2Fcomments&post=5830"}],"wp:featuredmedia":[{"embeddable":true,"href":"https:\/\/vitamin.coredesign.hu\/index.php?rest_route=\/wp\/v2\/media\/5831"}],"wp:attachment":[{"href":"https:\/\/vitamin.coredesign.hu\/index.php?rest_route=%2Fwp%2Fv2%2Fmedia&parent=5830"}],"wp:term":[{"taxonomy":"product_cat","embeddable":true,"href":"https:\/\/vitamin.coredesign.hu\/index.php?rest_route=%2Fwp%2Fv2%2Fproduct_cat&post=5830"},{"taxonomy":"product_tag","embeddable":true,"href":"https:\/\/vitamin.coredesign.hu\/index.php?rest_route=%2Fwp%2Fv2%2Fproduct_tag&post=5830"}],"curies":[{"name":"wp","href":"https:\/\/api.w.org\/{rel}","templated":true}]}}