{"id":5828,"date":"2025-10-12T12:32:43","date_gmt":"2025-10-12T10:32:43","guid":{"rendered":"https:\/\/vitamin.coredesign.hu\/?product=nordvital-myo-inozitol-por-120-g-60-adag"},"modified":"2026-01-08T23:29:35","modified_gmt":"2026-01-08T22:29:35","slug":"nordvital-myo-inozitol-por-120-g-60-adag","status":"publish","type":"product","link":"https:\/\/vitamin.coredesign.hu\/?product=nordvital-myo-inozitol-por-120-g-60-adag","title":{"rendered":"Nordvital Myo-Inozitol por 120 g 60 adag"},"content":{"rendered":"<p>&nbsp;<\/p>\n<div id=\"lt-accessibility-devtools\" aria-hidden=\"true\"><\/div>\n<p>R\u00e9szletes term\u00e9kel\u00edr\u00e1s<br \/>\n?veg\u00e1n<br \/>\n? hormon\u00e1lis egyens\u00faly<br \/>\n? t\u00e1mogatja a n\u00f5i reprodukt\u00edv eg\u00e9szs\u00e9get<br \/>\n? jav\u00edtja a hangulatot<br \/>\nMyo-Inozitol egy t\u00edpus\u00fa inozitol, ami egy B-vitaminhoz hasonl\u00f3 anyag. Az inozitolok csoportj\u00e1ba tartozik, \u00e9s a szervezet sz\u00e1m\u00e1ra l\u00e9tfontoss\u00e1g\u00fa vegy\u00fclet. A myo-inozitol k\u00fcl\u00f6n\u00f6sen fontos szerepet j\u00e1tszik a sejtek membr\u00e1njainak integr\u00e1ci\u00f3j\u00e1ban \u00e9s a jel\u00e1tvitelben. N\u00e9h\u00e1ny kulcsfontoss\u00e1g\u00fa tulajdons\u00e1g \u00e9s alkalmaz\u00e1sa a k\u00f6vetkez\u00f5k lehetnek:<br \/>\nPCOS kezel\u00e9s\u00e9ben: A myo-inositol hat\u00e9kony a policiszt\u00e1s ov\u00e1rium szindr\u00f3ma (PCOS) kezel\u00e9s\u00e9ben. A PCOS egy olyan \u00e1llapot, amely n\u00f5kn\u00e9l hormon\u00e1lis egyens\u00falyhi\u00e1nyt \u00e9s olyan t\u00fcneteket okozhat, mint a rendszertelen menstru\u00e1ci\u00f3 \u00e9s a petef\u00e9szek ciszt\u00e1k kialakul\u00e1sa.<br \/>\nTerm\u00e9kenys\u00e9g t\u00e1mogat\u00e1sa: A myo-inositolnak pozit\u00edv hat\u00e1sa lehet a n\u00f5i term\u00e9kenys\u00e9gre. Kutat\u00e1sok szerint a myo-inositol szed\u00e9se jav\u00edtani a pete\u00e9r\u00e9si folyamatot \u00e9s n\u00f6velheti a fogamz\u00e1si es\u00e9lyeket.<br \/>\nHangulat \u00e9s ment\u00e1lis eg\u00e9szs\u00e9g: A myo-inozitol r\u00e9szt vesz az agy neurotranszmittereinek termel\u00e9s\u00e9ben, amely szerepet j\u00e1tszik a hangulat szab\u00e1lyoz\u00e1s\u00e1ban. Ez\u00e9rt n\u00e9h\u00e1ny esetben alkalmazhat\u00f3 a hangulati zavarok, p\u00e9ld\u00e1ul a depresszi\u00f3 vagy az obszessz\u00edv-kompulz\u00edv zavar (OCD) t\u00e1mogat\u00e1s\u00e1ra. Inzulin\u00e9rz\u00e9kenys\u00e9g:<br \/>\nA myo-inositolnak pozit\u00edv hat\u00e1sa lehet az inzulin\u00e9rz\u00e9kenys\u00e9g jav\u00edt\u00e1s\u00e1ban, ami fontos lehet a cukorbetegs\u00e9g kezel\u00e9s\u00e9ben \u00e9s a metabolikus eg\u00e9szs\u00e9g t\u00e1mogat\u00e1s\u00e1ban.<br \/>\nHat\u00f3anyag\/2g\u00a0:<br \/>\nMyo-inozitol 2000mg<br \/>\n\u00d6sszetev\u00f5k:\u00a0100% Myo-Inozitol por<br \/>\nAdagol\u00e1s:\u00a0Naponta 2g (kb. egy te\u00e1skan\u00e1lnyi) oldjon fel egy poh\u00e1r v\u00edzben vagy egy\u00e9b folyad\u00e9kban, \u00e9s igya meg.<br \/>\nFigyelmeztet\u00e9s:\u00a0Az \u00e9trend-kieg\u00e9sz\u00edt\u00f5 fogyaszt\u00e1s nem helyettes\u00edti a kiegyens\u00falyozott, v\u00e1ltozatos, vegyes \u00e9trendet \u00e9s az eg\u00e9szs\u00e9ges \u00e9letm\u00f3dot. A k\u00e9sz\u00edtm\u00e9nyt tartsa gyermekekt\u00f5l elz\u00e1rva! A napi aj\u00e1nlott mennyis\u00e9get ne l\u00e9pje t\u00fal! Ne szedje a k\u00e9sz\u00edtm\u00e9nyt, ha az \u00f6sszetev\u00f5k \u00e9rz\u00e9keny vagy allergi\u00e1s!<\/p>\n","protected":false},"excerpt":{"rendered":"<p>&nbsp; R\u00e9szletes term\u00e9kel\u00edr\u00e1s ?veg\u00e1n ? hormon\u00e1lis egyens\u00faly ? t\u00e1mogatja a n\u00f5i reprodukt\u00edv eg\u00e9szs\u00e9get ? jav\u00edtja a hangulatot Myo-Inozitol egy t\u00edpus\u00fa inozitol, ami egy B-vitaminhoz hasonl\u00f3 anyag. Az inozitolok csoportj\u00e1ba tartozik, \u00e9s a szervezet sz\u00e1m\u00e1ra l\u00e9tfontoss\u00e1g\u00fa vegy\u00fclet. A myo-inozitol k\u00fcl\u00f6n\u00f6sen fontos szerepet j\u00e1tszik a sejtek membr\u00e1njainak integr\u00e1ci\u00f3j\u00e1ban \u00e9s a jel\u00e1tvitelben. N\u00e9h\u00e1ny kulcsfontoss\u00e1g\u00fa tulajdons\u00e1g \u00e9s alkalmaz\u00e1sa a [&hellip;]<\/p>\n","protected":false},"featured_media":5829,"comment_status":"closed","ping_status":"open","template":"","meta":[],"product_cat":[61],"product_tag":[],"class_list":{"0":"post-5828","1":"product","2":"type-product","3":"status-publish","4":"has-post-thumbnail","6":"product_brand-nordvital","7":"product_cat-etrend-kiegeszitok","9":"first","10":"instock","11":"purchasable","12":"product-type-simple"},"_links":{"self":[{"href":"https:\/\/vitamin.coredesign.hu\/index.php?rest_route=\/wp\/v2\/product\/5828","targetHints":{"allow":["GET"]}}],"collection":[{"href":"https:\/\/vitamin.coredesign.hu\/index.php?rest_route=\/wp\/v2\/product"}],"about":[{"href":"https:\/\/vitamin.coredesign.hu\/index.php?rest_route=\/wp\/v2\/types\/product"}],"replies":[{"embeddable":true,"href":"https:\/\/vitamin.coredesign.hu\/index.php?rest_route=%2Fwp%2Fv2%2Fcomments&post=5828"}],"wp:featuredmedia":[{"embeddable":true,"href":"https:\/\/vitamin.coredesign.hu\/index.php?rest_route=\/wp\/v2\/media\/5829"}],"wp:attachment":[{"href":"https:\/\/vitamin.coredesign.hu\/index.php?rest_route=%2Fwp%2Fv2%2Fmedia&parent=5828"}],"wp:term":[{"taxonomy":"product_cat","embeddable":true,"href":"https:\/\/vitamin.coredesign.hu\/index.php?rest_route=%2Fwp%2Fv2%2Fproduct_cat&post=5828"},{"taxonomy":"product_tag","embeddable":true,"href":"https:\/\/vitamin.coredesign.hu\/index.php?rest_route=%2Fwp%2Fv2%2Fproduct_tag&post=5828"}],"curies":[{"name":"wp","href":"https:\/\/api.w.org\/{rel}","templated":true}]}}