{"id":5824,"date":"2025-10-12T12:32:43","date_gmt":"2025-10-12T10:32:43","guid":{"rendered":"https:\/\/vitamin.coredesign.hu\/?product=nordvital-mct-olaj-500-ml"},"modified":"2026-01-08T23:29:33","modified_gmt":"2026-01-08T22:29:33","slug":"nordvital-mct-olaj-500-ml","status":"publish","type":"product","link":"https:\/\/vitamin.coredesign.hu\/?product=nordvital-mct-olaj-500-ml","title":{"rendered":"Nordvital MCT Olaj 500 ml"},"content":{"rendered":"<p>&nbsp;<\/p>\n<div id=\"lt-accessibility-devtools\" aria-hidden=\"true\"><\/div>\n<p>R\u00e9szletes term\u00e9kel\u00edr\u00e1s<br \/>\n?veg\u00e1n<br \/>\n? gyors energiaforr\u00e1s<br \/>\n? t\u00e1mogatja az \u00e9bers\u00e9get<br \/>\n? term\u00e9szetes \u00f6sszetev\u00f5k<br \/>\nAz MCT olajunk kiz\u00e1r\u00f3lag fenntarthat\u00f3 gazdas\u00e1gb\u00f3l sz\u00e1rmaz\u00f3, RSPO min\u00f5s\u00edt\u00e9s\u00fb p\u00e1lmaolaj kivonatb\u00f3l el\u00f5\u00e1ll\u00edtott k\u00f6zepes l\u00e1nc\u00fa zs\u00edrsavak (MCT) gazdag forr\u00e1s\u00e1t k\u00edn\u00e1lja. A k\u00f6zepes l\u00e1nc\u00fa zs\u00edrsavak, mint az energiatermel\u00e9s kulcsfontoss\u00e1g\u00fa elemei, a ketontestek form\u00e1j\u00e1ban gyorsan felszabadul\u00f3 energi\u00e1t biztos\u00edtanak, t\u00e1mogatva ezzel a test \u00e9s az elme \u00e9bers\u00e9g\u00e9t \u00e9s vitalit\u00e1s\u00e1t.<br \/>\nTerm\u00e9k\u00fcnk a kapril- \u00e9s a kaprinsav ide\u00e1lis kombin\u00e1ci\u00f3j\u00e1t tartalmazza, amelyek ismertek a legt\u00f6bb ketontestet szolg\u00e1ltat\u00f3 k\u00e9pess\u00e9g\u00fckr\u00f5l, \u00edgy biztos\u00edtva a gyors \u00e9s hat\u00e9kony energiaszint n\u00f6vel\u00e9st. Ezek a k\u00fcl\u00f6nleges zs\u00edrsavak el\u00f5ny\u00f6sebbek a gyakran haszn\u00e1lt laurinsavval szemben, amely kevesebb ketontestet termel, \u00e9s amely a k\u00f3kuszzs\u00edr f\u00f5 \u00f6sszetev\u00f5je.<br \/>\nAz Energiz\u00e1l\u00f3 MCT Olajunk t\u00f6k\u00e9letes v\u00e1laszt\u00e1s azok sz\u00e1m\u00e1ra, akik tiszta \u00e9s fenntarthat\u00f3 forr\u00e1sb\u00f3l sz\u00e1rmaz\u00f3 energi\u00e1t keresnek, legyen sz\u00f3 sportol\u00f3kr\u00f3l, akt\u00edv \u00e9letm\u00f3dot folytat\u00f3kr\u00f3l, vagy csak azokr\u00f3l, akik szeretn\u00e9k n\u00f6velni ment\u00e1lis \u00e9bers\u00e9g\u00fcket \u00e9s koncentr\u00e1ci\u00f3s k\u00e9pess\u00e9g\u00fcket. A p\u00e1lmaolajb\u00f3l kinyert MCT-olajunk nem csak a testet, de a k\u00f6rnyezetet is t\u00e1mogatja, hiszen kiz\u00e1r\u00f3lag fenntarthat\u00f3 gazd\u00e1lkod\u00e1sb\u00f3l sz\u00e1rmaz\u00f3 forr\u00e1sokb\u00f3l \u00e1ll\u00edtjuk el\u00f5.<br \/>\n\u00c9lvezze az Energiz\u00e1l\u00f3 MCT Olaj \u00e1ltal ny\u00fajtott tiszta \u00e9s fenntarthat\u00f3 energi\u00e1t, amely seg\u00edt fenntartani az \u00e9bers\u00e9get \u00e9s vitalit\u00e1st, mik\u00f6zben t\u00e1mogatja a fenntarthat\u00f3 gazd\u00e1lkod\u00e1st.<\/p>\n<p>\u00d6sszetev\u00f5k:\u00a0100% MCT olaj (RSPO min\u00f5s\u00edtett p\u00e1lmaolajb\u00f3l<br \/>\nAdagol\u00e1s:\u00a0Mag\u00e1ban, sal\u00e1t\u00e1ra, vagy \u00e9teleinkre is tehet\u00fcnk bel\u00f5le, de ne s\u00fcss\u00fcnk benne! Egyszerre 10ml-t fogyasszunk, nagyobb mennyis\u00e9gben hasmen\u00e9st okozhat!<br \/>\nFigyelmeztet\u00e9s:\u00a0Az \u00e9trend-kieg\u00e9sz\u00edt\u00f5 fogyaszt\u00e1sa nem helyettes\u00edti a\u00a0kiegyens\u00falyozott, v\u00e1ltozatos, vegyes \u00e9trendet \u00e9s az eg\u00e9szs\u00e9ges \u00e9letm\u00f3dot. A\u00a0napi aj\u00e1nlott mennyis\u00e9get ne l\u00e9pje t\u00fal! Ne szedje a\u00a0k\u00e9sz\u00edtm\u00e9nyt, ha az \u00f6sszetev\u00f5k b\u00e1rmelyik\u00e9re \u00e9rz\u00e9keny vagy allergi\u00e1s.<br \/>\n\u00c1tlagos t\u00e1p\u00e9rt\u00e9k 100g term\u00e9kben:<br \/>\nEnergia: 900kcal\/3700kJ<br \/>\nZs\u00edr: 99g<br \/>\nAmelyb\u00f5l tel\u00edtett zs\u00edrsavak: 99gSz\u00e9nhidr\u00e1t: 0g<br \/>\nAmelyb\u00f5l cukrok: 0g<br \/>\nFeh\u00e9rje: 0g<br \/>\nRost: 0g<br \/>\nS\u00f3: 0g<\/p>\n","protected":false},"excerpt":{"rendered":"<p>&nbsp; R\u00e9szletes term\u00e9kel\u00edr\u00e1s ?veg\u00e1n ? gyors energiaforr\u00e1s ? t\u00e1mogatja az \u00e9bers\u00e9get ? term\u00e9szetes \u00f6sszetev\u00f5k Az MCT olajunk kiz\u00e1r\u00f3lag fenntarthat\u00f3 gazdas\u00e1gb\u00f3l sz\u00e1rmaz\u00f3, RSPO min\u00f5s\u00edt\u00e9s\u00fb p\u00e1lmaolaj kivonatb\u00f3l el\u00f5\u00e1ll\u00edtott k\u00f6zepes l\u00e1nc\u00fa zs\u00edrsavak (MCT) gazdag forr\u00e1s\u00e1t k\u00edn\u00e1lja. A k\u00f6zepes l\u00e1nc\u00fa zs\u00edrsavak, mint az energiatermel\u00e9s kulcsfontoss\u00e1g\u00fa elemei, a ketontestek form\u00e1j\u00e1ban gyorsan felszabadul\u00f3 energi\u00e1t biztos\u00edtanak, t\u00e1mogatva ezzel a test \u00e9s az [&hellip;]<\/p>\n","protected":false},"featured_media":5825,"comment_status":"closed","ping_status":"open","template":"","meta":[],"product_cat":[61],"product_tag":[],"class_list":{"0":"post-5824","1":"product","2":"type-product","3":"status-publish","4":"has-post-thumbnail","6":"product_brand-nordvital","7":"product_cat-etrend-kiegeszitok","9":"first","10":"instock","11":"purchasable","12":"product-type-simple"},"_links":{"self":[{"href":"https:\/\/vitamin.coredesign.hu\/index.php?rest_route=\/wp\/v2\/product\/5824","targetHints":{"allow":["GET"]}}],"collection":[{"href":"https:\/\/vitamin.coredesign.hu\/index.php?rest_route=\/wp\/v2\/product"}],"about":[{"href":"https:\/\/vitamin.coredesign.hu\/index.php?rest_route=\/wp\/v2\/types\/product"}],"replies":[{"embeddable":true,"href":"https:\/\/vitamin.coredesign.hu\/index.php?rest_route=%2Fwp%2Fv2%2Fcomments&post=5824"}],"wp:featuredmedia":[{"embeddable":true,"href":"https:\/\/vitamin.coredesign.hu\/index.php?rest_route=\/wp\/v2\/media\/5825"}],"wp:attachment":[{"href":"https:\/\/vitamin.coredesign.hu\/index.php?rest_route=%2Fwp%2Fv2%2Fmedia&parent=5824"}],"wp:term":[{"taxonomy":"product_cat","embeddable":true,"href":"https:\/\/vitamin.coredesign.hu\/index.php?rest_route=%2Fwp%2Fv2%2Fproduct_cat&post=5824"},{"taxonomy":"product_tag","embeddable":true,"href":"https:\/\/vitamin.coredesign.hu\/index.php?rest_route=%2Fwp%2Fv2%2Fproduct_tag&post=5824"}],"curies":[{"name":"wp","href":"https:\/\/api.w.org\/{rel}","templated":true}]}}