{"id":5822,"date":"2025-10-12T12:32:43","date_gmt":"2025-10-12T10:32:43","guid":{"rendered":"https:\/\/vitamin.coredesign.hu\/?product=nordvital-mariatovis-komplex-210-mg-60-db-kapszula"},"modified":"2026-01-08T23:29:29","modified_gmt":"2026-01-08T22:29:29","slug":"nordvital-mariatovis-komplex-210-mg-60-db-kapszula","status":"publish","type":"product","link":"https:\/\/vitamin.coredesign.hu\/?product=nordvital-mariatovis-komplex-210-mg-60-db-kapszula","title":{"rendered":"Nordvital M\u00e1riat\u00f6vis komplex 210 mg 60 db kapszula"},"content":{"rendered":"<p>&nbsp;<\/p>\n<div id=\"lt-accessibility-devtools\" aria-hidden=\"true\"><\/div>\n<p>R\u00e9szletes term\u00e9kel\u00edr\u00e1s<br \/>\n?veg\u00e1n<br \/>\n?\u00a0antioxid\u00e1ns\u00a0<br \/>\n?\u00a0m\u00e1jv\u00e9d\u00f5<br \/>\n? em\u00e9szt\u00e9si t\u00e1mogat\u00e1s<br \/>\nA M\u00e1riat\u00f6vis komplex egy hat\u00e9kony t\u00e1pl\u00e1l\u00e9kkieg\u00e9sz\u00edt\u00f5, amely M\u00e1riat\u00f6vis (Silybum marianum) kivonatot tartalmaz. A M\u00e1riat\u00f6vis hagyom\u00e1nyosan m\u00e1jv\u00e9d\u00f5 tulajdons\u00e1gair\u00f3l ismert, \u00e9s seg\u00edthet t\u00e1mogatni a m\u00e1j eg\u00e9szs\u00e9g\u00e9t. Ez a kapszula 60 darabot tartalmaz, \u00e9s a megfelel\u00f5 adagol\u00e1s mellett hozz\u00e1j\u00e1rulhat a szervezet m\u00e9regtelen\u00edt\u00f5 folyamataihoz. A M\u00e1riat\u00f6vis komplex ide\u00e1lis v\u00e1laszt\u00e1s lehet azoknak, akik szeretn\u00e9k t\u00e1mogatni m\u00e1juk eg\u00e9szs\u00e9g\u00e9t \u00e9s \u00e1ltal\u00e1nos j\u00f3l\u00e9t\u00fcket.<br \/>\nHat\u00f3anyag\/1 kapszula:<br \/>\nM\u00e1riat\u00f6vis (Silybum Marianum) mag kivonat 262,5mg<br \/>\n-amelyb\u00f5l szilimarin (80%) 210mg<br \/>\nL-cisztein 300mg<br \/>\nArtics\u00f3ka (Cynara scolymus L.) vir\u00e1g \u00e9s lev\u00e9l kivonat (4:1) 100mg<br \/>\nGyermekl\u00e1ncf\u00fb (Taraxacum mongolicum Hand-Mazz) gy\u00f6k\u00e9r kivonat (4:1) 50mg<br \/>\n\u00d6sszetev\u00f5k:\u00a0L-cisztein, m\u00e1riat\u00f6vis mag kivonat, hidroxipropil-metil-cellul\u00f3z (veg\u00e1n kapszulatok), artics\u00f3ka vir\u00e1g \u00e9s lev\u00e9l kivonat, gyermekl\u00e1ncf\u00fb gy\u00f6k\u00e9r kivonat, csom\u00f3sod\u00e1st g\u00e1tl\u00f3 anyag (leucin aminosav)<br \/>\nAdagol\u00e1s:\u00a0Napi 1 kapszula, lehet\u00f5leg \u00e9tkez\u00e9s k\u00f6zben, b\u00f5 v\u00edzzel lenyelve.<br \/>\nFigyelmeztet\u00e9s:\u00a0Az \u00e9trend-kieg\u00e9sz\u00edt\u00f5 fogyaszt\u00e1sa nem helyettes\u00edti a kiegyens\u00falyozott, v\u00e1ltozatos, vegyes \u00e9trendet \u00e9s az eg\u00e9szs\u00e9ges \u00e9letm\u00f3dot. A napi aj\u00e1nlott mennyis\u00e9get ne l\u00e9pje t\u00fal! Ne szedje a k\u00e9sz\u00edtm\u00e9nyt, ha az \u00f6sszetev\u00f5k b\u00e1rmelyik\u00e9re \u00e9rz\u00e9keny vagy allergi\u00e1s.<\/p>\n","protected":false},"excerpt":{"rendered":"<p>&nbsp; R\u00e9szletes term\u00e9kel\u00edr\u00e1s ?veg\u00e1n ?\u00a0antioxid\u00e1ns\u00a0 ?\u00a0m\u00e1jv\u00e9d\u00f5 ? em\u00e9szt\u00e9si t\u00e1mogat\u00e1s A M\u00e1riat\u00f6vis komplex egy hat\u00e9kony t\u00e1pl\u00e1l\u00e9kkieg\u00e9sz\u00edt\u00f5, amely M\u00e1riat\u00f6vis (Silybum marianum) kivonatot tartalmaz. A M\u00e1riat\u00f6vis hagyom\u00e1nyosan m\u00e1jv\u00e9d\u00f5 tulajdons\u00e1gair\u00f3l ismert, \u00e9s seg\u00edthet t\u00e1mogatni a m\u00e1j eg\u00e9szs\u00e9g\u00e9t. Ez a kapszula 60 darabot tartalmaz, \u00e9s a megfelel\u00f5 adagol\u00e1s mellett hozz\u00e1j\u00e1rulhat a szervezet m\u00e9regtelen\u00edt\u00f5 folyamataihoz. A M\u00e1riat\u00f6vis komplex ide\u00e1lis v\u00e1laszt\u00e1s lehet [&hellip;]<\/p>\n","protected":false},"featured_media":5823,"comment_status":"closed","ping_status":"open","template":"","meta":[],"product_cat":[95],"product_tag":[],"class_list":{"0":"post-5822","1":"product","2":"type-product","3":"status-publish","4":"has-post-thumbnail","6":"product_brand-nordvital","7":"product_cat-gyogynovenyek","9":"first","10":"instock","11":"purchasable","12":"product-type-simple"},"_links":{"self":[{"href":"https:\/\/vitamin.coredesign.hu\/index.php?rest_route=\/wp\/v2\/product\/5822","targetHints":{"allow":["GET"]}}],"collection":[{"href":"https:\/\/vitamin.coredesign.hu\/index.php?rest_route=\/wp\/v2\/product"}],"about":[{"href":"https:\/\/vitamin.coredesign.hu\/index.php?rest_route=\/wp\/v2\/types\/product"}],"replies":[{"embeddable":true,"href":"https:\/\/vitamin.coredesign.hu\/index.php?rest_route=%2Fwp%2Fv2%2Fcomments&post=5822"}],"wp:featuredmedia":[{"embeddable":true,"href":"https:\/\/vitamin.coredesign.hu\/index.php?rest_route=\/wp\/v2\/media\/5823"}],"wp:attachment":[{"href":"https:\/\/vitamin.coredesign.hu\/index.php?rest_route=%2Fwp%2Fv2%2Fmedia&parent=5822"}],"wp:term":[{"taxonomy":"product_cat","embeddable":true,"href":"https:\/\/vitamin.coredesign.hu\/index.php?rest_route=%2Fwp%2Fv2%2Fproduct_cat&post=5822"},{"taxonomy":"product_tag","embeddable":true,"href":"https:\/\/vitamin.coredesign.hu\/index.php?rest_route=%2Fwp%2Fv2%2Fproduct_tag&post=5822"}],"curies":[{"name":"wp","href":"https:\/\/api.w.org\/{rel}","templated":true}]}}