{"id":5818,"date":"2025-10-12T12:32:02","date_gmt":"2025-10-12T10:32:02","guid":{"rendered":"https:\/\/vitamin.coredesign.hu\/?product=nordvital-magnezium-biszglicinat-90-db-kapszula"},"modified":"2026-01-08T23:29:20","modified_gmt":"2026-01-08T22:29:20","slug":"nordvital-magnezium-biszglicinat-90-db-kapszula","status":"publish","type":"product","link":"https:\/\/vitamin.coredesign.hu\/?product=nordvital-magnezium-biszglicinat-90-db-kapszula","title":{"rendered":"Nordvital Magn\u00e9zium-biszglicin\u00e1t 90 db kapszula"},"content":{"rendered":"<p>&nbsp;<\/p>\n<div id=\"lt-accessibility-devtools\" aria-hidden=\"true\"><\/div>\n<p>R\u00e9szletes term\u00e9kel\u00edr\u00e1s<br \/>\n?veg\u00e1n<br \/>\n? izom \u00e9s idegrendszer t\u00e1mogat\u00e1s<br \/>\n?\u00a0hangulatjav\u00edt\u00e1s<br \/>\n?\u00a0csontok \u00e9s fogak eg\u00e9szs\u00e9ge<br \/>\nA Nordvital Magn\u00e9zium-biszglicin\u00e1t + B6 egy hat\u00e9kony t\u00e1pl\u00e1l\u00e9k-kieg\u00e9sz\u00edt\u00f5, mely a biszglicin\u00e1t magn\u00e9ziumot \u00e9s a B6-vitamint kombin\u00e1lja. A biszglicin\u00e1t forma kiv\u00e1l\u00f3an felsz\u00edv\u00f3dik, minimaliz\u00e1lva a b\u00e9lirrit\u00e1ci\u00f3t, m\u00edg a B6-vitamin seg\u00edti a magn\u00e9zium hat\u00e9kony hasznosul\u00e1s\u00e1t. Ez a kombin\u00e1ci\u00f3 hozz\u00e1j\u00e1rul az idegrendszer \u00e9s az izmok megfelel\u00f5 m\u00fbk\u00f6d\u00e9s\u00e9hez, valamint t\u00e1mogatja az energiatermel\u00e9st. Ide\u00e1lis v\u00e1laszt\u00e1s azoknak, akik stressz alatt \u00e1llnak, izomfesz\u00fclts\u00e9ggel k\u00fczdenek, vagy egyszer\u00fben szeretn\u00e9k fenntartani az optim\u00e1lis magn\u00e9ziumszintet. V\u00e1lassza a Nordvital Magn\u00e9zium-biszglicin\u00e1t + B6-t a hat\u00e9kony magn\u00e9ziump\u00f3tl\u00e1s\u00e9rt \u00e9s az eg\u00e9szs\u00e9gesebb \u00e9let\u00e9rt!<br \/>\nHat\u00f3anyag\/2 kapszula:<br \/>\nMagn\u00e9zium-biszglicin\u00e1t 1600mg<br \/>\nebb\u00f5l elemi magn\u00e9zium 200mg 53%<br \/>\nB6-vitamin (piridox\u00e1l-5-foszf\u00e1t) 4mg 286%<br \/>\n\u00d6sszetev\u00f5k:\u00a0magn\u00e9zium-biszglicin\u00e1t, hidroxipropil-metil-cellul\u00f3z (veg\u00e1n kapszulatok), csom\u00f3sod\u00e1st g\u00e1tl\u00f3 (leucin aminosav), piridox\u00e1l-5-foszf\u00e1t<br \/>\nAdagol\u00e1s:\u00a0Napi 2&#215;1 kapszula, \u00e9tkez\u00e9s ut\u00e1n. Az egyiket \u00e9rdemes k\u00f6zvetlen\u00fcl lefekv\u00e9s el\u00f5tt bevenni.<br \/>\nFigyelmeztet\u00e9s:\u00a0Az \u00e9trend-kieg\u00e9sz\u00edt\u00f5 fogyaszt\u00e1sa nem helyettes\u00edti a kiegyens\u00falyozott, v\u00e1ltozatos, vegyes \u00e9trendet \u00e9s az eg\u00e9szs\u00e9ges \u00e9letm\u00f3dot. A napi aj\u00e1nlott mennyis\u00e9get ne l\u00e9pje t\u00fal! Ne szedje a k\u00e9sz\u00edtm\u00e9nyt, ha az \u00f6sszetev\u00f5k b\u00e1rmelyik\u00e9re \u00e9rz\u00e9keny vagy allergi\u00e1s.<\/p>\n","protected":false},"excerpt":{"rendered":"<p>&nbsp; R\u00e9szletes term\u00e9kel\u00edr\u00e1s ?veg\u00e1n ? izom \u00e9s idegrendszer t\u00e1mogat\u00e1s ?\u00a0hangulatjav\u00edt\u00e1s ?\u00a0csontok \u00e9s fogak eg\u00e9szs\u00e9ge A Nordvital Magn\u00e9zium-biszglicin\u00e1t + B6 egy hat\u00e9kony t\u00e1pl\u00e1l\u00e9k-kieg\u00e9sz\u00edt\u00f5, mely a biszglicin\u00e1t magn\u00e9ziumot \u00e9s a B6-vitamint kombin\u00e1lja. A biszglicin\u00e1t forma kiv\u00e1l\u00f3an felsz\u00edv\u00f3dik, minimaliz\u00e1lva a b\u00e9lirrit\u00e1ci\u00f3t, m\u00edg a B6-vitamin seg\u00edti a magn\u00e9zium hat\u00e9kony hasznosul\u00e1s\u00e1t. Ez a kombin\u00e1ci\u00f3 hozz\u00e1j\u00e1rul az idegrendszer \u00e9s az izmok [&hellip;]<\/p>\n","protected":false},"featured_media":5819,"comment_status":"closed","ping_status":"open","template":"","meta":[],"product_cat":[73],"product_tag":[],"class_list":{"0":"post-5818","1":"product","2":"type-product","3":"status-publish","4":"has-post-thumbnail","6":"product_brand-nordvital","7":"product_cat-arvanyi-anyagok","9":"first","10":"instock","11":"purchasable","12":"product-type-simple"},"_links":{"self":[{"href":"https:\/\/vitamin.coredesign.hu\/index.php?rest_route=\/wp\/v2\/product\/5818","targetHints":{"allow":["GET"]}}],"collection":[{"href":"https:\/\/vitamin.coredesign.hu\/index.php?rest_route=\/wp\/v2\/product"}],"about":[{"href":"https:\/\/vitamin.coredesign.hu\/index.php?rest_route=\/wp\/v2\/types\/product"}],"replies":[{"embeddable":true,"href":"https:\/\/vitamin.coredesign.hu\/index.php?rest_route=%2Fwp%2Fv2%2Fcomments&post=5818"}],"wp:featuredmedia":[{"embeddable":true,"href":"https:\/\/vitamin.coredesign.hu\/index.php?rest_route=\/wp\/v2\/media\/5819"}],"wp:attachment":[{"href":"https:\/\/vitamin.coredesign.hu\/index.php?rest_route=%2Fwp%2Fv2%2Fmedia&parent=5818"}],"wp:term":[{"taxonomy":"product_cat","embeddable":true,"href":"https:\/\/vitamin.coredesign.hu\/index.php?rest_route=%2Fwp%2Fv2%2Fproduct_cat&post=5818"},{"taxonomy":"product_tag","embeddable":true,"href":"https:\/\/vitamin.coredesign.hu\/index.php?rest_route=%2Fwp%2Fv2%2Fproduct_tag&post=5818"}],"curies":[{"name":"wp","href":"https:\/\/api.w.org\/{rel}","templated":true}]}}