{"id":5816,"date":"2025-10-12T12:32:02","date_gmt":"2025-10-12T10:32:02","guid":{"rendered":"https:\/\/vitamin.coredesign.hu\/?product=nordvital-magnezium-biszglicinat-30-db-kapszula"},"modified":"2026-01-08T23:29:19","modified_gmt":"2026-01-08T22:29:19","slug":"nordvital-magnezium-biszglicinat-30-db-kapszula","status":"publish","type":"product","link":"https:\/\/vitamin.coredesign.hu\/?product=nordvital-magnezium-biszglicinat-30-db-kapszula","title":{"rendered":"Nordvital Magn\u00e9zium-biszglicin\u00e1t 30 db kapszula"},"content":{"rendered":"<p>&nbsp;<\/p>\n<div id=\"lt-accessibility-devtools\" aria-hidden=\"true\"><\/div>\n<p>R\u00e9szletes term\u00e9kel\u00edr\u00e1s<br \/>\nSzerves, kel\u00e1t k\u00f6t\u00e9s\u00fb magn\u00e9zium-biszglicin\u00e1t, melyet a B6-vitamin bioakt\u00edv form\u00e1j\u00e1val, piridox\u00e1l-5-foszf\u00e1ttal eg\u00e9sz\u00edtett\u00fcnk ki a kiv\u00e1l\u00f3 hasznosul\u00e1s\u00e9rt. Teljesen elreag\u00e1ltatott, \u0084fully reacted\u0094 magn\u00e9zium forma, mely tapasztalatunk szerint m\u00e9g a k\u00e9nyes gyomr\u00faakn\u00e1l sem okoz laza sz\u00e9kletet.<br \/>\nHat\u00f3anyag\/2 kapszula:<br \/>\nMagn\u00e9zium-biszglicin\u00e1t 1600 mg<br \/>\nebb\u00f5l elemi magn\u00e9zium 200 mg<br \/>\nB6 vitamin 4 mg<br \/>\n\u00d6sszetev\u00f5k:\u00a0magn\u00e9zium-biszglicin\u00e1t, hidroxipropilmetil-cellul\u00f3z (veg\u00e1n kapszulatok), csom\u00f3sod\u00e1st g\u00e1tl\u00f3 (leucin aminosav), piridox\u00e1l-5-foszf\u00e1t<br \/>\nAdagol\u00e1s:\u00a0Napi 2&#215;1 kapszula, \u00e9tkez\u00e9s ut\u00e1n. Az egyiket \u00e9rdemes k\u00f6zvetlen\u00fcl lefekv\u00e9s el\u00f5tt bevenni.<br \/>\nFigyelmeztet\u00e9s:\u00a0Az \u00e9trend-kieg\u00e9sz\u00edt\u00f5 fogyaszt\u00e1sa nem helyettes\u00edti a\u00a0kiegyens\u00falyozott, v\u00e1ltozatos, vegyes \u00e9trendet \u00e9s az eg\u00e9szs\u00e9ges \u00e9letm\u00f3dot. A\u00a0napi aj\u00e1nlott mennyis\u00e9get ne l\u00e9pje t\u00fal! Ne szedje a\u00a0k\u00e9sz\u00edtm\u00e9nyt, ha az \u00f6sszetev\u00f5k b\u00e1rmelyik\u00e9re \u00e9rz\u00e9keny vagy allergi\u00e1s.<\/p>\n","protected":false},"excerpt":{"rendered":"<p>&nbsp; R\u00e9szletes term\u00e9kel\u00edr\u00e1s Szerves, kel\u00e1t k\u00f6t\u00e9s\u00fb magn\u00e9zium-biszglicin\u00e1t, melyet a B6-vitamin bioakt\u00edv form\u00e1j\u00e1val, piridox\u00e1l-5-foszf\u00e1ttal eg\u00e9sz\u00edtett\u00fcnk ki a kiv\u00e1l\u00f3 hasznosul\u00e1s\u00e9rt. Teljesen elreag\u00e1ltatott, \u0084fully reacted\u0094 magn\u00e9zium forma, mely tapasztalatunk szerint m\u00e9g a k\u00e9nyes gyomr\u00faakn\u00e1l sem okoz laza sz\u00e9kletet. Hat\u00f3anyag\/2 kapszula: Magn\u00e9zium-biszglicin\u00e1t 1600 mg ebb\u00f5l elemi magn\u00e9zium 200 mg B6 vitamin 4 mg \u00d6sszetev\u00f5k:\u00a0magn\u00e9zium-biszglicin\u00e1t, hidroxipropilmetil-cellul\u00f3z (veg\u00e1n kapszulatok), csom\u00f3sod\u00e1st g\u00e1tl\u00f3 [&hellip;]<\/p>\n","protected":false},"featured_media":5817,"comment_status":"closed","ping_status":"open","template":"","meta":[],"product_cat":[73],"product_tag":[],"class_list":{"0":"post-5816","1":"product","2":"type-product","3":"status-publish","4":"has-post-thumbnail","6":"product_brand-nordvital","7":"product_cat-arvanyi-anyagok","9":"first","10":"instock","11":"purchasable","12":"product-type-simple"},"_links":{"self":[{"href":"https:\/\/vitamin.coredesign.hu\/index.php?rest_route=\/wp\/v2\/product\/5816","targetHints":{"allow":["GET"]}}],"collection":[{"href":"https:\/\/vitamin.coredesign.hu\/index.php?rest_route=\/wp\/v2\/product"}],"about":[{"href":"https:\/\/vitamin.coredesign.hu\/index.php?rest_route=\/wp\/v2\/types\/product"}],"replies":[{"embeddable":true,"href":"https:\/\/vitamin.coredesign.hu\/index.php?rest_route=%2Fwp%2Fv2%2Fcomments&post=5816"}],"wp:featuredmedia":[{"embeddable":true,"href":"https:\/\/vitamin.coredesign.hu\/index.php?rest_route=\/wp\/v2\/media\/5817"}],"wp:attachment":[{"href":"https:\/\/vitamin.coredesign.hu\/index.php?rest_route=%2Fwp%2Fv2%2Fmedia&parent=5816"}],"wp:term":[{"taxonomy":"product_cat","embeddable":true,"href":"https:\/\/vitamin.coredesign.hu\/index.php?rest_route=%2Fwp%2Fv2%2Fproduct_cat&post=5816"},{"taxonomy":"product_tag","embeddable":true,"href":"https:\/\/vitamin.coredesign.hu\/index.php?rest_route=%2Fwp%2Fv2%2Fproduct_tag&post=5816"}],"curies":[{"name":"wp","href":"https:\/\/api.w.org\/{rel}","templated":true}]}}