{"id":5815,"date":"2025-10-12T12:32:02","date_gmt":"2025-10-12T10:32:02","guid":{"rendered":"https:\/\/vitamin.coredesign.hu\/?product=nordvital-magnezium-aszkorbat-por-200-g"},"modified":"2026-01-08T23:29:19","modified_gmt":"2026-01-08T22:29:19","slug":"nordvital-magnezium-aszkorbat-por-200-g","status":"publish","type":"product","link":"https:\/\/vitamin.coredesign.hu\/?product=nordvital-magnezium-aszkorbat-por-200-g","title":{"rendered":"Nordvital Magn\u00e9zium-aszkorb\u00e1t por 200 g"},"content":{"rendered":"<p>&nbsp;<\/p>\n<div id=\"lt-accessibility-devtools\" aria-hidden=\"true\"><\/div>\n<p>R\u00e9szletes term\u00e9kel\u00edr\u00e1s<br \/>\n?veg\u00e1n<br \/>\n? immunrendszer er\u00f5s\u00edt\u00e9se<br \/>\n? stressz cs\u00f6kkent\u00e9se<br \/>\n? energian\u00f6vel\u00e9s \u00e9s vitalit\u00e1s t\u00e1mogat\u00e1sa<br \/>\nA magn\u00e9zium-aszkorb\u00e1t a C-vitamin magn\u00e9ziummal kombin\u00e1lt, nem saj\u00e1t form\u00e1ja, amely k\u00edm\u00e9letesebb a gyomor sz\u00e1m\u00e1ra, mint az aszkorbinsav \u00f6nmag\u00e1ban. Kett\u00f5s el\u00f5nye, hogy biztos\u00edtsa az esszenci\u00e1lis magn\u00e9ziumot \u00e9s az antioxid\u00e1ns C-vitamint. A magn\u00e9zium kap egy f\u00e1radts\u00e1got \u00e9s a kimer\u00fclts\u00e9g cs\u00f6kkent\u00e9s\u00e9t, az idegrendszer norm\u00e1l m\u00fbk\u00f6d\u00e9s\u00e9hez, valamint a norm\u00e1l izomm\u00fbk\u00f6d\u00e9shez. A C-vitamin a csontok norm\u00e1lis m\u00fbk\u00f6d\u00e9s\u00e9hez sz\u00fcks\u00e9ges norm\u00e1l kollag\u00e9nk\u00e9pz\u00f5d\u00e9shez<br \/>\nHat\u00f3anyag\/2g\u00a0:<br \/>\nC-vitamin 1800 mg<br \/>\nMagn\u00e9zium 120 mg<br \/>\n\u00d6sszetev\u00f5k:\u00a0100% Magn\u00e9zium-aszkorb\u00e1t<br \/>\nAdagol\u00e1s:\u00a02 g port keverjen el egy poh\u00e1r v\u00edzben vagy kedvenc ital\u00e1ban.<br \/>\nFigyelmeztet\u00e9s:\u00a0Az \u00e9trend-kieg\u00e9sz\u00edt\u00f5 fogyaszt\u00e1s nem helyettes\u00edti a kiegyens\u00falyozott, v\u00e1ltozatos, vegyes \u00e9trendet \u00e9s az eg\u00e9szs\u00e9ges \u00e9letm\u00f3dot. A napi aj\u00e1nlott mennyis\u00e9get ne l\u00e9pje t\u00fal! Ne szedje a k\u00e9sz\u00edtm\u00e9nyt, ha az \u00f6sszetev\u00f5k b\u00e1rmelyik\u00e9re \u00e9rz\u00e9keny vagy allergi\u00e1s.<br \/>\nEgy\u00e9b allerg\u00e9n inform\u00e1ci\u00f3:\u00a0F\u00f6ldimogyor\u00f3t, di\u00f3f\u00e9l\u00e9ket \u00e9s szez\u00e1mmagot is feldolgoz\u00f3 \u00fczemben k\u00e9sz\u00fclt<\/p>\n","protected":false},"excerpt":{"rendered":"<p>&nbsp; R\u00e9szletes term\u00e9kel\u00edr\u00e1s ?veg\u00e1n ? immunrendszer er\u00f5s\u00edt\u00e9se ? stressz cs\u00f6kkent\u00e9se ? energian\u00f6vel\u00e9s \u00e9s vitalit\u00e1s t\u00e1mogat\u00e1sa A magn\u00e9zium-aszkorb\u00e1t a C-vitamin magn\u00e9ziummal kombin\u00e1lt, nem saj\u00e1t form\u00e1ja, amely k\u00edm\u00e9letesebb a gyomor sz\u00e1m\u00e1ra, mint az aszkorbinsav \u00f6nmag\u00e1ban. Kett\u00f5s el\u00f5nye, hogy biztos\u00edtsa az esszenci\u00e1lis magn\u00e9ziumot \u00e9s az antioxid\u00e1ns C-vitamint. A magn\u00e9zium kap egy f\u00e1radts\u00e1got \u00e9s a kimer\u00fclts\u00e9g cs\u00f6kkent\u00e9s\u00e9t, az idegrendszer [&hellip;]<\/p>\n","protected":false},"featured_media":0,"comment_status":"closed","ping_status":"open","template":"","meta":[],"product_cat":[73],"product_tag":[],"class_list":{"0":"post-5815","1":"product","2":"type-product","3":"status-publish","5":"product_brand-nordvital","6":"product_cat-arvanyi-anyagok","8":"first","9":"instock","10":"purchasable","11":"product-type-simple"},"_links":{"self":[{"href":"https:\/\/vitamin.coredesign.hu\/index.php?rest_route=\/wp\/v2\/product\/5815","targetHints":{"allow":["GET"]}}],"collection":[{"href":"https:\/\/vitamin.coredesign.hu\/index.php?rest_route=\/wp\/v2\/product"}],"about":[{"href":"https:\/\/vitamin.coredesign.hu\/index.php?rest_route=\/wp\/v2\/types\/product"}],"replies":[{"embeddable":true,"href":"https:\/\/vitamin.coredesign.hu\/index.php?rest_route=%2Fwp%2Fv2%2Fcomments&post=5815"}],"wp:attachment":[{"href":"https:\/\/vitamin.coredesign.hu\/index.php?rest_route=%2Fwp%2Fv2%2Fmedia&parent=5815"}],"wp:term":[{"taxonomy":"product_cat","embeddable":true,"href":"https:\/\/vitamin.coredesign.hu\/index.php?rest_route=%2Fwp%2Fv2%2Fproduct_cat&post=5815"},{"taxonomy":"product_tag","embeddable":true,"href":"https:\/\/vitamin.coredesign.hu\/index.php?rest_route=%2Fwp%2Fv2%2Fproduct_tag&post=5815"}],"curies":[{"name":"wp","href":"https:\/\/api.w.org\/{rel}","templated":true}]}}