{"id":5813,"date":"2025-10-12T12:32:02","date_gmt":"2025-10-12T10:32:02","guid":{"rendered":"https:\/\/vitamin.coredesign.hu\/?product=nordvital-l-glutamine-por-250-g"},"modified":"2026-01-08T23:29:18","modified_gmt":"2026-01-08T22:29:18","slug":"nordvital-l-glutamine-por-250-g","status":"publish","type":"product","link":"https:\/\/vitamin.coredesign.hu\/?product=nordvital-l-glutamine-por-250-g","title":{"rendered":"Nordvital L-Glutamine por 250 g"},"content":{"rendered":"<p>&nbsp;<\/p>\n<div id=\"lt-accessibility-devtools\" aria-hidden=\"true\"><\/div>\n<p>R\u00e9szletes term\u00e9kel\u00edr\u00e1s<br \/>\n?veg\u00e1n<br \/>\n? izomregener\u00e1ci\u00f3 t\u00e1mogat\u00e1sa<br \/>\n? immunrendszer er\u00f5s\u00edt\u00e9se<br \/>\n? em\u00e9szt\u00f5rendszer eg\u00e9szs\u00e9g\u00e9nek t\u00e1mogat\u00e1sa<br \/>\nEz az aminosav az emberi szervezetben a legnagyobb mennyis\u00e9gben tal\u00e1lhat\u00f3, \u00e9s l\u00e9tfontoss\u00e1g\u00fa szerepet t\u00f6lt be sz\u00e1mos biol\u00f3giai folyamatban. Mint az egyik alapvet\u00f5 \u00e9p\u00edt\u00f5k\u00f5 a feh\u00e9rj\u00e9k szint\u00e9zis\u00e9ben, a glutamin seg\u00edthet az izmok regener\u00e1l\u00f3d\u00e1s\u00e1ban \u00e9s a sz\u00f6vetek \u00fajj\u00e1\u00e9p\u00edt\u00e9s\u00e9ben. Emellett fontos szerepet j\u00e1tszik az immunrendszer er\u00f5s\u00edt\u00e9s\u00e9ben \u00e9s a gyomor-b\u00e9l traktus eg\u00e9szs\u00e9g\u00e9nek fenntart\u00e1s\u00e1ban is. A Nordvital L-Glutamine seg\u00edt meg\u00f5rizni tested vitalit\u00e1s\u00e1t \u00e9s egyens\u00faly\u00e1t, hogy mindennapjaid teljes lend\u00fclettel \u00e9s energi\u00e1val t\u00f6lthess\u00e9k meg.<br \/>\n\u00d6sszetev\u00f5k:\u00a0100% L-Glutamin<br \/>\nAdagol\u00e1s:\u00a010 g port keverjen el egy poh\u00e1r v\u00edzben vagy kedvenc ital\u00e1ban.<br \/>\nFigyelmeztet\u00e9s:\u00a0Az \u00e9trend-kieg\u00e9sz\u00edt\u00f5 fogyaszt\u00e1sa nem helyettes\u00edti a\u00a0kiegyens\u00falyozott, v\u00e1ltozatos, vegyes \u00e9trendet \u00e9s az eg\u00e9szs\u00e9ges \u00e9letm\u00f3dot. A\u00a0napi aj\u00e1nlott mennyis\u00e9get ne l\u00e9pje t\u00fal! Ne szedje a\u00a0k\u00e9sz\u00edtm\u00e9nyt, ha az \u00f6sszetev\u00f5k b\u00e1rmelyik\u00e9re \u00e9rz\u00e9keny vagy allergi\u00e1s.<br \/>\nEgy\u00e9b allerg\u00e9n inform\u00e1ci\u00f3:\u00a0F\u00f6ldimogyor\u00f3t, di\u00f3f\u00e9l\u00e9ket \u00e9s szez\u00e1mmagot is feldolgoz\u00f3 \u00fczemben k\u00e9sz\u00fclt<br \/>\n\u00c1tlagos t\u00e1p\u00e9rt\u00e9k 100g term\u00e9kben:<br \/>\nEnergia: 1700 kJ\/400 kcal<br \/>\nZs\u00edr: 0g<br \/>\nAmelyb\u00f5l tel\u00edtett zs\u00edrsavak: 0gSz\u00e9nhidr\u00e1t: 0g<br \/>\nAmelyb\u00f5l cukrok: 0g<br \/>\nFeh\u00e9rje: 100g<br \/>\nRost:<br \/>\nS\u00f3:<\/p>\n","protected":false},"excerpt":{"rendered":"<p>&nbsp; R\u00e9szletes term\u00e9kel\u00edr\u00e1s ?veg\u00e1n ? izomregener\u00e1ci\u00f3 t\u00e1mogat\u00e1sa ? immunrendszer er\u00f5s\u00edt\u00e9se ? em\u00e9szt\u00f5rendszer eg\u00e9szs\u00e9g\u00e9nek t\u00e1mogat\u00e1sa Ez az aminosav az emberi szervezetben a legnagyobb mennyis\u00e9gben tal\u00e1lhat\u00f3, \u00e9s l\u00e9tfontoss\u00e1g\u00fa szerepet t\u00f6lt be sz\u00e1mos biol\u00f3giai folyamatban. Mint az egyik alapvet\u00f5 \u00e9p\u00edt\u00f5k\u00f5 a feh\u00e9rj\u00e9k szint\u00e9zis\u00e9ben, a glutamin seg\u00edthet az izmok regener\u00e1l\u00f3d\u00e1s\u00e1ban \u00e9s a sz\u00f6vetek \u00fajj\u00e1\u00e9p\u00edt\u00e9s\u00e9ben. Emellett fontos szerepet j\u00e1tszik az [&hellip;]<\/p>\n","protected":false},"featured_media":5814,"comment_status":"closed","ping_status":"open","template":"","meta":[],"product_cat":[61],"product_tag":[],"class_list":{"0":"post-5813","1":"product","2":"type-product","3":"status-publish","4":"has-post-thumbnail","6":"product_brand-nordvital","7":"product_cat-etrend-kiegeszitok","9":"first","10":"instock","11":"purchasable","12":"product-type-simple"},"_links":{"self":[{"href":"https:\/\/vitamin.coredesign.hu\/index.php?rest_route=\/wp\/v2\/product\/5813","targetHints":{"allow":["GET"]}}],"collection":[{"href":"https:\/\/vitamin.coredesign.hu\/index.php?rest_route=\/wp\/v2\/product"}],"about":[{"href":"https:\/\/vitamin.coredesign.hu\/index.php?rest_route=\/wp\/v2\/types\/product"}],"replies":[{"embeddable":true,"href":"https:\/\/vitamin.coredesign.hu\/index.php?rest_route=%2Fwp%2Fv2%2Fcomments&post=5813"}],"wp:featuredmedia":[{"embeddable":true,"href":"https:\/\/vitamin.coredesign.hu\/index.php?rest_route=\/wp\/v2\/media\/5814"}],"wp:attachment":[{"href":"https:\/\/vitamin.coredesign.hu\/index.php?rest_route=%2Fwp%2Fv2%2Fmedia&parent=5813"}],"wp:term":[{"taxonomy":"product_cat","embeddable":true,"href":"https:\/\/vitamin.coredesign.hu\/index.php?rest_route=%2Fwp%2Fv2%2Fproduct_cat&post=5813"},{"taxonomy":"product_tag","embeddable":true,"href":"https:\/\/vitamin.coredesign.hu\/index.php?rest_route=%2Fwp%2Fv2%2Fproduct_tag&post=5813"}],"curies":[{"name":"wp","href":"https:\/\/api.w.org\/{rel}","templated":true}]}}