{"id":5812,"date":"2025-10-12T12:32:02","date_gmt":"2025-10-12T10:32:02","guid":{"rendered":"https:\/\/vitamin.coredesign.hu\/?product=nordvital-kvercetin-500-mg-60db-vegan-kapszula"},"modified":"2026-01-08T23:29:18","modified_gmt":"2026-01-08T22:29:18","slug":"nordvital-kvercetin-500-mg-60db-vegan-kapszula","status":"publish","type":"product","link":"https:\/\/vitamin.coredesign.hu\/?product=nordvital-kvercetin-500-mg-60db-vegan-kapszula","title":{"rendered":"Nordvital Kvercetin 500 mg 60db veg\u00e1n kapszula"},"content":{"rendered":"<p>&nbsp;<\/p>\n<div id=\"lt-accessibility-devtools\" aria-hidden=\"true\"><\/div>\n<p>R\u00e9szletes term\u00e9kel\u00edr\u00e1s<br \/>\n?veg\u00e1n<br \/>\n?\u00a0gyullad\u00e1scs\u00f6kkent\u00e9s<br \/>\n?\u00a0immunrendszer t\u00e1mogat\u00e1sa<br \/>\n?\u00a0antioxid\u00e1ns<br \/>\nA Kvercetin 500 mg veg\u00e1n kapszula egy hat\u00e9kony t\u00e1pl\u00e1l\u00e9kkieg\u00e9sz\u00edt\u00f5, amely kvercetin nev\u00fb flavonoidot tartalmaz. A 60 darabos kiszerel\u00e9s lehet\u00f5v\u00e9 teszi a hosszabb t\u00e1v\u00fa haszn\u00e1latot. A kvercetin er\u00f5s antioxid\u00e1ns tulajdons\u00e1gokkal rendelkezik, amelyek hozz\u00e1j\u00e1rulhatnak a szervezet sejtk\u00e1rosod\u00e1s elleni v\u00e9delm\u00e9hez. A veg\u00e1n formul\u00e1ja ide\u00e1lis v\u00e1laszt\u00e1s lehet azoknak, akik veget\u00e1ri\u00e1nus vagy veg\u00e1n \u00e9letm\u00f3dot k\u00f6vetnek. A rendszeres kvercetin fogyaszt\u00e1snak sz\u00e1mos eg\u00e9szs\u00e9g\u00fcgyi el\u00f5nye lehet, bele\u00e9rtve az immunrendszer t\u00e1mogat\u00e1s\u00e1t \u00e9s az oxidat\u00edv stressz cs\u00f6kkent\u00e9s\u00e9t.<br \/>\nHat\u00f3anyag\/1-2 kapszula:<br \/>\nKvercetin (Sophora Japonica r\u00fcgy kivonat) 500mg<br \/>\n\u00d6sszetev\u00f5k:\u00a0kvercetin (Sophora Japonica r\u00fcgy kivonat), hidroxipropil-metil-cellul\u00f3z (veg\u00e1n kapszulatok), rizsliszt, csom\u00f3sod\u00e1st g\u00e1tl\u00f3 anyag (leucin aminosav)<br \/>\nAdagol\u00e1s:\u00a01-2 kapszula, \u00e9tkez\u00e9sek k\u00f6z\u00f6tt<br \/>\nFigyelmeztet\u00e9s:\u00a0Az \u00e9trend-kieg\u00e9sz\u00edt\u00f5 fogyaszt\u00e1sa nem helyettes\u00edti a kiegyens\u00falyozott, v\u00e1ltozatos, vegyes \u00e9trendet \u00e9s az eg\u00e9szs\u00e9ges \u00e9letm\u00f3dot. A napi aj\u00e1nlott mennyis\u00e9get ne l\u00e9pje t\u00fal! Ne szedje a k\u00e9sz\u00edtm\u00e9nyt, ha az \u00f6sszetev\u00f5k b\u00e1rmelyik\u00e9re \u00e9rz\u00e9keny vagy allergi\u00e1s.<\/p>\n","protected":false},"excerpt":{"rendered":"<p>&nbsp; R\u00e9szletes term\u00e9kel\u00edr\u00e1s ?veg\u00e1n ?\u00a0gyullad\u00e1scs\u00f6kkent\u00e9s ?\u00a0immunrendszer t\u00e1mogat\u00e1sa ?\u00a0antioxid\u00e1ns A Kvercetin 500 mg veg\u00e1n kapszula egy hat\u00e9kony t\u00e1pl\u00e1l\u00e9kkieg\u00e9sz\u00edt\u00f5, amely kvercetin nev\u00fb flavonoidot tartalmaz. A 60 darabos kiszerel\u00e9s lehet\u00f5v\u00e9 teszi a hosszabb t\u00e1v\u00fa haszn\u00e1latot. A kvercetin er\u00f5s antioxid\u00e1ns tulajdons\u00e1gokkal rendelkezik, amelyek hozz\u00e1j\u00e1rulhatnak a szervezet sejtk\u00e1rosod\u00e1s elleni v\u00e9delm\u00e9hez. A veg\u00e1n formul\u00e1ja ide\u00e1lis v\u00e1laszt\u00e1s lehet azoknak, akik veget\u00e1ri\u00e1nus vagy [&hellip;]<\/p>\n","protected":false},"featured_media":0,"comment_status":"closed","ping_status":"open","template":"","meta":[],"product_cat":[61],"product_tag":[],"class_list":{"0":"post-5812","1":"product","2":"type-product","3":"status-publish","5":"product_brand-nordvital","6":"product_cat-etrend-kiegeszitok","8":"first","9":"instock","10":"purchasable","11":"product-type-simple"},"_links":{"self":[{"href":"https:\/\/vitamin.coredesign.hu\/index.php?rest_route=\/wp\/v2\/product\/5812","targetHints":{"allow":["GET"]}}],"collection":[{"href":"https:\/\/vitamin.coredesign.hu\/index.php?rest_route=\/wp\/v2\/product"}],"about":[{"href":"https:\/\/vitamin.coredesign.hu\/index.php?rest_route=\/wp\/v2\/types\/product"}],"replies":[{"embeddable":true,"href":"https:\/\/vitamin.coredesign.hu\/index.php?rest_route=%2Fwp%2Fv2%2Fcomments&post=5812"}],"wp:attachment":[{"href":"https:\/\/vitamin.coredesign.hu\/index.php?rest_route=%2Fwp%2Fv2%2Fmedia&parent=5812"}],"wp:term":[{"taxonomy":"product_cat","embeddable":true,"href":"https:\/\/vitamin.coredesign.hu\/index.php?rest_route=%2Fwp%2Fv2%2Fproduct_cat&post=5812"},{"taxonomy":"product_tag","embeddable":true,"href":"https:\/\/vitamin.coredesign.hu\/index.php?rest_route=%2Fwp%2Fv2%2Fproduct_tag&post=5812"}],"curies":[{"name":"wp","href":"https:\/\/api.w.org\/{rel}","templated":true}]}}