{"id":5811,"date":"2025-10-12T12:32:02","date_gmt":"2025-10-12T10:32:02","guid":{"rendered":"https:\/\/vitamin.coredesign.hu\/?product=nordvital-joint-support-60-db"},"modified":"2026-01-08T23:29:18","modified_gmt":"2026-01-08T22:29:18","slug":"nordvital-joint-support-60-db","status":"publish","type":"product","link":"https:\/\/vitamin.coredesign.hu\/?product=nordvital-joint-support-60-db","title":{"rendered":"Nordvital Joint Support 60 db"},"content":{"rendered":"<p>&nbsp;<\/p>\n<div id=\"lt-accessibility-devtools\" aria-hidden=\"true\"><\/div>\n<p>R\u00e9szletes term\u00e9kel\u00edr\u00e1s<br \/>\nPorc \u00e9s \u00edz\u00fclet t\u00e1mogat\u00f3 \u00e9trend-kieg\u00e9sz\u00edt\u00f5 kapszula. Speci\u00e1lisan kifejlesztett formul\u00e1nk egym\u00e1st kieg\u00e9sz\u00edt\u00f5 \u00f6sszetev\u00f5k felhaszn\u00e1l\u00e1s\u00e1val k\u00e9sz\u00fcl. A Boswellin t\u00e1mogathatja a csontok \u00e9s az \u00edz\u00fcletek eg\u00e9szs\u00e9g\u00e9t. A mang\u00e1n hozz\u00e1j\u00e1rul a norm\u00e1l csontozat fenntart\u00e1s\u00e1hoz.A C-vitamin hozz\u00e1j\u00e1rul a norm\u00e1l kollag\u00e9nk\u00e9pz\u00f5d\u00e9shez, \u00e9s ezen kereszt\u00fcl a porcok norm\u00e1l m\u00fbk\u00f6d\u00e9s\u00e9hez. A kurkuma seg\u00edt a szervezetben a gyullad\u00e1sos reakci\u00f3k szab\u00e1lyoz\u00e1s\u00e1ban, enyh\u00edti a gyullad\u00e1sos f\u00e1jdalmat, gyullad\u00e1scs\u00f6kkent\u00f5 hat\u00e1s\u00fa, enyh\u00edti az izom- \u00e9s \u00edz\u00fcleti f\u00e1jdalmat. A fekete bors jelent\u00f5s antioxid\u00e1ns tulajdons\u00e1gokkal rendelkezik.<br \/>\nHat\u00f3anyag\/2 kapszula:<br \/>\nC-vitamin &#8211; 100 mg<br \/>\nMang\u00e1n &#8211; 3mg<br \/>\nToj\u00e1sh\u00e9j membr\u00e1n \u0096 500 mg<br \/>\nKondroitin-szulf\u00e1t \u0096 400 mg<br \/>\nMetil-szulfonil-met\u00e1n (MSM) \u0096 200 mg<br \/>\nT\u00f6mj\u00e9nfa kivonat (65% bowsellin-sav) 100 mg<br \/>\nKurkuma kivonat (95% kurkuminoid) \u0096 100 mg<br \/>\nMagn\u00e9zium-biszglicin\u00e1t (10% Mg) \u0096 50 mg<br \/>\nBioPerine (fekete bors [piper nigrum] kivonat 95% piperin) \u0096 3 mg<br \/>\n\u00d6sszetev\u00f5k:\u00a0ESM\u00ae toj\u00e1sh\u00e9j membr\u00e1npor, kondroitin-szulf\u00e1t, hidroxipropil-metil-celull\u00f3z (veg\u00e1n kapszulatok), metil-szulfonilmet\u00e1n, Magn\u00e9zium-L-Aszkorb\u00e1t, t\u00f6mj\u00e9nfa gyanta kivonat, kurkuma gy\u00f6k\u00e9r kivonat, csom\u00f3sod\u00e1st \u00e1gtl\u00f3 anyag: leucin, magn\u00e1n-biszglicin\u00e1t, Bioperine (fekete bors gy\u00fcm\u00f6lcs kivonat)<br \/>\nAdagol\u00e1s:\u00a0Napi 2 kapszula \u00e9tkez\u00e9ssel egybek\u00f6tve<br \/>\nFigyelmeztet\u00e9s:\u00a0Az \u00e9trend-kieg\u00e9sz\u00edt\u00f5 fogyaszt\u00e1sa nem helyettes\u00edti a kiegyens\u00falyozott, v\u00e1ltozatos, vegyes \u00e9trendet \u00e9s az eg\u00e9szs\u00e9ges \u00e9letm\u00f3dot. A napi aj\u00e1nlott mennyis\u00e9get ne l\u00e9pje t\u00fal! Ne szedje a k\u00e9sz\u00edtm\u00e9nyt, ha az \u00f6sszetev\u00f5k b\u00e1rmelyik\u00e9re \u00e9rz\u00e9keny vagy allergi\u00e1s.<\/p>\n","protected":false},"excerpt":{"rendered":"<p>&nbsp; R\u00e9szletes term\u00e9kel\u00edr\u00e1s Porc \u00e9s \u00edz\u00fclet t\u00e1mogat\u00f3 \u00e9trend-kieg\u00e9sz\u00edt\u00f5 kapszula. Speci\u00e1lisan kifejlesztett formul\u00e1nk egym\u00e1st kieg\u00e9sz\u00edt\u00f5 \u00f6sszetev\u00f5k felhaszn\u00e1l\u00e1s\u00e1val k\u00e9sz\u00fcl. A Boswellin t\u00e1mogathatja a csontok \u00e9s az \u00edz\u00fcletek eg\u00e9szs\u00e9g\u00e9t. A mang\u00e1n hozz\u00e1j\u00e1rul a norm\u00e1l csontozat fenntart\u00e1s\u00e1hoz.A C-vitamin hozz\u00e1j\u00e1rul a norm\u00e1l kollag\u00e9nk\u00e9pz\u00f5d\u00e9shez, \u00e9s ezen kereszt\u00fcl a porcok norm\u00e1l m\u00fbk\u00f6d\u00e9s\u00e9hez. A kurkuma seg\u00edt a szervezetben a gyullad\u00e1sos reakci\u00f3k szab\u00e1lyoz\u00e1s\u00e1ban, enyh\u00edti [&hellip;]<\/p>\n","protected":false},"featured_media":0,"comment_status":"closed","ping_status":"open","template":"","meta":[],"product_cat":[61],"product_tag":[],"class_list":{"0":"post-5811","1":"product","2":"type-product","3":"status-publish","5":"product_brand-nordvital","6":"product_cat-etrend-kiegeszitok","8":"first","9":"instock","10":"purchasable","11":"product-type-simple"},"_links":{"self":[{"href":"https:\/\/vitamin.coredesign.hu\/index.php?rest_route=\/wp\/v2\/product\/5811","targetHints":{"allow":["GET"]}}],"collection":[{"href":"https:\/\/vitamin.coredesign.hu\/index.php?rest_route=\/wp\/v2\/product"}],"about":[{"href":"https:\/\/vitamin.coredesign.hu\/index.php?rest_route=\/wp\/v2\/types\/product"}],"replies":[{"embeddable":true,"href":"https:\/\/vitamin.coredesign.hu\/index.php?rest_route=%2Fwp%2Fv2%2Fcomments&post=5811"}],"wp:attachment":[{"href":"https:\/\/vitamin.coredesign.hu\/index.php?rest_route=%2Fwp%2Fv2%2Fmedia&parent=5811"}],"wp:term":[{"taxonomy":"product_cat","embeddable":true,"href":"https:\/\/vitamin.coredesign.hu\/index.php?rest_route=%2Fwp%2Fv2%2Fproduct_cat&post=5811"},{"taxonomy":"product_tag","embeddable":true,"href":"https:\/\/vitamin.coredesign.hu\/index.php?rest_route=%2Fwp%2Fv2%2Fproduct_tag&post=5811"}],"curies":[{"name":"wp","href":"https:\/\/api.w.org\/{rel}","templated":true}]}}