{"id":5810,"date":"2025-10-12T12:32:02","date_gmt":"2025-10-12T10:32:02","guid":{"rendered":"https:\/\/vitamin.coredesign.hu\/?product=nordvital-hialuronsav-komplex-30-db-vegan-kapszula"},"modified":"2026-01-08T23:29:18","modified_gmt":"2026-01-08T22:29:18","slug":"nordvital-hialuronsav-komplex-30-db-vegan-kapszula","status":"publish","type":"product","link":"https:\/\/vitamin.coredesign.hu\/?product=nordvital-hialuronsav-komplex-30-db-vegan-kapszula","title":{"rendered":"Nordvital Hialuronsav komplex 30 db veg\u00e1n kapszula"},"content":{"rendered":"<p>&nbsp;<\/p>\n<div id=\"lt-accessibility-devtools\" aria-hidden=\"true\"><\/div>\n<p>R\u00e9szletes term\u00e9kel\u00edr\u00e1s<br \/>\n?veg\u00e1n<br \/>\n?\u00a0b\u00f5r\u00e1pol\u00e1s<br \/>\n?\u00a0\u00edz\u00fcleti eg\u00e9szs\u00e9g<br \/>\n?\u00a0sz\u00e1j\u00fcregi eg\u00e9szs\u00e9g<br \/>\nA Nordvital Hialuronsav Komplex Veg\u00e1n egy innovat\u00edv t\u00e1pl\u00e1l\u00e9kkieg\u00e9sz\u00edt\u00f5, amely hialuronsavat \u00e9s egy\u00e9b kulcsfontoss\u00e1g\u00fa \u00f6sszetev\u00f5ket egyes\u00edt, kifejezetten a veg\u00e1n \u00e9letm\u00f3dot k\u00f6vet\u00f5k sz\u00e1m\u00e1ra. A hialuronsav m\u00e9ly hidrat\u00e1ci\u00f3t biztos\u00edt a b\u00f5rnek, seg\u00edtve cs\u00f6kkenteni a r\u00e1ncokat \u00e9s jav\u00edtani a b\u00f5r rugalmass\u00e1g\u00e1t. Az antioxid\u00e1nsokkal \u00e9s egy\u00e9b t\u00e1panyagokkal kombin\u00e1lva, a formula hozz\u00e1j\u00e1rulhat a fiatalosabb, eg\u00e9szs\u00e9gesebb b\u00f5rk\u00e9p kialak\u00edt\u00e1s\u00e1hoz. Ide\u00e1lis v\u00e1laszt\u00e1s mindazoknak, akik szeretn\u00e9k t\u00e1mogatni a b\u00f5r\u00fck hidrat\u00e1ci\u00f3j\u00e1t \u00e9s vitalit\u00e1s\u00e1t veg\u00e1n m\u00f3don. A Nordvital Hialuronsav Komplex Veg\u00e1n seg\u00edt az eg\u00e9szs\u00e9ges, ragyog\u00f3 b\u00f5r el\u00e9r\u00e9s\u00e9ben, k\u00edm\u00e9lve az \u00e1llatokat \u00e9s tiszteletben tartva a veg\u00e1n \u00e9letm\u00f3dot.<br \/>\nHat\u00f3anyag\/1 kapszula:<br \/>\nHialuronsav (n\u00e1trium-hialuron\u00e1t) 250mg<br \/>\nC-vitamin (magn\u00e9zium-L-aszkorb\u00e1t) 100mg 125%<br \/>\nAlfa-liponsav 50mg<br \/>\nV\u00f6r\u00f6s sz\u00f5l\u00f5mag kivonat (Vitis Vinifera) 50mg<br \/>\n\u00d6sszetev\u00f5k:\u00a0n\u00e1trium-hialuron\u00e1t, rizsliszt, kapszulatok (hidroxipropilmetil- cellul\u00f3z), magn\u00e9zium-L-aszkorb\u00e1t, v\u00f6r\u00f6s sz\u00f5l\u00f5mag kivonat, alfa-liponsav, csom\u00f3sod\u00e1st g\u00e1tl\u00f3 (leucin aminosav)<br \/>\nAdagol\u00e1s:\u00a0Napi 1 kapszula, \u00e9tkez\u00e9sek k\u00f6z\u00f6tt b\u00f5 folyad\u00e9kkal. \u00c9rz\u00e9keny em\u00e9szt\u00f5rendszer eset\u00e9n \u00e9tkez\u00e9s ut\u00e1n aj\u00e1nlott bevenni.<br \/>\nFigyelmeztet\u00e9s:\u00a0Az \u00e9trend-kieg\u00e9sz\u00edt\u00f5 fogyaszt\u00e1sa nem helyettes\u00edti a kiegyens\u00falyozott, v\u00e1ltozatos, vegyes \u00e9trendet \u00e9s az eg\u00e9szs\u00e9ges \u00e9letm\u00f3dot. A napi aj\u00e1nlott mennyis\u00e9get ne l\u00e9pje t\u00fal! Ne szedje a k\u00e9sz\u00edtm\u00e9nyt, ha az \u00f6sszetev\u00f5k b\u00e1rmelyik\u00e9re \u00e9rz\u00e9keny vagy allergi\u00e1s.<\/p>\n","protected":false},"excerpt":{"rendered":"<p>&nbsp; R\u00e9szletes term\u00e9kel\u00edr\u00e1s ?veg\u00e1n ?\u00a0b\u00f5r\u00e1pol\u00e1s ?\u00a0\u00edz\u00fcleti eg\u00e9szs\u00e9g ?\u00a0sz\u00e1j\u00fcregi eg\u00e9szs\u00e9g A Nordvital Hialuronsav Komplex Veg\u00e1n egy innovat\u00edv t\u00e1pl\u00e1l\u00e9kkieg\u00e9sz\u00edt\u00f5, amely hialuronsavat \u00e9s egy\u00e9b kulcsfontoss\u00e1g\u00fa \u00f6sszetev\u00f5ket egyes\u00edt, kifejezetten a veg\u00e1n \u00e9letm\u00f3dot k\u00f6vet\u00f5k sz\u00e1m\u00e1ra. A hialuronsav m\u00e9ly hidrat\u00e1ci\u00f3t biztos\u00edt a b\u00f5rnek, seg\u00edtve cs\u00f6kkenteni a r\u00e1ncokat \u00e9s jav\u00edtani a b\u00f5r rugalmass\u00e1g\u00e1t. Az antioxid\u00e1nsokkal \u00e9s egy\u00e9b t\u00e1panyagokkal kombin\u00e1lva, a formula hozz\u00e1j\u00e1rulhat [&hellip;]<\/p>\n","protected":false},"featured_media":0,"comment_status":"closed","ping_status":"open","template":"","meta":[],"product_cat":[61],"product_tag":[],"class_list":{"0":"post-5810","1":"product","2":"type-product","3":"status-publish","5":"product_brand-nordvital","6":"product_cat-etrend-kiegeszitok","8":"first","9":"instock","10":"purchasable","11":"product-type-simple"},"_links":{"self":[{"href":"https:\/\/vitamin.coredesign.hu\/index.php?rest_route=\/wp\/v2\/product\/5810","targetHints":{"allow":["GET"]}}],"collection":[{"href":"https:\/\/vitamin.coredesign.hu\/index.php?rest_route=\/wp\/v2\/product"}],"about":[{"href":"https:\/\/vitamin.coredesign.hu\/index.php?rest_route=\/wp\/v2\/types\/product"}],"replies":[{"embeddable":true,"href":"https:\/\/vitamin.coredesign.hu\/index.php?rest_route=%2Fwp%2Fv2%2Fcomments&post=5810"}],"wp:attachment":[{"href":"https:\/\/vitamin.coredesign.hu\/index.php?rest_route=%2Fwp%2Fv2%2Fmedia&parent=5810"}],"wp:term":[{"taxonomy":"product_cat","embeddable":true,"href":"https:\/\/vitamin.coredesign.hu\/index.php?rest_route=%2Fwp%2Fv2%2Fproduct_cat&post=5810"},{"taxonomy":"product_tag","embeddable":true,"href":"https:\/\/vitamin.coredesign.hu\/index.php?rest_route=%2Fwp%2Fv2%2Fproduct_tag&post=5810"}],"curies":[{"name":"wp","href":"https:\/\/api.w.org\/{rel}","templated":true}]}}