{"id":5806,"date":"2025-10-12T12:32:02","date_gmt":"2025-10-12T10:32:02","guid":{"rendered":"https:\/\/vitamin.coredesign.hu\/?product=nordvital-glicin-250g"},"modified":"2026-01-08T23:29:11","modified_gmt":"2026-01-08T22:29:11","slug":"nordvital-glicin-250g","status":"publish","type":"product","link":"https:\/\/vitamin.coredesign.hu\/?product=nordvital-glicin-250g","title":{"rendered":"Nordvital Glicin 250g"},"content":{"rendered":"<p>&nbsp;<\/p>\n<div id=\"lt-accessibility-devtools\" aria-hidden=\"true\"><\/div>\n<p>R\u00e9szletes term\u00e9kel\u00edr\u00e1s<br \/>\nTerm\u00e9k\u00fcnknek meg\u00fajult a csomagol\u00e1sa.<br \/>\nA glicin a kollag\u00e9n f\u00f5 aminosava, amely a k\u00f6t\u00f5sz\u00f6vetek, p\u00e9ld\u00e1ul a csontok, a b\u00f5r, a szalagok, az \u00ednszalagok \u00e9s a porcok f\u00f5 szerkezeti feh\u00e9rj\u00e9je.<br \/>\nHat\u00f3anyag\/3g:<br \/>\nGlicin 3 g<br \/>\n\u00d6sszetev\u00f5k:\u00a0100% Glicin<br \/>\nAdagol\u00e1s:\u00a0Naponta 3 g glicint fogyasszunk valamilyen folyad\u00e9kban feloldva. \u00c9tkez\u00e9st\u00f5l f\u00fcggetlen\u00fcl, a nap b\u00e1rmely szak\u00e1ban bevehet\u00f5.<br \/>\nFigyelmeztet\u00e9s:\u00a0A term\u00e9ket tartsa gyermekekt\u00f5l elz\u00e1rva! A napi aj\u00e1nlott mennyis\u00e9get ne l\u00e9pje t\u00fal! Az\u00a0\u00e9trend-kieg\u00e9sz\u00edt\u00f5 nem helyettes\u00edti a kiegyens\u00falyozott, v\u00e1ltozatos \u00e9trendet \u00e9s az eg\u00e9szs\u00e9ges \u00e9letm\u00f3dot<br \/>\nEgy\u00e9b allerg\u00e9n inform\u00e1ci\u00f3:\u00a0F\u00f6ldimogyor\u00f3t, di\u00f3f\u00e9l\u00e9ket \u00e9s szez\u00e1mmagot is feldolgoz\u00f3 \u00fczemben k\u00e9sz\u00fclt.<\/p>\n","protected":false},"excerpt":{"rendered":"<p>&nbsp; R\u00e9szletes term\u00e9kel\u00edr\u00e1s Term\u00e9k\u00fcnknek meg\u00fajult a csomagol\u00e1sa. A glicin a kollag\u00e9n f\u00f5 aminosava, amely a k\u00f6t\u00f5sz\u00f6vetek, p\u00e9ld\u00e1ul a csontok, a b\u00f5r, a szalagok, az \u00ednszalagok \u00e9s a porcok f\u00f5 szerkezeti feh\u00e9rj\u00e9je. Hat\u00f3anyag\/3g: Glicin 3 g \u00d6sszetev\u00f5k:\u00a0100% Glicin Adagol\u00e1s:\u00a0Naponta 3 g glicint fogyasszunk valamilyen folyad\u00e9kban feloldva. \u00c9tkez\u00e9st\u00f5l f\u00fcggetlen\u00fcl, a nap b\u00e1rmely szak\u00e1ban bevehet\u00f5. Figyelmeztet\u00e9s:\u00a0A term\u00e9ket tartsa [&hellip;]<\/p>\n","protected":false},"featured_media":5807,"comment_status":"closed","ping_status":"open","template":"","meta":[],"product_cat":[61],"product_tag":[],"class_list":{"0":"post-5806","1":"product","2":"type-product","3":"status-publish","4":"has-post-thumbnail","6":"product_brand-nordvital","7":"product_cat-etrend-kiegeszitok","9":"first","10":"instock","11":"purchasable","12":"product-type-simple"},"_links":{"self":[{"href":"https:\/\/vitamin.coredesign.hu\/index.php?rest_route=\/wp\/v2\/product\/5806","targetHints":{"allow":["GET"]}}],"collection":[{"href":"https:\/\/vitamin.coredesign.hu\/index.php?rest_route=\/wp\/v2\/product"}],"about":[{"href":"https:\/\/vitamin.coredesign.hu\/index.php?rest_route=\/wp\/v2\/types\/product"}],"replies":[{"embeddable":true,"href":"https:\/\/vitamin.coredesign.hu\/index.php?rest_route=%2Fwp%2Fv2%2Fcomments&post=5806"}],"wp:featuredmedia":[{"embeddable":true,"href":"https:\/\/vitamin.coredesign.hu\/index.php?rest_route=\/wp\/v2\/media\/5807"}],"wp:attachment":[{"href":"https:\/\/vitamin.coredesign.hu\/index.php?rest_route=%2Fwp%2Fv2%2Fmedia&parent=5806"}],"wp:term":[{"taxonomy":"product_cat","embeddable":true,"href":"https:\/\/vitamin.coredesign.hu\/index.php?rest_route=%2Fwp%2Fv2%2Fproduct_cat&post=5806"},{"taxonomy":"product_tag","embeddable":true,"href":"https:\/\/vitamin.coredesign.hu\/index.php?rest_route=%2Fwp%2Fv2%2Fproduct_tag&post=5806"}],"curies":[{"name":"wp","href":"https:\/\/api.w.org\/{rel}","templated":true}]}}