{"id":5804,"date":"2025-10-12T12:32:02","date_gmt":"2025-10-12T10:32:02","guid":{"rendered":"https:\/\/vitamin.coredesign.hu\/?product=nordvital-fermentalt-papaya-koncentratumnoni500ml"},"modified":"2026-01-08T23:29:10","modified_gmt":"2026-01-08T22:29:10","slug":"nordvital-fermentalt-papaya-koncentratumnoni500ml","status":"publish","type":"product","link":"https:\/\/vitamin.coredesign.hu\/?product=nordvital-fermentalt-papaya-koncentratumnoni500ml","title":{"rendered":"Nordvital Ferment\u00e1lt Papaya koncentr\u00e1tum+Noni500ml"},"content":{"rendered":"<p>&nbsp;<\/p>\n<div id=\"lt-accessibility-devtools\" aria-hidden=\"true\"><\/div>\n<p>R\u00e9szletes term\u00e9kel\u00edr\u00e1s<br \/>\n?veg\u00e1n<br \/>\n? er\u00f5s\u00edti az immunrendszert<br \/>\n? t\u00e1mogatja az em\u00e9szt\u00f5rendszer eg\u00e9szs\u00e9g\u00e9t<br \/>\n? antioxid\u00e1ns<br \/>\nMiben k\u00fcl\u00f6nleges?<br \/>\n-hozz\u00e1adott cukort\u00f3l mentes<br \/>\n-kellemes \u00edz<br \/>\n-magas min\u00f5s\u00e9g<br \/>\nBioferment\u00e1ci\u00f3val k\u00e9sz\u00fclt foly\u00e9kony papaya koncentr\u00e1tum. A papay\u00e1t term\u00e9szetes Noni gy\u00fcm\u00f6lcsl\u00e9vel eg\u00e9sz\u00edtett\u00fck ki. Mesters\u00e9ges arom\u00e1t nem tartalmaz. Egyed\u00fcl\u00e1ll\u00f3 kombin\u00e1ci\u00f3ja a bioferment\u00e1ci\u00f3val el\u00f5\u00e1ll\u00edtott papaya koncentr\u00e1tumnak \u00e9s a term\u00e9szetes Noni gy\u00fcm\u00f6lcsl\u00e9nek. Ez a mesters\u00e9ges arom\u00e1kt\u00f3l mentes foly\u00e9kony k\u00e9sz\u00edtm\u00e9ny kiemelked\u00f5en gazdag antioxid\u00e1nsokban, amelyek seg\u00edtenek a szabad gy\u00f6k\u00f6k elleni v\u00e9dekez\u00e9sben, t\u00e1mogatj\u00e1k az em\u00e9szt\u00f5rendszer eg\u00e9szs\u00e9g\u00e9t \u00e9s er\u00f5s\u00edtik az immunrendszert. A ferment\u00e1lt papaya \u00e9s Noni gy\u00fcm\u00f6lcsl\u00e9 egy\u00fcttes ereje hozz\u00e1j\u00e1rul az \u00e1ltal\u00e1nos j\u00f3l\u00e9t \u00e9s vitalit\u00e1s n\u00f6vel\u00e9s\u00e9hez.<br \/>\nHat\u00f3anyag\/30ml (3 ev\u00f5kan\u00e1l):<br \/>\nFerment\u00e1lt Papaya gy\u00fcm\u00f6lcsl\u00e9 25,5 ml<br \/>\nPapaya gy\u00fcm\u00f6lcsp\u00e9p 2,4 ml<br \/>\nNoni gy\u00fcm\u00f6lcsl\u00e9 0,3 ml<br \/>\n\u00d6sszetev\u00f5k:\u00a0ferment\u00e1lt papaya gy\u00fcm\u00f6lcsl\u00e9, papaya gy\u00fcm\u00f6lcsp\u00e9p, tiszt\u00edtott v\u00edz, noni (Morinda Citrifolia L.) gy\u00fcm\u00f6lcsl\u00e9, s\u00fbr\u00edt\u00f5anyag (xant\u00e1ngumi), tart\u00f3s\u00edt\u00f3szer (k\u00e1lium-szorb\u00e1t)<br \/>\nAdagol\u00e1s:\u00a0Napi 30 ml (3 ev\u00f5kan\u00e1l) k\u00e9t r\u00e9szletben, lehet\u00f5leg \u00e9tkez\u00e9s el\u00f5tt, \u00f6nmag\u00e1ban, vagy kb. 2 dl v\u00edzzel elfogyasztva. Haszn\u00e1lat el\u00f5tt felr\u00e1zand\u00f3. Javasolt adagol\u00e1si id\u00f5tartam: minimum 50 nap (3 palack), maximum 160 nap (10 palack).<br \/>\nFigyelmeztet\u00e9s:\u00a0Az \u00e9trend-kieg\u00e9sz\u00edt\u00f5 fogyaszt\u00e1sa nem helyettes\u00edti a\u00a0kiegyens\u00falyozott, v\u00e1ltozatos, vegyes \u00e9trendet \u00e9s az eg\u00e9szs\u00e9ges \u00e9letm\u00f3dot. A\u00a0napi aj\u00e1nlott mennyis\u00e9get ne l\u00e9pje t\u00fal! Ne szedje a\u00a0k\u00e9sz\u00edtm\u00e9nyt, ha az \u00f6sszetev\u00f5k b\u00e1rmelyik\u00e9re \u00e9rz\u00e9keny vagy allergi\u00e1s.<br \/>\n\u00c1tlagos t\u00e1p\u00e9rt\u00e9k 100g term\u00e9kben:<br \/>\nEnergia: 435 kJ \/ 104 kcal<br \/>\nZs\u00edr: 0g<br \/>\nAmelyb\u00f5l tel\u00edtett zs\u00edrsavak: 0gSz\u00e9nhidr\u00e1t: 26g<br \/>\nAmelyb\u00f5l cukrok: 26g<br \/>\nFeh\u00e9rje: 0g<br \/>\nRost: 0g<br \/>\nS\u00f3: 0,15g<\/p>\n","protected":false},"excerpt":{"rendered":"<p>&nbsp; R\u00e9szletes term\u00e9kel\u00edr\u00e1s ?veg\u00e1n ? er\u00f5s\u00edti az immunrendszert ? t\u00e1mogatja az em\u00e9szt\u00f5rendszer eg\u00e9szs\u00e9g\u00e9t ? antioxid\u00e1ns Miben k\u00fcl\u00f6nleges? -hozz\u00e1adott cukort\u00f3l mentes -kellemes \u00edz -magas min\u00f5s\u00e9g Bioferment\u00e1ci\u00f3val k\u00e9sz\u00fclt foly\u00e9kony papaya koncentr\u00e1tum. A papay\u00e1t term\u00e9szetes Noni gy\u00fcm\u00f6lcsl\u00e9vel eg\u00e9sz\u00edtett\u00fck ki. Mesters\u00e9ges arom\u00e1t nem tartalmaz. Egyed\u00fcl\u00e1ll\u00f3 kombin\u00e1ci\u00f3ja a bioferment\u00e1ci\u00f3val el\u00f5\u00e1ll\u00edtott papaya koncentr\u00e1tumnak \u00e9s a term\u00e9szetes Noni gy\u00fcm\u00f6lcsl\u00e9nek. Ez a mesters\u00e9ges [&hellip;]<\/p>\n","protected":false},"featured_media":5805,"comment_status":"closed","ping_status":"open","template":"","meta":[],"product_cat":[61],"product_tag":[],"class_list":{"0":"post-5804","1":"product","2":"type-product","3":"status-publish","4":"has-post-thumbnail","6":"product_brand-nordvital","7":"product_cat-etrend-kiegeszitok","9":"first","10":"instock","11":"purchasable","12":"product-type-simple"},"_links":{"self":[{"href":"https:\/\/vitamin.coredesign.hu\/index.php?rest_route=\/wp\/v2\/product\/5804","targetHints":{"allow":["GET"]}}],"collection":[{"href":"https:\/\/vitamin.coredesign.hu\/index.php?rest_route=\/wp\/v2\/product"}],"about":[{"href":"https:\/\/vitamin.coredesign.hu\/index.php?rest_route=\/wp\/v2\/types\/product"}],"replies":[{"embeddable":true,"href":"https:\/\/vitamin.coredesign.hu\/index.php?rest_route=%2Fwp%2Fv2%2Fcomments&post=5804"}],"wp:featuredmedia":[{"embeddable":true,"href":"https:\/\/vitamin.coredesign.hu\/index.php?rest_route=\/wp\/v2\/media\/5805"}],"wp:attachment":[{"href":"https:\/\/vitamin.coredesign.hu\/index.php?rest_route=%2Fwp%2Fv2%2Fmedia&parent=5804"}],"wp:term":[{"taxonomy":"product_cat","embeddable":true,"href":"https:\/\/vitamin.coredesign.hu\/index.php?rest_route=%2Fwp%2Fv2%2Fproduct_cat&post=5804"},{"taxonomy":"product_tag","embeddable":true,"href":"https:\/\/vitamin.coredesign.hu\/index.php?rest_route=%2Fwp%2Fv2%2Fproduct_tag&post=5804"}],"curies":[{"name":"wp","href":"https:\/\/api.w.org\/{rel}","templated":true}]}}