{"id":5802,"date":"2025-10-12T12:32:02","date_gmt":"2025-10-12T10:32:02","guid":{"rendered":"https:\/\/vitamin.coredesign.hu\/?product=nordvital-enzim-komplex-60-db"},"modified":"2026-01-08T23:29:09","modified_gmt":"2026-01-08T22:29:09","slug":"nordvital-enzim-komplex-60-db","status":"publish","type":"product","link":"https:\/\/vitamin.coredesign.hu\/?product=nordvital-enzim-komplex-60-db","title":{"rendered":"Nordvital Enzim Komplex 60 db"},"content":{"rendered":"<p>&nbsp;<\/p>\n<div id=\"lt-accessibility-devtools\" aria-hidden=\"true\"><\/div>\n<p>R\u00e9szletes term\u00e9kel\u00edr\u00e1s<br \/>\nA Nordvital Enzim Komplex k\u00e9sz\u00edtm\u00e9ny\u00fcnk nyolcf\u00e9le enzimet tartalmaz, melyek t\u00f6k\u00e9letesen kieg\u00e9sz\u00edtik egym\u00e1st. A lakt\u00e1z enzim jav\u00edtja a lakt\u00f3z em\u00e9szt\u00e9s\u00e9t a lakt\u00f3z em\u00e9szt\u00e9si neh\u00e9zs\u00e9ggel k\u00fbzd\u00f5 egy\u00e9nekn\u00e9l. A betain hozz\u00e1j\u00e1rul a norm\u00e1l homocisztein anyagcser\u00e9hez.<br \/>\nHat\u00f3anyag\/:<br \/>\nProte\u00e1z enzim (Aspergillus flavus oryzae) 14850 U<br \/>\nPapain enzim 6000 U -** Lip\u00e1z enzim (Aspergillus niger) 297 U<br \/>\nAlfa-amil\u00e1z enzim (Aspergillus flavus oryzae) 5940 U<br \/>\nCellul\u00e1z enzim (Trichoderma reesei) 120 U<br \/>\nLakt\u00e1z enzim (Aspergillus flavus oryzae) 75 ALU<br \/>\nBromelain enzim (Ananas comosus comosus) 33750 U<br \/>\nAlfa-galaktozid\u00e1z enzim (Aspergillus niger) 50 U<br \/>\nBetain-hidroklorid 50 mg<br \/>\n\u00d6sszetev\u00f5k:\u00a0rizsliszt, prote\u00e1z enzim, alfa-amil\u00e1z, hidroxipropil-metil-cellul\u00f3z (veg\u00e1n kapszulatok), bromelain, betain-hidroklorid, csom\u00f3sod\u00e1st g\u00e1tl\u00f3 anyag: leucin aminosav, papain enzim, lakt\u00e1z enzim, lip\u00e1z enzim (triacilglicerid lip\u00e1z), cellul\u00e1z, alfa-galaktozid\u00e1z enzim<br \/>\nAdagol\u00e1s:\u00a0Napi 1 kapszula \u00e9tkez\u00e9s k\u00f6zben<br \/>\nFigyelmeztet\u00e9s:\u00a0A term\u00e9ket tartsa gyermekekt\u00f5l elz\u00e1rva! A napi aj\u00e1nlott mennyis\u00e9get ne l\u00e9pje t\u00fal! Az\u00a0\u00e9trend-kieg\u00e9sz\u00edt\u00f5 nem helyettes\u00edti a kiegyens\u00falyozott, v\u00e1ltozatos \u00e9trendet \u00e9s az eg\u00e9szs\u00e9ges \u00e9letm\u00f3dot<\/p>\n","protected":false},"excerpt":{"rendered":"<p>&nbsp; R\u00e9szletes term\u00e9kel\u00edr\u00e1s A Nordvital Enzim Komplex k\u00e9sz\u00edtm\u00e9ny\u00fcnk nyolcf\u00e9le enzimet tartalmaz, melyek t\u00f6k\u00e9letesen kieg\u00e9sz\u00edtik egym\u00e1st. A lakt\u00e1z enzim jav\u00edtja a lakt\u00f3z em\u00e9szt\u00e9s\u00e9t a lakt\u00f3z em\u00e9szt\u00e9si neh\u00e9zs\u00e9ggel k\u00fbzd\u00f5 egy\u00e9nekn\u00e9l. A betain hozz\u00e1j\u00e1rul a norm\u00e1l homocisztein anyagcser\u00e9hez. Hat\u00f3anyag\/: Prote\u00e1z enzim (Aspergillus flavus oryzae) 14850 U Papain enzim 6000 U -** Lip\u00e1z enzim (Aspergillus niger) 297 U Alfa-amil\u00e1z [&hellip;]<\/p>\n","protected":false},"featured_media":5803,"comment_status":"closed","ping_status":"open","template":"","meta":[],"product_cat":[61],"product_tag":[],"class_list":{"0":"post-5802","1":"product","2":"type-product","3":"status-publish","4":"has-post-thumbnail","6":"product_brand-nordvital","7":"product_cat-etrend-kiegeszitok","9":"first","10":"instock","11":"purchasable","12":"product-type-simple"},"_links":{"self":[{"href":"https:\/\/vitamin.coredesign.hu\/index.php?rest_route=\/wp\/v2\/product\/5802","targetHints":{"allow":["GET"]}}],"collection":[{"href":"https:\/\/vitamin.coredesign.hu\/index.php?rest_route=\/wp\/v2\/product"}],"about":[{"href":"https:\/\/vitamin.coredesign.hu\/index.php?rest_route=\/wp\/v2\/types\/product"}],"replies":[{"embeddable":true,"href":"https:\/\/vitamin.coredesign.hu\/index.php?rest_route=%2Fwp%2Fv2%2Fcomments&post=5802"}],"wp:featuredmedia":[{"embeddable":true,"href":"https:\/\/vitamin.coredesign.hu\/index.php?rest_route=\/wp\/v2\/media\/5803"}],"wp:attachment":[{"href":"https:\/\/vitamin.coredesign.hu\/index.php?rest_route=%2Fwp%2Fv2%2Fmedia&parent=5802"}],"wp:term":[{"taxonomy":"product_cat","embeddable":true,"href":"https:\/\/vitamin.coredesign.hu\/index.php?rest_route=%2Fwp%2Fv2%2Fproduct_cat&post=5802"},{"taxonomy":"product_tag","embeddable":true,"href":"https:\/\/vitamin.coredesign.hu\/index.php?rest_route=%2Fwp%2Fv2%2Fproduct_tag&post=5802"}],"curies":[{"name":"wp","href":"https:\/\/api.w.org\/{rel}","templated":true}]}}