{"id":5796,"date":"2025-10-12T12:32:02","date_gmt":"2025-10-12T10:32:02","guid":{"rendered":"https:\/\/vitamin.coredesign.hu\/?product=nordvital-d3-vitamin-csepp-30-ml-240-adag"},"modified":"2026-01-08T23:29:07","modified_gmt":"2026-01-08T22:29:07","slug":"nordvital-d3-vitamin-csepp-30-ml-240-adag","status":"publish","type":"product","link":"https:\/\/vitamin.coredesign.hu\/?product=nordvital-d3-vitamin-csepp-30-ml-240-adag","title":{"rendered":"Nordvital D3-vitamin csepp 30 ml 240 adag"},"content":{"rendered":"<p>&nbsp;<\/p>\n<div id=\"lt-accessibility-devtools\" aria-hidden=\"true\"><\/div>\n<p>R\u00e9szletes term\u00e9kel\u00edr\u00e1s<br \/>\n?veget\u00e1ri\u00e1nus<br \/>\n? csontok \u00e9s fogak eg\u00e9szs\u00e9ge\u00a0<br \/>\n? immunrendszer t\u00e1mogat\u00e1s<br \/>\n? idegrendszer \u00e9s hangulat jav\u00edt\u00e1sa<br \/>\nA Nordvital D3-vitamin folyad\u00e9k 30 ml-es kiszerel\u00e9sben k\u00edn\u00e1lja az esszenci\u00e1lis D-vitamint, amely elengedhetetlen az eg\u00e9szs\u00e9ges csontok, immunrendszer \u00e9s \u00e1ltal\u00e1nos j\u00f3l\u00e9t szempontj\u00e1b\u00f3l. Ez a k\u00f6nnyen adagolhat\u00f3 formula kiv\u00e1l\u00f3 v\u00e1laszt\u00e1s azoknak, akiknek neh\u00e9zs\u00e9geik vannak a tabletta vagy kapszula form\u00e1j\u00fa kieg\u00e9sz\u00edt\u00f5kkel. A D3-vitamin t\u00e1mogatja a kalcium felsz\u00edv\u00f3d\u00e1s\u00e1t, hozz\u00e1j\u00e1rulva a csontok er\u00f5ss\u00e9g\u00e9hez \u00e9s az optim\u00e1lis immunfunkci\u00f3hoz. V\u00e1lassza a Nordvital D3-vitamin folyad\u00e9kot a k\u00f6nny\u00fb \u00e9s hat\u00e9kony D-vitaminp\u00f3tl\u00e1s\u00e9rt!<br \/>\nHat\u00f3anyag\/4 csepp:<br \/>\nD3-vitamin (kolekalciferol) 100mcg = 4000NE 2000%<br \/>\n\u00d6sszetev\u00f5k:\u00a0MCT-olaj (RSPO min\u00f5s\u00edtett p\u00e1lma \u00e9s k\u00f3kuszolajb\u00f3l), kolekalciferol, antioxid\u00e1ns (term\u00e9szetes vegyes tokoferolok)<br \/>\nAdagol\u00e1s:\u00a0Naponta 4 csepp fogyaszt\u00e1s\u00e1t javasoljuk feln\u00f5tteknek, k\u00f6zvetlen\u00fcl sz\u00e1jba cseppentve, vagy \u00e9telhez keverve. Folyad\u00e9kba ne keverje! Legjobb reggel, az els\u00f5 \u00e9tkez\u00e9skor bevenni. 1 csepp 1000 NE D3-vitamint tartalmaz. Gyermekeknek 20 tests\u00falykilogrammonk\u00e9nt 1 cseppet javasolunk. Sz\u00e1jba cseppent\u00e9s eset\u00e9n a pipetta ne \u00e9rintkezzen a nyelv\u00e9vel, mivel term\u00e9k\u00fcnk tart\u00f3s\u00edt\u00f3szert nem tartalmaz.<br \/>\nFigyelmeztet\u00e9s:\u00a0Az \u00e9trend-kieg\u00e9sz\u00edt\u00f5 fogyaszt\u00e1sa nem helyettes\u00edti a kiegyens\u00falyozott, v\u00e1ltozatos, vegyes \u00e9trendet \u00e9s az eg\u00e9szs\u00e9ges \u00e9letm\u00f3dot. A napi aj\u00e1nlott mennyis\u00e9get ne l\u00e9pje t\u00fal! Ne szedje a k\u00e9sz\u00edtm\u00e9nyt, ha az \u00f6sszetev\u00f5k b\u00e1rmelyik\u00e9re \u00e9rz\u00e9keny vagy allergi\u00e1s.<\/p>\n","protected":false},"excerpt":{"rendered":"<p>&nbsp; R\u00e9szletes term\u00e9kel\u00edr\u00e1s ?veget\u00e1ri\u00e1nus ? csontok \u00e9s fogak eg\u00e9szs\u00e9ge\u00a0 ? immunrendszer t\u00e1mogat\u00e1s ? idegrendszer \u00e9s hangulat jav\u00edt\u00e1sa A Nordvital D3-vitamin folyad\u00e9k 30 ml-es kiszerel\u00e9sben k\u00edn\u00e1lja az esszenci\u00e1lis D-vitamint, amely elengedhetetlen az eg\u00e9szs\u00e9ges csontok, immunrendszer \u00e9s \u00e1ltal\u00e1nos j\u00f3l\u00e9t szempontj\u00e1b\u00f3l. Ez a k\u00f6nnyen adagolhat\u00f3 formula kiv\u00e1l\u00f3 v\u00e1laszt\u00e1s azoknak, akiknek neh\u00e9zs\u00e9geik vannak a tabletta vagy kapszula form\u00e1j\u00fa kieg\u00e9sz\u00edt\u00f5kkel. [&hellip;]<\/p>\n","protected":false},"featured_media":5797,"comment_status":"closed","ping_status":"open","template":"","meta":[],"product_cat":[60],"product_tag":[],"class_list":{"0":"post-5796","1":"product","2":"type-product","3":"status-publish","4":"has-post-thumbnail","6":"product_brand-nordvital","7":"product_cat-vitaminok","9":"first","10":"instock","11":"purchasable","12":"product-type-simple"},"_links":{"self":[{"href":"https:\/\/vitamin.coredesign.hu\/index.php?rest_route=\/wp\/v2\/product\/5796","targetHints":{"allow":["GET"]}}],"collection":[{"href":"https:\/\/vitamin.coredesign.hu\/index.php?rest_route=\/wp\/v2\/product"}],"about":[{"href":"https:\/\/vitamin.coredesign.hu\/index.php?rest_route=\/wp\/v2\/types\/product"}],"replies":[{"embeddable":true,"href":"https:\/\/vitamin.coredesign.hu\/index.php?rest_route=%2Fwp%2Fv2%2Fcomments&post=5796"}],"wp:featuredmedia":[{"embeddable":true,"href":"https:\/\/vitamin.coredesign.hu\/index.php?rest_route=\/wp\/v2\/media\/5797"}],"wp:attachment":[{"href":"https:\/\/vitamin.coredesign.hu\/index.php?rest_route=%2Fwp%2Fv2%2Fmedia&parent=5796"}],"wp:term":[{"taxonomy":"product_cat","embeddable":true,"href":"https:\/\/vitamin.coredesign.hu\/index.php?rest_route=%2Fwp%2Fv2%2Fproduct_cat&post=5796"},{"taxonomy":"product_tag","embeddable":true,"href":"https:\/\/vitamin.coredesign.hu\/index.php?rest_route=%2Fwp%2Fv2%2Fproduct_tag&post=5796"}],"curies":[{"name":"wp","href":"https:\/\/api.w.org\/{rel}","templated":true}]}}