{"id":5794,"date":"2025-10-12T12:32:02","date_gmt":"2025-10-12T10:32:02","guid":{"rendered":"https:\/\/vitamin.coredesign.hu\/?product=nordvital-d-mannoz-por-120-g-60-adag"},"modified":"2026-01-08T23:29:06","modified_gmt":"2026-01-08T22:29:06","slug":"nordvital-d-mannoz-por-120-g-60-adag","status":"publish","type":"product","link":"https:\/\/vitamin.coredesign.hu\/?product=nordvital-d-mannoz-por-120-g-60-adag","title":{"rendered":"Nordvital D-mann\u00f3z por 120 g 60 adag"},"content":{"rendered":"<p>&nbsp;<\/p>\n<div id=\"lt-accessibility-devtools\" aria-hidden=\"true\"><\/div>\n<p>R\u00e9szletes term\u00e9kel\u00edr\u00e1s<br \/>\n?veg\u00e1n<br \/>\n? t\u00e1mogatja a h\u00fagy\u00fati rendszer eg\u00e9szs\u00e9g\u00e9t<br \/>\n? term\u00e9szetes megold\u00e1s<br \/>\n? c\u00e9lzott hat\u00e1s<br \/>\nA D-mann\u00f3z olyan cukor, adott egyes n\u00f6v\u00e9nyekb\u00f5l, p\u00e9ld\u00e1ul a b\u00f5rgy\u00f3gy\u00e1szati ??c\u00e9lokra cseresznyevir\u00e1g\u00fa gy\u00fcm\u00f6lcsb\u00f5l (Cranberry) sz\u00e1rmaztatnak. N\u00e9h\u00e1ny fontos szempont, ami miatt az emberek D-mann\u00f3z por haszn\u00e1lat\u00e1ra is szavazhatnak: H\u00fagy\u00fati eg\u00e9szs\u00e9g t\u00e1mogat\u00e1sa: A D-mann\u00f3zt gyakran alkalmazz\u00e1k a h\u00fagy\u00fati fert\u00f5z\u00e9seket, p\u00e9ld\u00e1ul h\u00f3lyaghurut eset\u00e9n. A D-mann\u00f3z k\u00f6nnyen megtapadt, hogy a h\u00f3lyagfalhoz, \u00edgy nem lehet a bakt\u00e9riumoknak a h\u00fagyutak fal\u00e1hoz tapad\u00e1s\u00e1t.<br \/>\nTerm\u00e9szetes \u00e9s biztons\u00e1gos: A D-mann\u00f3z egy term\u00e9szetes forr\u00e1sb\u00f3l sz\u00e1rmaz\u00f3 cukor, \u00e9s a megfelel\u00f5 mennyis\u00e9gben fogyasztva \u00e1ltal\u00e1ban biztons\u00e1gosnak megfelel\u00f5. Tov\u00e1bb\u00e1, a D-mann\u00f3z por k\u00f6nnyen adagolhat\u00f3.<br \/>\nK\u00e9nyelmes fogyaszt\u00e1s: A por form\u00e1tum lehet\u00f5v\u00e9 teszi, hogy k\u00f6nnyen hozz\u00e1adja a k\u00fcl\u00f6nb\u00f6z\u00f5 italokhoz vagy \u00e9telekhez, \u00edgy k\u00f6nnyen beilleszthet\u00f5 a mindennapi \u00e9trendj\u00e9be.<br \/>\nHat\u00f3anyag\/2g\u00a0:<br \/>\nD-mann\u00f3z 2000mg<br \/>\n\u00d6sszetev\u00f5k:\u00a0100% D-mann\u00f3z por<br \/>\nAdagol\u00e1s:\u00a0Naponta 2g (kb. egy te\u00e1skan\u00e1lnyi) oldjon fel egy poh\u00e1r v\u00edzben vagy egy\u00e9b folyad\u00e9kban, \u00e9s igya meg.<br \/>\nFigyelmeztet\u00e9s:\u00a0Az \u00e9trend-kieg\u00e9sz\u00edt\u00f5 fogyaszt\u00e1s nem helyettes\u00edti a kiegyens\u00falyozott, v\u00e1ltozatos, vegyes \u00e9trendet \u00e9s az eg\u00e9szs\u00e9ges \u00e9letm\u00f3dot. A k\u00e9sz\u00edtm\u00e9nyt tartsa gyermekekt\u00f5l elz\u00e1rva! A napi aj\u00e1nlott mennyis\u00e9get ne l\u00e9pje t\u00fal! Ne szedje a k\u00e9sz\u00edtm\u00e9nyt, ha az \u00f6sszetev\u00f5k \u00e9rz\u00e9keny vagy allergi\u00e1s!<\/p>\n","protected":false},"excerpt":{"rendered":"<p>&nbsp; R\u00e9szletes term\u00e9kel\u00edr\u00e1s ?veg\u00e1n ? t\u00e1mogatja a h\u00fagy\u00fati rendszer eg\u00e9szs\u00e9g\u00e9t ? term\u00e9szetes megold\u00e1s ? c\u00e9lzott hat\u00e1s A D-mann\u00f3z olyan cukor, adott egyes n\u00f6v\u00e9nyekb\u00f5l, p\u00e9ld\u00e1ul a b\u00f5rgy\u00f3gy\u00e1szati ??c\u00e9lokra cseresznyevir\u00e1g\u00fa gy\u00fcm\u00f6lcsb\u00f5l (Cranberry) sz\u00e1rmaztatnak. N\u00e9h\u00e1ny fontos szempont, ami miatt az emberek D-mann\u00f3z por haszn\u00e1lat\u00e1ra is szavazhatnak: H\u00fagy\u00fati eg\u00e9szs\u00e9g t\u00e1mogat\u00e1sa: A D-mann\u00f3zt gyakran alkalmazz\u00e1k a h\u00fagy\u00fati fert\u00f5z\u00e9seket, p\u00e9ld\u00e1ul h\u00f3lyaghurut [&hellip;]<\/p>\n","protected":false},"featured_media":5795,"comment_status":"closed","ping_status":"open","template":"","meta":[],"product_cat":[61],"product_tag":[],"class_list":{"0":"post-5794","1":"product","2":"type-product","3":"status-publish","4":"has-post-thumbnail","6":"product_brand-nordvital","7":"product_cat-etrend-kiegeszitok","9":"first","10":"instock","11":"purchasable","12":"product-type-simple"},"_links":{"self":[{"href":"https:\/\/vitamin.coredesign.hu\/index.php?rest_route=\/wp\/v2\/product\/5794","targetHints":{"allow":["GET"]}}],"collection":[{"href":"https:\/\/vitamin.coredesign.hu\/index.php?rest_route=\/wp\/v2\/product"}],"about":[{"href":"https:\/\/vitamin.coredesign.hu\/index.php?rest_route=\/wp\/v2\/types\/product"}],"replies":[{"embeddable":true,"href":"https:\/\/vitamin.coredesign.hu\/index.php?rest_route=%2Fwp%2Fv2%2Fcomments&post=5794"}],"wp:featuredmedia":[{"embeddable":true,"href":"https:\/\/vitamin.coredesign.hu\/index.php?rest_route=\/wp\/v2\/media\/5795"}],"wp:attachment":[{"href":"https:\/\/vitamin.coredesign.hu\/index.php?rest_route=%2Fwp%2Fv2%2Fmedia&parent=5794"}],"wp:term":[{"taxonomy":"product_cat","embeddable":true,"href":"https:\/\/vitamin.coredesign.hu\/index.php?rest_route=%2Fwp%2Fv2%2Fproduct_cat&post=5794"},{"taxonomy":"product_tag","embeddable":true,"href":"https:\/\/vitamin.coredesign.hu\/index.php?rest_route=%2Fwp%2Fv2%2Fproduct_tag&post=5794"}],"curies":[{"name":"wp","href":"https:\/\/api.w.org\/{rel}","templated":true}]}}