{"id":5790,"date":"2025-10-12T12:32:02","date_gmt":"2025-10-12T10:32:02","guid":{"rendered":"https:\/\/vitamin.coredesign.hu\/?product=nordvital-cink-biszglicinat-rez-60-db-kapszula"},"modified":"2026-01-08T23:29:04","modified_gmt":"2026-01-08T22:29:04","slug":"nordvital-cink-biszglicinat-rez-60-db-kapszula","status":"publish","type":"product","link":"https:\/\/vitamin.coredesign.hu\/?product=nordvital-cink-biszglicinat-rez-60-db-kapszula","title":{"rendered":"Nordvital Cink-biszglicin\u00e1t +R\u00e9z 60 db kapszula"},"content":{"rendered":"<p>&nbsp;<\/p>\n<div id=\"lt-accessibility-devtools\" aria-hidden=\"true\"><\/div>\n<p>R\u00e9szletes term\u00e9kel\u00edr\u00e1s<br \/>\n?veg\u00e1n<br \/>\n?\u00a0immunrendszer t\u00e1mogat\u00e1sa<br \/>\n?\u00a0antioxid\u00e1ns<br \/>\n?\u00a0kollag\u00e9n k\u00e9pz\u00f5d\u00e9s<br \/>\nA Nordvital Cink-biszglicin\u00e1t + R\u00e9z k\u00e9sz\u00edtm\u00e9nye egy hat\u00e9kony t\u00e1pl\u00e1l\u00e9k-kieg\u00e9sz\u00edt\u00f5, amely c\u00e9lzottan kombin\u00e1lja a cinket \u00e9s a rezet. A biszglicin\u00e1t forma biztos\u00edtja a k\u00f6nny\u00fb felsz\u00edv\u00f3d\u00e1st, mik\u00f6zben a rez seg\u00edt a cink optim\u00e1lis hasznosul\u00e1s\u00e1ban. Mindk\u00e9t \u00e1sv\u00e1nyi anyag l\u00e9tfontoss\u00e1g\u00fa szerepet j\u00e1tszik az immunrendszer t\u00e1mogat\u00e1s\u00e1ban, a sejtek v\u00e9delm\u00e9ben \u00e9s az antioxid\u00e1ns folyamatokban. Ide\u00e1lis v\u00e1laszt\u00e1s azoknak, akik szeretn\u00e9k kiegyens\u00falyozni t\u00e1pl\u00e1lkoz\u00e1sukat \u00e9s t\u00e1mogatni eg\u00e9szs\u00e9g\u00fcket. V\u00e1lassza a Nordvital Cink-biszglicin\u00e1t + R\u00e9z k\u00e9sz\u00edtm\u00e9nyt a c\u00e9lzott \u00e9s hat\u00e9kony \u00e1sv\u00e1nyi anyag p\u00f3tl\u00e1s\u00e9rt!<br \/>\nHat\u00f3anyag\/1 kapszula:<br \/>\nCink (cink-biszglicin\u00e1tb\u00f3l) 25mg 250%<br \/>\nR\u00e9z (r\u00e9z-biszglicin\u00e1tb\u00f3l) 1mg 100%<br \/>\n\u00d6sszetev\u00f5k:\u00a0rizsliszt, csom\u00f3sod\u00e1st g\u00e1tl\u00f3 (leucin aminosav), cink-biszglicin\u00e1t, kapszulatok (hidroxipropil-metil-cellul\u00f3z), r\u00e9z-biszglicin\u00e1t<br \/>\nAdagol\u00e1s:\u00a0Naponta 1 kapszula, \u00e9tkez\u00e9s ut\u00e1n<br \/>\nFigyelmeztet\u00e9s:\u00a0Az \u00e9trend-kieg\u00e9sz\u00edt\u00f5 fogyaszt\u00e1sa nem helyettes\u00edti a kiegyens\u00falyozott, v\u00e1ltozatos, vegyes \u00e9trendet \u00e9s az eg\u00e9szs\u00e9ges \u00e9letm\u00f3dot. A napi aj\u00e1nlott mennyis\u00e9get ne l\u00e9pje t\u00fal! Ne szedje a k\u00e9sz\u00edtm\u00e9nyt, ha az \u00f6sszetev\u00f5k b\u00e1rmelyik\u00e9re \u00e9rz\u00e9keny vagy allergi\u00e1s.<\/p>\n","protected":false},"excerpt":{"rendered":"<p>&nbsp; R\u00e9szletes term\u00e9kel\u00edr\u00e1s ?veg\u00e1n ?\u00a0immunrendszer t\u00e1mogat\u00e1sa ?\u00a0antioxid\u00e1ns ?\u00a0kollag\u00e9n k\u00e9pz\u00f5d\u00e9s A Nordvital Cink-biszglicin\u00e1t + R\u00e9z k\u00e9sz\u00edtm\u00e9nye egy hat\u00e9kony t\u00e1pl\u00e1l\u00e9k-kieg\u00e9sz\u00edt\u00f5, amely c\u00e9lzottan kombin\u00e1lja a cinket \u00e9s a rezet. A biszglicin\u00e1t forma biztos\u00edtja a k\u00f6nny\u00fb felsz\u00edv\u00f3d\u00e1st, mik\u00f6zben a rez seg\u00edt a cink optim\u00e1lis hasznosul\u00e1s\u00e1ban. Mindk\u00e9t \u00e1sv\u00e1nyi anyag l\u00e9tfontoss\u00e1g\u00fa szerepet j\u00e1tszik az immunrendszer t\u00e1mogat\u00e1s\u00e1ban, a sejtek v\u00e9delm\u00e9ben \u00e9s az [&hellip;]<\/p>\n","protected":false},"featured_media":5791,"comment_status":"closed","ping_status":"open","template":"","meta":[],"product_cat":[73],"product_tag":[],"class_list":{"0":"post-5790","1":"product","2":"type-product","3":"status-publish","4":"has-post-thumbnail","6":"product_brand-nordvital","7":"product_cat-arvanyi-anyagok","9":"first","10":"instock","11":"purchasable","12":"product-type-simple"},"_links":{"self":[{"href":"https:\/\/vitamin.coredesign.hu\/index.php?rest_route=\/wp\/v2\/product\/5790","targetHints":{"allow":["GET"]}}],"collection":[{"href":"https:\/\/vitamin.coredesign.hu\/index.php?rest_route=\/wp\/v2\/product"}],"about":[{"href":"https:\/\/vitamin.coredesign.hu\/index.php?rest_route=\/wp\/v2\/types\/product"}],"replies":[{"embeddable":true,"href":"https:\/\/vitamin.coredesign.hu\/index.php?rest_route=%2Fwp%2Fv2%2Fcomments&post=5790"}],"wp:featuredmedia":[{"embeddable":true,"href":"https:\/\/vitamin.coredesign.hu\/index.php?rest_route=\/wp\/v2\/media\/5791"}],"wp:attachment":[{"href":"https:\/\/vitamin.coredesign.hu\/index.php?rest_route=%2Fwp%2Fv2%2Fmedia&parent=5790"}],"wp:term":[{"taxonomy":"product_cat","embeddable":true,"href":"https:\/\/vitamin.coredesign.hu\/index.php?rest_route=%2Fwp%2Fv2%2Fproduct_cat&post=5790"},{"taxonomy":"product_tag","embeddable":true,"href":"https:\/\/vitamin.coredesign.hu\/index.php?rest_route=%2Fwp%2Fv2%2Fproduct_tag&post=5790"}],"curies":[{"name":"wp","href":"https:\/\/api.w.org\/{rel}","templated":true}]}}