{"id":5788,"date":"2025-10-12T12:32:02","date_gmt":"2025-10-12T10:32:02","guid":{"rendered":"https:\/\/vitamin.coredesign.hu\/?product=nordvital-brain-and-eye-50db-lagyzselatin-kapszula"},"modified":"2026-01-08T23:29:01","modified_gmt":"2026-01-08T22:29:01","slug":"nordvital-brain-and-eye-50db-lagyzselatin-kapszula","status":"publish","type":"product","link":"https:\/\/vitamin.coredesign.hu\/?product=nordvital-brain-and-eye-50db-lagyzselatin-kapszula","title":{"rendered":"Nordvital Brain and Eye 50db l\u00e1gyzselatin kapszula"},"content":{"rendered":"<p>&nbsp;<\/p>\n<div id=\"lt-accessibility-devtools\" aria-hidden=\"true\"><\/div>\n<p>R\u00e9szletes term\u00e9kel\u00edr\u00e1s<br \/>\n?veg\u00e1n<br \/>\n?\u00a0kognit\u00edv funkci\u00f3k t\u00e1mogat\u00e1sa<br \/>\n?\u00a0szem eg\u00e9szs\u00e9ge<br \/>\n?\u00a0antioxid\u00e1ns v\u00e9delem<br \/>\nA Brain and Eye veg\u00e1n kapszula egy kiv\u00e1l\u00f3 t\u00e1pl\u00e1l\u00e9kkieg\u00e9sz\u00edt\u00f5, amely speci\u00e1lisan kifejlesztett formul\u00e1j\u00e1val t\u00e1mogatja az agy \u00e9s a szem eg\u00e9szs\u00e9g\u00e9t. A 50 darabos kiszerel\u00e9s ide\u00e1lis lehet a hosszabb t\u00e1v\u00fa haszn\u00e1latra. A l\u00e1gyzselatin kapszul\u00e1k k\u00f6nnyen lenyelhet\u00f5k \u00e9s gyorsan felsz\u00edv\u00f3dnak a szervezetben.<br \/>\nHat\u00f3anyag\/1 kapszula:<br \/>\nR\u00f3zsagy\u00f6k\u00e9r (Rhodiola Rosea) gy\u00f6k\u00e9r kivonat (10:1) 150mg,<br \/>\nBrahmi (Bacopa Monnieri) n\u00f6v\u00e9ny kivonat 150mg,<br \/>\n-amelyb\u00f5l szaponinok (20%) 30mg,<br \/>\nGinkgo Biloba lev\u00e9l kivonat 120mg,<br \/>\n-amelyb\u00f5l ginkgo flavonglikozidok (24%) 28,8mg,<br \/>\n&#8211;terp\u00e9n-laktonok (6%) 7,2mg,<br \/>\nZeaLutein (lutein:zeaxantin 5:1) 12mg,<br \/>\n-amelyb\u00f5l zeaxantin 2mg, lutein 10mg,<br \/>\nA-vitamin (retinol-palmit\u00e1t) 600?g=2000 IU,<br \/>\nBioPerine (feketebors kivonat, 95% piperin) 2mg,<br \/>\nB12-vitamin (metilkobalamin) 50?g<br \/>\n\u00d6sszetev\u00f5k:\u00a0rhodiola rosea gy\u00f6k\u00e9r kivonat, bacopa monnieri n\u00f6v\u00e9nyi kivonat, rizsliszt, ginkgo biloba lev\u00e9l kivonat, hidroxipropil-metil-cellul\u00f3z (veg\u00e1n kapszulatok), ZeaLutein, csom\u00f3sod\u00e1st g\u00e1tl\u00f3 anyag (leucin aminosav), A-vitamin (retinol-palmit\u00e1t) BioPerine, B12-vitamin (metilkobalamin)<br \/>\nAdagol\u00e1s:\u00a0Napi 1 kapszula, \u00e9tkez\u00e9s k\u00f6zben<br \/>\nFigyelmeztet\u00e9s:\u00a0Az \u00e9trend-kieg\u00e9sz\u00edt\u00f5 fogyaszt\u00e1sa nem helyettes\u00edti a kiegyens\u00falyozott, v\u00e1ltozatos, vegyes \u00e9trendet \u00e9s az eg\u00e9szs\u00e9ges \u00e9letm\u00f3dot. A napi aj\u00e1nlott mennyis\u00e9get ne l\u00e9pje t\u00fal! Ne szedje a k\u00e9sz\u00edtm\u00e9nyt, ha az \u00f6sszetev\u00f5k b\u00e1rmelyik\u00e9re \u00e9rz\u00e9keny vagy allergi\u00e1s.<\/p>\n","protected":false},"excerpt":{"rendered":"<p>&nbsp; R\u00e9szletes term\u00e9kel\u00edr\u00e1s ?veg\u00e1n ?\u00a0kognit\u00edv funkci\u00f3k t\u00e1mogat\u00e1sa ?\u00a0szem eg\u00e9szs\u00e9ge ?\u00a0antioxid\u00e1ns v\u00e9delem A Brain and Eye veg\u00e1n kapszula egy kiv\u00e1l\u00f3 t\u00e1pl\u00e1l\u00e9kkieg\u00e9sz\u00edt\u00f5, amely speci\u00e1lisan kifejlesztett formul\u00e1j\u00e1val t\u00e1mogatja az agy \u00e9s a szem eg\u00e9szs\u00e9g\u00e9t. A 50 darabos kiszerel\u00e9s ide\u00e1lis lehet a hosszabb t\u00e1v\u00fa haszn\u00e1latra. A l\u00e1gyzselatin kapszul\u00e1k k\u00f6nnyen lenyelhet\u00f5k \u00e9s gyorsan felsz\u00edv\u00f3dnak a szervezetben. Hat\u00f3anyag\/1 kapszula: R\u00f3zsagy\u00f6k\u00e9r (Rhodiola [&hellip;]<\/p>\n","protected":false},"featured_media":5789,"comment_status":"closed","ping_status":"open","template":"","meta":[],"product_cat":[61],"product_tag":[],"class_list":{"0":"post-5788","1":"product","2":"type-product","3":"status-publish","4":"has-post-thumbnail","6":"product_brand-nordvital","7":"product_cat-etrend-kiegeszitok","9":"first","10":"instock","11":"purchasable","12":"product-type-simple"},"_links":{"self":[{"href":"https:\/\/vitamin.coredesign.hu\/index.php?rest_route=\/wp\/v2\/product\/5788","targetHints":{"allow":["GET"]}}],"collection":[{"href":"https:\/\/vitamin.coredesign.hu\/index.php?rest_route=\/wp\/v2\/product"}],"about":[{"href":"https:\/\/vitamin.coredesign.hu\/index.php?rest_route=\/wp\/v2\/types\/product"}],"replies":[{"embeddable":true,"href":"https:\/\/vitamin.coredesign.hu\/index.php?rest_route=%2Fwp%2Fv2%2Fcomments&post=5788"}],"wp:featuredmedia":[{"embeddable":true,"href":"https:\/\/vitamin.coredesign.hu\/index.php?rest_route=\/wp\/v2\/media\/5789"}],"wp:attachment":[{"href":"https:\/\/vitamin.coredesign.hu\/index.php?rest_route=%2Fwp%2Fv2%2Fmedia&parent=5788"}],"wp:term":[{"taxonomy":"product_cat","embeddable":true,"href":"https:\/\/vitamin.coredesign.hu\/index.php?rest_route=%2Fwp%2Fv2%2Fproduct_cat&post=5788"},{"taxonomy":"product_tag","embeddable":true,"href":"https:\/\/vitamin.coredesign.hu\/index.php?rest_route=%2Fwp%2Fv2%2Fproduct_tag&post=5788"}],"curies":[{"name":"wp","href":"https:\/\/api.w.org\/{rel}","templated":true}]}}