{"id":5786,"date":"2025-10-12T12:32:02","date_gmt":"2025-10-12T10:32:02","guid":{"rendered":"https:\/\/vitamin.coredesign.hu\/?product=nordvital-boswellia-kurkuma-komplex-60-db"},"modified":"2026-01-08T23:29:00","modified_gmt":"2026-01-08T22:29:00","slug":"nordvital-boswellia-kurkuma-komplex-60-db","status":"publish","type":"product","link":"https:\/\/vitamin.coredesign.hu\/?product=nordvital-boswellia-kurkuma-komplex-60-db","title":{"rendered":"Nordvital Boswellia-Kurkuma Komplex 60 db"},"content":{"rendered":"<p>&nbsp;<\/p>\n<div id=\"lt-accessibility-devtools\" aria-hidden=\"true\"><\/div>\n<p>R\u00e9szletes term\u00e9kel\u00edr\u00e1s<br \/>\nSpeci\u00e1lisan kifejlesztett formul\u00e1nk egym\u00e1st kieg\u00e9sz\u00edt\u00f5 gy\u00f3gyn\u00f6v\u00e9nyek felhaszn\u00e1l\u00e1s\u00e1val k\u00e9sz\u00fcl. A Boswellin t\u00e1mogathatja a csontok \u00e9s az \u00edz\u00fcletek eg\u00e9szs\u00e9g\u00e9t. A fekete bors jelent\u00f5s antioxid\u00e1ns tulajdons\u00e1gokkal rendelkezik. A gy\u00f6mb\u00e9r seg\u00edthet a gyullad\u00e1sos folyamatok kezel\u00e9s\u00e9ben.<br \/>\nHat\u00f3anyag\/1 kapszula:<br \/>\nT\u00f6mj\u00e9nfa kivonat (Boswellia serrata)(20:1 kivonat, amely megfelel 4000 mg t\u00f6mj\u00e9nf\u00e1nak) 200 mg<br \/>\nGy\u00f6mb\u00e9rpor 100 mg<br \/>\nKurkuma kivonat (Curcuma longa)(25:1 kivonat, amely megfelel 1750 mg kurkum\u00e1nak)70 mg<br \/>\nShiitake gomba kivonat (Lentinula edodes)(15:1 kivonat, amely megfelel 750 mg gomb\u00e1nak)50 mg<br \/>\nPecs\u00e9tviaszgomba kivonat (Ganoderma lucidum)(15:1 kivonat, amely megfelel 750 mg gomb\u00e1nak)50mg<br \/>\nBioPerine\u00ae (fekete bors [piper nigrum] kivonat, 95% piperin) 2 mg<br \/>\n\u00d6sszetev\u00f5k:\u00a0t\u00f6mj\u00e9nfa gyanta kivonat, gy\u00f6mb\u00e9r gy\u00f6k\u00e9r por, hidroxipropil-metil-cellul\u00f3z (veg\u00e1n kapszulatok), kurkuma gy\u00f6k\u00e9r kivonat,shiitake gomba kivonat, pecs\u00e9tviaszgomba kivonat, csom\u00f3sod\u00e1st g\u00e1tl\u00f3 anyag: leucin, Bioperine\u00ae (fekete bors gy\u00fcm\u00f6lcs kivonat)<br \/>\nAdagol\u00e1s:\u00a0Napi 1 kapszula \u00e9tkez\u00e9ssel egybek\u00f6tve<br \/>\nFigyelmeztet\u00e9s:\u00a0A term\u00e9ket tartsa gyermekekt\u00f5l elz\u00e1rva! A napi aj\u00e1nlott mennyis\u00e9get ne l\u00e9pje t\u00fal! Az\u00a0\u00e9trend-kieg\u00e9sz\u00edt\u00f5 nem helyettes\u00edti a kiegyens\u00falyozott, v\u00e1ltozatos \u00e9trendet \u00e9s az eg\u00e9szs\u00e9ges \u00e9letm\u00f3dot<\/p>\n","protected":false},"excerpt":{"rendered":"<p>&nbsp; R\u00e9szletes term\u00e9kel\u00edr\u00e1s Speci\u00e1lisan kifejlesztett formul\u00e1nk egym\u00e1st kieg\u00e9sz\u00edt\u00f5 gy\u00f3gyn\u00f6v\u00e9nyek felhaszn\u00e1l\u00e1s\u00e1val k\u00e9sz\u00fcl. A Boswellin t\u00e1mogathatja a csontok \u00e9s az \u00edz\u00fcletek eg\u00e9szs\u00e9g\u00e9t. A fekete bors jelent\u00f5s antioxid\u00e1ns tulajdons\u00e1gokkal rendelkezik. A gy\u00f6mb\u00e9r seg\u00edthet a gyullad\u00e1sos folyamatok kezel\u00e9s\u00e9ben. Hat\u00f3anyag\/1 kapszula: T\u00f6mj\u00e9nfa kivonat (Boswellia serrata)(20:1 kivonat, amely megfelel 4000 mg t\u00f6mj\u00e9nf\u00e1nak) 200 mg Gy\u00f6mb\u00e9rpor 100 mg Kurkuma kivonat (Curcuma longa)(25:1 [&hellip;]<\/p>\n","protected":false},"featured_media":5787,"comment_status":"closed","ping_status":"open","template":"","meta":[],"product_cat":[95],"product_tag":[],"class_list":{"0":"post-5786","1":"product","2":"type-product","3":"status-publish","4":"has-post-thumbnail","6":"product_brand-nordvital","7":"product_cat-gyogynovenyek","9":"first","10":"instock","11":"purchasable","12":"product-type-simple"},"_links":{"self":[{"href":"https:\/\/vitamin.coredesign.hu\/index.php?rest_route=\/wp\/v2\/product\/5786","targetHints":{"allow":["GET"]}}],"collection":[{"href":"https:\/\/vitamin.coredesign.hu\/index.php?rest_route=\/wp\/v2\/product"}],"about":[{"href":"https:\/\/vitamin.coredesign.hu\/index.php?rest_route=\/wp\/v2\/types\/product"}],"replies":[{"embeddable":true,"href":"https:\/\/vitamin.coredesign.hu\/index.php?rest_route=%2Fwp%2Fv2%2Fcomments&post=5786"}],"wp:featuredmedia":[{"embeddable":true,"href":"https:\/\/vitamin.coredesign.hu\/index.php?rest_route=\/wp\/v2\/media\/5787"}],"wp:attachment":[{"href":"https:\/\/vitamin.coredesign.hu\/index.php?rest_route=%2Fwp%2Fv2%2Fmedia&parent=5786"}],"wp:term":[{"taxonomy":"product_cat","embeddable":true,"href":"https:\/\/vitamin.coredesign.hu\/index.php?rest_route=%2Fwp%2Fv2%2Fproduct_cat&post=5786"},{"taxonomy":"product_tag","embeddable":true,"href":"https:\/\/vitamin.coredesign.hu\/index.php?rest_route=%2Fwp%2Fv2%2Fproduct_tag&post=5786"}],"curies":[{"name":"wp","href":"https:\/\/api.w.org\/{rel}","templated":true}]}}