{"id":5784,"date":"2025-10-12T12:32:02","date_gmt":"2025-10-12T10:32:02","guid":{"rendered":"https:\/\/vitamin.coredesign.hu\/?product=nordvital-baba-mama-vitamin-3030-db"},"modified":"2026-01-08T23:28:59","modified_gmt":"2026-01-08T22:28:59","slug":"nordvital-baba-mama-vitamin-3030-db","status":"publish","type":"product","link":"https:\/\/vitamin.coredesign.hu\/?product=nordvital-baba-mama-vitamin-3030-db","title":{"rendered":"Nordvital Baba-Mama vitamin 30+30 db"},"content":{"rendered":"<p>&nbsp;<\/p>\n<div id=\"lt-accessibility-devtools\" aria-hidden=\"true\"><\/div>\n<p>R\u00e9szletes term\u00e9kel\u00edr\u00e1s<br \/>\nKomplex baba-mama multivitamin babav\u00e1r\u00e1s el\u00f5tti, alatti \u00e9s ut\u00e1ni id\u00f5szakra. A vitaminokon \u00e9s \u00e1sv\u00e1nyi anyagokon fel\u00fcl kolinnal, gy\u00f6mb\u00e9r kivonattal, papainnal \u00e9s Omega-3 zs\u00edrsavval. A folsav p\u00f3tl\u00f3lagos bevitele n\u00f6veli az anyai fol\u00e1t szintet. Az alacsony anyai fol\u00e1t szint kock\u00e1zati t\u00e9nyez\u00f5 a fejl\u00f5d\u00f5 magzatban kialakul\u00f3 idegcs\u00f5 defektusok kialakul\u00e1s\u00e1ban.<br \/>\nHat\u00f3anyag\/1 kapszula\u00a0:<br \/>\nB7-vitamin (D-biotin) 200 \u00b5g<br \/>\nB9-vitamin (kalcium-L-metil-fol\u00e1t) 1000 \u00b5g<br \/>\nMagn\u00e9zium (magn\u00e9zium-biszlicin\u00e1tb\u00f3l) 65 mg<br \/>\nSzel\u00e9n (szel\u00e9nes \u00e9leszt\u00f5b\u00f5l) 50 \u00b5g<br \/>\nVas (vas biszglicin) mg<br \/>\nKolin (kolin-bitar\u00e1tb\u00f3l) 20 mg<br \/>\nGy\u00f6mb\u00e9r kivonat (4:1 kivonat, amely megfelel 100 mg gy\u00f6mb\u00e9rnek) 25 mg<br \/>\nPapain 12500 U<br \/>\nD3-vitamin (kolekalciferol) 50 \u00b5g = 2000 NE<br \/>\nE-vitamin (term\u00e9szetes vegyes tokorienolok \u00e9s tokorienolok) mg<br \/>\nK2-vitamin (MK-7) 90 \u00b5g<br \/>\nOmega-3 halolaj 350 mg ebb\u00f5l EPA 126 mgebb\u00f5l DHA 84 mg<br \/>\n\u00d6sszetev\u00f5k:\u00a0Kem\u00e9ny kapszula \u00d6sszetev\u00f5k: Magn\u00e9zium-biszglicin\u00e1t, hidroxipropil-metilcellul\u00f3z (veg\u00e1n kapszulatok), vas-biszglicin\u00e1t, kolin-bitartar\u00e1t, szel\u00e9nes \u00e9leszt\u00f5, gy\u00f6mb\u00e9r gy\u00f6k\u00e9r kivonat, papain,csom\u00f3sod\u00e1st g\u00e1tl\u00f3 anyag: leucin, kalcium-L,-metil- -biotin<br \/>\nL\u00e1gyzselatin kapszula \u00d6sszetev\u00f5k: halolaj (TG-Triglicerid forma perui m\u00e9lytengeri halakb\u00f3l)*, kapszulah\u00e9j (zselatin, glicerin, tiszt\u00edtott v\u00edz), K2-vitamin (menakonin-7), term\u00e9szetes vegyes tokoferolok \u00e9s tokotrienolok, kolekalciferol *sz\u00e1rdag\u00e1si hely<br \/>\n: :\u00a0Napi 1 kem\u00e9ny \u00e9s l\u00e1gy kapszula \u00e9tkez\u00e9s ut\u00e1n.<br \/>\nFigyelmeztet\u00e9s:\u00a0A term\u00e9ket tartsa gyermekekt\u00f5l elz\u00e1rva! A napi aj\u00e1nlott mennyis\u00e9get ne l\u00e9pje t\u00fal! Az \u00e9trend-kieg\u00e9sz\u00edt\u00f5 nem helyettes\u00edti a kiegyens\u00falyozott, v\u00e1ltozatos \u00e9trendet \u00e9s az eg\u00e9szs\u00e9ges \u00e9letm\u00f3dot<\/p>\n","protected":false},"excerpt":{"rendered":"<p>&nbsp; R\u00e9szletes term\u00e9kel\u00edr\u00e1s Komplex baba-mama multivitamin babav\u00e1r\u00e1s el\u00f5tti, alatti \u00e9s ut\u00e1ni id\u00f5szakra. A vitaminokon \u00e9s \u00e1sv\u00e1nyi anyagokon fel\u00fcl kolinnal, gy\u00f6mb\u00e9r kivonattal, papainnal \u00e9s Omega-3 zs\u00edrsavval. A folsav p\u00f3tl\u00f3lagos bevitele n\u00f6veli az anyai fol\u00e1t szintet. Az alacsony anyai fol\u00e1t szint kock\u00e1zati t\u00e9nyez\u00f5 a fejl\u00f5d\u00f5 magzatban kialakul\u00f3 idegcs\u00f5 defektusok kialakul\u00e1s\u00e1ban. Hat\u00f3anyag\/1 kapszula\u00a0: B7-vitamin (D-biotin) 200 \u00b5g B9-vitamin [&hellip;]<\/p>\n","protected":false},"featured_media":5785,"comment_status":"closed","ping_status":"open","template":"","meta":[],"product_cat":[60],"product_tag":[],"class_list":{"0":"post-5784","1":"product","2":"type-product","3":"status-publish","4":"has-post-thumbnail","6":"product_brand-nordvital","7":"product_cat-vitaminok","9":"first","10":"instock","11":"purchasable","12":"product-type-simple"},"_links":{"self":[{"href":"https:\/\/vitamin.coredesign.hu\/index.php?rest_route=\/wp\/v2\/product\/5784","targetHints":{"allow":["GET"]}}],"collection":[{"href":"https:\/\/vitamin.coredesign.hu\/index.php?rest_route=\/wp\/v2\/product"}],"about":[{"href":"https:\/\/vitamin.coredesign.hu\/index.php?rest_route=\/wp\/v2\/types\/product"}],"replies":[{"embeddable":true,"href":"https:\/\/vitamin.coredesign.hu\/index.php?rest_route=%2Fwp%2Fv2%2Fcomments&post=5784"}],"wp:featuredmedia":[{"embeddable":true,"href":"https:\/\/vitamin.coredesign.hu\/index.php?rest_route=\/wp\/v2\/media\/5785"}],"wp:attachment":[{"href":"https:\/\/vitamin.coredesign.hu\/index.php?rest_route=%2Fwp%2Fv2%2Fmedia&parent=5784"}],"wp:term":[{"taxonomy":"product_cat","embeddable":true,"href":"https:\/\/vitamin.coredesign.hu\/index.php?rest_route=%2Fwp%2Fv2%2Fproduct_cat&post=5784"},{"taxonomy":"product_tag","embeddable":true,"href":"https:\/\/vitamin.coredesign.hu\/index.php?rest_route=%2Fwp%2Fv2%2Fproduct_tag&post=5784"}],"curies":[{"name":"wp","href":"https:\/\/api.w.org\/{rel}","templated":true}]}}