{"id":5782,"date":"2025-10-12T12:31:33","date_gmt":"2025-10-12T10:31:33","guid":{"rendered":"https:\/\/vitamin.coredesign.hu\/?product=nordvital-ashwagandha-kapszula-249-mg-60-db"},"modified":"2026-01-08T23:28:50","modified_gmt":"2026-01-08T22:28:50","slug":"nordvital-ashwagandha-kapszula-249-mg-60-db","status":"publish","type":"product","link":"https:\/\/vitamin.coredesign.hu\/?product=nordvital-ashwagandha-kapszula-249-mg-60-db","title":{"rendered":"Nordvital Ashwagandha kapszula 249 mg 60 db"},"content":{"rendered":"<p>&nbsp;<\/p>\n<div id=\"lt-accessibility-devtools\" aria-hidden=\"true\"><\/div>\n<p>R\u00e9szletes term\u00e9kel\u00edr\u00e1s<br \/>\n?veg\u00e1n<br \/>\n? stressz \u00e9s szorong\u00e1s ellen<br \/>\n? alv\u00e1smin\u00f5s\u00e9g jav\u00edt\u00e1sa<br \/>\n?\u00a0energiaszint n\u00f6vel\u00e9se<br \/>\nA Nordvital Ashwagandha kapszula 249 mg 60 db kiszerel\u00e9sben kiv\u00e1l\u00f3 v\u00e1laszt\u00e1s lehet azoknak, akik szeretn\u00e9k t\u00e1mogatni a stressz elleni harcot \u00e9s jav\u00edtani az \u00e1ltal\u00e1nos j\u00f3l\u00e9t\u00fcket. Az ashwagandha (Withania somnifera) egy adaptog\u00e9n n\u00f6v\u00e9ny, amely hozz\u00e1j\u00e1rulhat a szervezet stresszt\u00fbr\u00f5 k\u00e9pess\u00e9g\u00e9nek n\u00f6vel\u00e9s\u00e9hez \u00e9s az idegrendszer egyens\u00faly\u00e1nak fenntart\u00e1s\u00e1hoz. Az ashwagandha hagyom\u00e1nyosan haszn\u00e1lt gy\u00f3gyn\u00f6v\u00e9ny, melynek sz\u00e1mos eg\u00e9szs\u00e9g\u00fcgyi el\u00f5nye lehet, p\u00e9ld\u00e1ul a szorong\u00e1s cs\u00f6kkent\u00e9se, az alv\u00e1smin\u00f5s\u00e9g jav\u00edt\u00e1sa \u00e9s az energiafokoz\u00e1s.<br \/>\nHat\u00f3anyag\/1 kapszula:<br \/>\nKSM-66 Ashwagandha (Withania somnifera) gy\u00f6k\u00e9r kivonat 249mg, amelyb\u00f5l Withanoolid-glikozidok 12,5mg<br \/>\nWithaferin A tartalom kevesebb mint 0,1%<br \/>\n\u00d6sszetev\u00f5k:\u00a0KSM-66 Ashwagandha (Withania somnifera) gy\u00f6k\u00e9r kivonat, hidroxipropil-metil-cellul\u00f3z (veg\u00e1n kapszulatok), rizsliszt, csom\u00f3sod\u00e1st g\u00e1tl\u00f3 anyag (leucin aminosav)<br \/>\nAdagol\u00e1s:\u00a0Napi 1 kapszula \u00e9hgyomorra, b\u00f5 v\u00edzzel lenyelve.<br \/>\nFigyelmeztet\u00e9s:\u00a0Az \u00e9trend-kieg\u00e9sz\u00edt\u00f5 fogyaszt\u00e1sa nem helyettes\u00edti a kiegyens\u00falyozott, v\u00e1ltozatos, vegyes \u00e9trendet \u00e9s az eg\u00e9szs\u00e9ges \u00e9letm\u00f3dot. A napi aj\u00e1nlott mennyis\u00e9get ne l\u00e9pje t\u00fal! Ne szedje a k\u00e9sz\u00edtm\u00e9nyt, ha az \u00f6sszetev\u00f5k b\u00e1rmelyik\u00e9re \u00e9rz\u00e9keny vagy allergi\u00e1s.<\/p>\n","protected":false},"excerpt":{"rendered":"<p>&nbsp; R\u00e9szletes term\u00e9kel\u00edr\u00e1s ?veg\u00e1n ? stressz \u00e9s szorong\u00e1s ellen ? alv\u00e1smin\u00f5s\u00e9g jav\u00edt\u00e1sa ?\u00a0energiaszint n\u00f6vel\u00e9se A Nordvital Ashwagandha kapszula 249 mg 60 db kiszerel\u00e9sben kiv\u00e1l\u00f3 v\u00e1laszt\u00e1s lehet azoknak, akik szeretn\u00e9k t\u00e1mogatni a stressz elleni harcot \u00e9s jav\u00edtani az \u00e1ltal\u00e1nos j\u00f3l\u00e9t\u00fcket. Az ashwagandha (Withania somnifera) egy adaptog\u00e9n n\u00f6v\u00e9ny, amely hozz\u00e1j\u00e1rulhat a szervezet stresszt\u00fbr\u00f5 k\u00e9pess\u00e9g\u00e9nek n\u00f6vel\u00e9s\u00e9hez \u00e9s az [&hellip;]<\/p>\n","protected":false},"featured_media":5783,"comment_status":"closed","ping_status":"open","template":"","meta":[],"product_cat":[61],"product_tag":[],"class_list":{"0":"post-5782","1":"product","2":"type-product","3":"status-publish","4":"has-post-thumbnail","6":"product_brand-nordvital","7":"product_cat-etrend-kiegeszitok","9":"first","10":"instock","11":"purchasable","12":"product-type-simple"},"_links":{"self":[{"href":"https:\/\/vitamin.coredesign.hu\/index.php?rest_route=\/wp\/v2\/product\/5782","targetHints":{"allow":["GET"]}}],"collection":[{"href":"https:\/\/vitamin.coredesign.hu\/index.php?rest_route=\/wp\/v2\/product"}],"about":[{"href":"https:\/\/vitamin.coredesign.hu\/index.php?rest_route=\/wp\/v2\/types\/product"}],"replies":[{"embeddable":true,"href":"https:\/\/vitamin.coredesign.hu\/index.php?rest_route=%2Fwp%2Fv2%2Fcomments&post=5782"}],"wp:featuredmedia":[{"embeddable":true,"href":"https:\/\/vitamin.coredesign.hu\/index.php?rest_route=\/wp\/v2\/media\/5783"}],"wp:attachment":[{"href":"https:\/\/vitamin.coredesign.hu\/index.php?rest_route=%2Fwp%2Fv2%2Fmedia&parent=5782"}],"wp:term":[{"taxonomy":"product_cat","embeddable":true,"href":"https:\/\/vitamin.coredesign.hu\/index.php?rest_route=%2Fwp%2Fv2%2Fproduct_cat&post=5782"},{"taxonomy":"product_tag","embeddable":true,"href":"https:\/\/vitamin.coredesign.hu\/index.php?rest_route=%2Fwp%2Fv2%2Fproduct_tag&post=5782"}],"curies":[{"name":"wp","href":"https:\/\/api.w.org\/{rel}","templated":true}]}}