{"id":5780,"date":"2025-10-12T12:31:33","date_gmt":"2025-10-12T10:31:33","guid":{"rendered":"https:\/\/vitamin.coredesign.hu\/?product=nordvital-alomhozo-komplex-kapszula-60-db"},"modified":"2026-01-08T23:28:49","modified_gmt":"2026-01-08T22:28:49","slug":"nordvital-alomhozo-komplex-kapszula-60-db","status":"publish","type":"product","link":"https:\/\/vitamin.coredesign.hu\/?product=nordvital-alomhozo-komplex-kapszula-60-db","title":{"rendered":"Nordvital \u00c1lomhoz\u00f3 komplex kapszula 60 db"},"content":{"rendered":"<p>&nbsp;<\/p>\n<div id=\"lt-accessibility-devtools\" aria-hidden=\"true\"><\/div>\n<p>R\u00e9szletes term\u00e9kel\u00edr\u00e1s<br \/>\nA magn\u00e9zium hozz\u00e1j\u00e1rul az idegrendszer norm\u00e1l m\u00fbk\u00f6d\u00e9s\u00e9hez. A valeri\u00e1na seg\u00edti a relax\u00e1ci\u00f3t, seg\u00edti el\u00f5id\u00e9zni \u00e9s fenntartani a term\u00e9szetes alv\u00e1st. A kamilla \u00e9s a citromf\u00fb hozz\u00e1j\u00e1rul az optim\u00e1lis relax\u00e1ci\u00f3hoz \u00e9s a norm\u00e1l alv\u00e1shoz.<br \/>\nHat\u00f3anyag\/2 kapszula:<br \/>\nMagn\u00e9zium(elemiMagn\u00e9zium-biszglicin\u00e1tb\u00f3l) 69mg<br \/>\nL-Triptof\u00e1n 250mg<br \/>\nGABA (gamma-aminovajsav) 400mg<br \/>\nGolgotavir\u00e1g kivonat (5% flavonoid tartalommal)100mg<br \/>\nOrvosi levendula kivonat (10:1 kivonat, mely megfelel 800 mg levendul\u00e1nak) 80mg<br \/>\nValeriana kivonat (0,8% valeri\u00e1nsav tartalommal) 80mg<br \/>\nOrvosi kamilla kivonat (Matricaria recutita) (4:1 kivonat, amely megfelel 200 mg kamill\u00e1nak) 50mg<br \/>\nOrvosi citromf\u00fb kivonat (4:1 kivonat, amely megfelel 200 mg citromf\u00fbnek) 50 mg<br \/>\n\u00d6sszetev\u00f5k:\u00a0Magn\u00e9zium-biszglicin\u00e1t, gamma-aminovajsav (GABA), hidroxipropil-metil-cellul\u00f3z (veg\u00e1n kapszulatok), L-triptof\u00e1n, golgotavir\u00e1g vir\u00e1g kivonat, valeri\u00e1na gy\u00f6k\u00e9r (macskagy\u00f6k\u00e9r) kivonat, orvosi levendula vir\u00e1g kivonat, orvosi kamilla vir\u00e1g kivonat, orvosi citromf\u00fb lev\u00e9l kivonat, csom\u00f3sod\u00e1st g\u00e1tl\u00f3 anyag: leucin<br \/>\nAdagol\u00e1s:\u00a0Napi 2 kapszula lefekv\u00e9s el\u00f5tt<br \/>\nFigyelmeztet\u00e9s:\u00a0A term\u00e9ket tartsa gyermekekt\u00f5l elz\u00e1rva! A napi aj\u00e1nlott mennyis\u00e9get ne l\u00e9pje t\u00fal! Az\u00a0\u00e9trend-kieg\u00e9sz\u00edt\u00f5 nem helyettes\u00edti a kiegyens\u00falyozott, v\u00e1ltozatos \u00e9trendet \u00e9s az eg\u00e9szs\u00e9ges \u00e9letm\u00f3dot<\/p>\n","protected":false},"excerpt":{"rendered":"<p>&nbsp; R\u00e9szletes term\u00e9kel\u00edr\u00e1s A magn\u00e9zium hozz\u00e1j\u00e1rul az idegrendszer norm\u00e1l m\u00fbk\u00f6d\u00e9s\u00e9hez. A valeri\u00e1na seg\u00edti a relax\u00e1ci\u00f3t, seg\u00edti el\u00f5id\u00e9zni \u00e9s fenntartani a term\u00e9szetes alv\u00e1st. A kamilla \u00e9s a citromf\u00fb hozz\u00e1j\u00e1rul az optim\u00e1lis relax\u00e1ci\u00f3hoz \u00e9s a norm\u00e1l alv\u00e1shoz. Hat\u00f3anyag\/2 kapszula: Magn\u00e9zium(elemiMagn\u00e9zium-biszglicin\u00e1tb\u00f3l) 69mg L-Triptof\u00e1n 250mg GABA (gamma-aminovajsav) 400mg Golgotavir\u00e1g kivonat (5% flavonoid tartalommal)100mg Orvosi levendula kivonat (10:1 kivonat, mely [&hellip;]<\/p>\n","protected":false},"featured_media":5781,"comment_status":"closed","ping_status":"open","template":"","meta":[],"product_cat":[61],"product_tag":[],"class_list":{"0":"post-5780","1":"product","2":"type-product","3":"status-publish","4":"has-post-thumbnail","6":"product_brand-nordvital","7":"product_cat-etrend-kiegeszitok","9":"first","10":"instock","11":"purchasable","12":"product-type-simple"},"_links":{"self":[{"href":"https:\/\/vitamin.coredesign.hu\/index.php?rest_route=\/wp\/v2\/product\/5780","targetHints":{"allow":["GET"]}}],"collection":[{"href":"https:\/\/vitamin.coredesign.hu\/index.php?rest_route=\/wp\/v2\/product"}],"about":[{"href":"https:\/\/vitamin.coredesign.hu\/index.php?rest_route=\/wp\/v2\/types\/product"}],"replies":[{"embeddable":true,"href":"https:\/\/vitamin.coredesign.hu\/index.php?rest_route=%2Fwp%2Fv2%2Fcomments&post=5780"}],"wp:featuredmedia":[{"embeddable":true,"href":"https:\/\/vitamin.coredesign.hu\/index.php?rest_route=\/wp\/v2\/media\/5781"}],"wp:attachment":[{"href":"https:\/\/vitamin.coredesign.hu\/index.php?rest_route=%2Fwp%2Fv2%2Fmedia&parent=5780"}],"wp:term":[{"taxonomy":"product_cat","embeddable":true,"href":"https:\/\/vitamin.coredesign.hu\/index.php?rest_route=%2Fwp%2Fv2%2Fproduct_cat&post=5780"},{"taxonomy":"product_tag","embeddable":true,"href":"https:\/\/vitamin.coredesign.hu\/index.php?rest_route=%2Fwp%2Fv2%2Fproduct_tag&post=5780"}],"curies":[{"name":"wp","href":"https:\/\/api.w.org\/{rel}","templated":true}]}}