{"id":5778,"date":"2025-10-12T12:31:33","date_gmt":"2025-10-12T10:31:33","guid":{"rendered":"https:\/\/vitamin.coredesign.hu\/?product=hymato-magnezium-7-etrend-kiegeszito-kapszula-60-db"},"modified":"2026-01-08T23:28:48","modified_gmt":"2026-01-08T22:28:48","slug":"hymato-magnezium-7-etrend-kiegeszito-kapszula-60-db","status":"publish","type":"product","link":"https:\/\/vitamin.coredesign.hu\/?product=hymato-magnezium-7-etrend-kiegeszito-kapszula-60-db","title":{"rendered":"Hymato Magn\u00e9zium 7 \u00e9trend-kieg\u00e9sz\u00edt\u0151 kapszula (60 db)"},"content":{"rendered":"<p>&nbsp;<\/p>\n<div id=\"lt-accessibility-devtools\" aria-hidden=\"true\"><\/div>\n<p>Maxim\u00e1lis hat\u00e9konys\u00e1g, 7-f\u00e9le magn\u00e9ziummal!\u00a0A\u00a0Magn\u00e9zium 7 \u00e9trend-kieg\u00e9sz\u00edt\u0151 kapszula\u00a0egy innovat\u00edv formula, amely\u00a07 k\u00fcl\u00f6nb\u00f6z\u0151 magn\u00e9zium komplexet,\u00a0huminsavat, valamint\u00a0D3, K2 \u00e9s B6 vitaminokat\u00a0tartalmaz a t\u00f6k\u00e9letes felsz\u00edv\u00f3d\u00e1s \u00e9rdek\u00e9ben. Seg\u00edt cs\u00f6kkenteni a f\u00e1radts\u00e1got, t\u00e1mogatja az idegrendszert \u00e9s hozz\u00e1j\u00e1rul a norm\u00e1l izomm\u0171k\u00f6d\u00e9shez \u00e9s a csontok eg\u00e9szs\u00e9g\u00e9hez.\u00a0Ne \u00e9rd be kevesebbel \u2013 v\u00e1laszd a teljes magn\u00e9zium-komplexet!<\/p>\n<p data-start=\"97\" data-end=\"492\">A\u00a0Magn\u00e9zium 7 \u00e9trend-kieg\u00e9sz\u00edt\u0151 kapszula\u00a0egyed\u00fcl\u00e1ll\u00f3 \u00f6sszet\u00e9tel\u00e9nek k\u00f6sz\u00f6nhet\u0151en a szervezet sz\u00e1m\u00e1ra n\u00e9lk\u00fcl\u00f6zhetetlen\u00a07 k\u00fcl\u00f6nb\u00f6z\u0151 magn\u00e9zium komplexet,\u00a0huminsavat, valamint\u00a0D3, K2 \u00e9s B6 vitaminokat\u00a0tartalmaz. Ez a kombin\u00e1ci\u00f3 biztos\u00edtja a magn\u00e9zium maxim\u00e1lis felsz\u00edv\u00f3d\u00e1s\u00e1t \u00e9s hasznosul\u00e1s\u00e1t, \u00edgy hat\u00e9konyan t\u00e1mogatja az\u00a0idegrendszert, az izmokat, a csontokat \u00e9s az energiaszintet.<\/p>\n<h3 data-start=\"499\" data-end=\"534\"><strong data-start=\"503\" data-end=\"532\">Mi\u00e9rt fontos a magn\u00e9zium?<\/strong><\/h3>\n<p data-start=\"535\" data-end=\"838\">A magn\u00e9zium l\u00e9tfontoss\u00e1g\u00fa \u00e1sv\u00e1nyi anyag, amely t\u00f6bb mint\u00a0300 biok\u00e9miai folyamatban\u00a0vesz r\u00e9szt a szervezetben. Seg\u00edti az\u00a0izom- \u00e9s idegm\u0171k\u00f6d\u00e9st, t\u00e1mogatja a\u00a0sz\u00edv eg\u00e9szs\u00e9g\u00e9t, hozz\u00e1j\u00e1rul az\u00a0energia-anyagcser\u00e9hez, valamint szerepet j\u00e1tszik a\u00a0csontok \u00e9s fogak er\u0151ss\u00e9g\u00e9nek fenntart\u00e1s\u00e1ban.<\/p>\n<p data-start=\"840\" data-end=\"1012\">Sajnos a modern t\u00e1pl\u00e1lkoz\u00e1s sokszor nem biztos\u00edt elegend\u0151 magn\u00e9ziumot, \u00edgy annak\u00a0p\u00f3tl\u00e1sa\u00a0k\u00fcl\u00f6n\u00f6sen fontos lehet a\u00a0fizikai \u00e9s ment\u00e1lis teljes\u00edtm\u00e9ny\u00a0fenntart\u00e1s\u00e1hoz.<\/p>\n<h3 data-start=\"1019\" data-end=\"1071\"><strong data-start=\"1023\" data-end=\"1069\">Mi\u00e9rt a Magn\u00e9zium 7 a t\u00f6k\u00e9letes v\u00e1laszt\u00e1s?<\/strong><\/h3>\n<p data-start=\"1072\" data-end=\"1274\">Ez a komplex formula\u00a0<strong data-start=\"1093\" data-end=\"1119\">7-f\u00e9le magn\u00e9ziumform\u00e1t<\/strong>\u00a0kombin\u00e1l, amelyek elt\u00e9r\u0151 m\u00f3don sz\u00edv\u00f3dnak fel \u00e9s fejtik ki hat\u00e1sukat, \u00edgy biztos\u00edtj\u00e1k a szervezet sz\u00e1m\u00e1ra a\u00a0<strong data-start=\"1227\" data-end=\"1271\">folyamatos \u00e9s hat\u00e9kony magn\u00e9ziumell\u00e1t\u00e1st<\/strong>.<\/p>\n<p data-start=\"1276\" data-end=\"1710\"><strong data-start=\"1276\" data-end=\"1300\">A term\u00e9k \u00f6sszetev\u0151i:<\/strong><br data-start=\"1300\" data-end=\"1303\" \/>\u2714\u00a0<strong data-start=\"1305\" data-end=\"1333\">7-f\u00e9le magn\u00e9zium-komplex<\/strong>: Optim\u00e1lis biohasznosul\u00e1s a legjobb felsz\u00edv\u00f3d\u00e1s \u00e9rdek\u00e9ben<br data-start=\"1391\" data-end=\"1394\" \/>\u2714\u00a0<strong data-start=\"1396\" data-end=\"1408\">Huminsav<\/strong>: Term\u00e9szetes t\u00e1mogat\u00e1s a t\u00e1panyagok jobb felsz\u00edv\u00f3d\u00e1s\u00e1hoz<br data-start=\"1465\" data-end=\"1468\" \/>\u2714\u00a0<strong data-start=\"1470\" data-end=\"1484\">D3-vitamin<\/strong>: Hozz\u00e1j\u00e1rul a csontok \u00e9s az immunrendszer eg\u00e9szs\u00e9g\u00e9hez<br data-start=\"1539\" data-end=\"1542\" \/>\u2714\u00a0<strong data-start=\"1544\" data-end=\"1558\">K2-vitamin<\/strong>: Seg\u00edti a kalcium megfelel\u0151 hasznosul\u00e1s\u00e1t a csontokban<br data-start=\"1613\" data-end=\"1616\" \/>\u2714\u00a0<strong data-start=\"1618\" data-end=\"1632\">B6-vitamin<\/strong>: Jav\u00edtja a magn\u00e9zium sejtszint\u0171 hasznosul\u00e1s\u00e1t \u00e9s t\u00e1mogatja az idegrendszert<\/p>\n<p data-start=\"1276\" data-end=\"1710\"><img decoding=\"async\" src=\"https:\/\/hymato.hu\/wp-content\/uploads\/2025\/03\/Magnezium7.jpg\" alt=\"magn\u00e9zium 7 \u00e9trend kieg\u00e9sz\u00edt\u0151 kapszula (60 db)\" \/><\/p>\n<h3 data-start=\"1717\" data-end=\"1764\"><strong data-start=\"1721\" data-end=\"1762\">Milyen el\u0151ny\u00f6ket ny\u00fajt a Magn\u00e9zium 7?<\/strong><\/h3>\n<p data-start=\"1765\" data-end=\"2053\">\u2705\u00a0<strong data-start=\"1767\" data-end=\"1811\">A Magn\u00e9zium hozz\u00e1j\u00e1rul a f\u00e1radts\u00e1g \u00e9s kimer\u00fclts\u00e9g \u00e9rz\u00e9s cs\u00f6kken\u00e9s\u00e9hez<\/strong><br data-start=\"1811\" data-end=\"1814\" \/>\u2705\u00a0<strong data-start=\"1816\" data-end=\"1874\">A Magn\u00e9zium hozz\u00e1j\u00e1rul a norm\u00e1l izomm\u0171k\u00f6d\u00e9shez<\/strong><br data-start=\"1874\" data-end=\"1877\" \/>\u2705\u00a0<strong data-start=\"1816\" data-end=\"1874\">A Magn\u00e9zium hozz\u00e1j\u00e1rul az idegrendszer \u00e9s a mem\u00f3ria norm\u00e1l m\u0171k\u00f6d\u00e9s\u00e9hez\u00a0<\/strong><br data-start=\"1945\" data-end=\"1948\" \/>\u2705\u00a0<strong data-start=\"1816\" data-end=\"1874\">A Magn\u00e9zium hozz\u00e1j\u00e1rul a norm\u00e1l csontozat fenntart\u00e1s\u00e1hoz<br \/>\n\u2705 A megfelel\u0151 Magn\u00e9zium bevitel el\u0151seg\u00edti a norm\u00e1l v\u00e9rnyom\u00e1s fenntart\u00e1s\u00e1t<br \/>\n\u2705 A Magn\u00e9zium hozz\u00e1j\u00e1rulhat a migr\u00e9nes fejf\u00e1j\u00e1sok cs\u00f6kkent\u00e9s\u00e9hez<br \/>\n\u2705 A Magn\u00e9zium hozz\u00e1j\u00e1rulhat a pihentet\u0151 alv\u00e1shoz<\/strong><\/p>\n<hr data-start=\"2055\" data-end=\"2058\" \/>\n<h3 data-start=\"2060\" data-end=\"2085\"><strong data-start=\"2064\" data-end=\"2083\">Kinek aj\u00e1nlott?<\/strong><\/h3>\n<p data-start=\"2086\" data-end=\"2534\"> \u00a0<strong data-start=\"2089\" data-end=\"2137\">Sportol\u00f3knak \u00e9s akt\u00edv \u00e9letm\u00f3dot folytat\u00f3knak<\/strong>\u00a0\u2013 Seg\u00edti az izomm\u0171k\u00f6d\u00e9st \u00e9s cs\u00f6kkenti a g\u00f6rcs\u00f6k kialakul\u00e1s\u00e1t<br data-start=\"2198\" data-end=\"2201\" \/> \u00a0<strong data-start=\"2204\" data-end=\"2260\">Fizikailag vagy ment\u00e1lisan megterhel\u0151 \u00e9letet \u00e9l\u0151knek<\/strong>\u00a0\u2013 T\u00e1mogatja a stresszkezel\u00e9st \u00e9s a szellemi frissess\u00e9get<br data-start=\"2317\" data-end=\"2320\" \/> \u00a0<strong data-start=\"2323\" data-end=\"2346\">Kalciumot szed\u0151knek<\/strong>\u00a0\u2013 A K2-vitamin seg\u00edti a kalcium csontokba t\u00f6rt\u00e9n\u0151 be\u00e9p\u00fcl\u00e9s\u00e9t<br data-start=\"2407\" data-end=\"2410\" \/> \u00a0<strong data-start=\"2413\" data-end=\"2444\">Alv\u00e1sprobl\u00e9m\u00e1kkal k\u00fczd\u0151knek<\/strong>\u00a0\u2013 A magn\u00e9zium \u00e9s B6-vitamin seg\u00edt az idegrendszer ellaz\u00edt\u00e1s\u00e1ban \u00e9s a pihentet\u0151 alv\u00e1sban<\/p>\n<hr data-start=\"2536\" data-end=\"2539\" \/>\n<h3 data-start=\"2541\" data-end=\"2567\"><strong data-start=\"2545\" data-end=\"2565\">Hogyan fogyaszd?<\/strong><\/h3>\n<p data-start=\"2568\" data-end=\"2640\">Aj\u00e1nlott napi adag:\u00a0<strong data-start=\"2588\" data-end=\"2617\">1-2 kapszula.<\/strong><\/p>\n<p data-start=\"2568\" data-end=\"2640\">Javasolt az els\u0151 adagot reggel bevenni, m\u00edg a m\u00e1sodikat napk\u00f6zben.<br \/>\nAlv\u00e1si probl\u00e9m\u00e1k eset\u00e9n a m\u00e1sodik adagot este, vacsora ut\u00e1n aj\u00e1nlott bevenni.<\/p>\n<hr data-start=\"2642\" data-end=\"2645\" \/>\n<h3 data-start=\"2647\" data-end=\"2695\"><strong data-start=\"2651\" data-end=\"2693\">Mi\u00e9rt v\u00e1laszd a Magn\u00e9zium 7 kapszul\u00e1t?<\/strong><\/h3>\n<p data-start=\"2696\" data-end=\"2972\"> \u00a0<strong data-start=\"2699\" data-end=\"2746\">7-f\u00e9le magn\u00e9zium forr\u00e1s egyetlen kapszul\u00e1ban<\/strong>\u00a0\u2013 a maxim\u00e1lis hat\u00e9konys\u00e1g\u00e9rt<br data-start=\"2775\" data-end=\"2778\" \/> \u00a0<strong data-start=\"2781\" data-end=\"2820\">Huminsavval \u00e9s vitaminokkal d\u00fas\u00edtva<\/strong>\u00a0\u2013 a t\u00f6k\u00e9letes felsz\u00edv\u00f3d\u00e1s\u00e9rt<br data-start=\"2849\" data-end=\"2852\" \/> \u00a0<strong data-start=\"2855\" data-end=\"2886\">K\u00f6nnyen lenyelhet\u0151 kapszula<\/strong>\u00a0\u2013 egyszer\u0171 \u00e9s k\u00e9nyelmes adagol\u00e1s<br data-start=\"2919\" data-end=\"2922\" \/> \u00a0<strong data-start=\"2925\" data-end=\"2970\">Magas min\u0151s\u00e9g\u0171, term\u00e9szetes \u00f6sszetev\u0151kkel<\/strong><\/p>\n","protected":false},"excerpt":{"rendered":"<h3 data-start=\"0\" data-end=\"95\"><strong data-start=\"4\" data-end=\"93\">Magn\u00e9zium 7 \u00e9trend-kieg\u00e9sz\u00edt\u0151 kapszula \u2013 A teljes magn\u00e9zium-komplex az eg\u00e9szs\u00e9ged\u00e9rt!<\/strong><\/h3>\n<p>&nbsp;<\/p>\n","protected":false},"featured_media":5779,"comment_status":"closed","ping_status":"open","template":"","meta":[],"product_cat":[73],"product_tag":[],"class_list":{"0":"post-5778","1":"product","2":"type-product","3":"status-publish","4":"has-post-thumbnail","6":"product_brand-hymato","7":"product_cat-arvanyi-anyagok","9":"first","10":"instock","11":"purchasable","12":"product-type-simple"},"_links":{"self":[{"href":"https:\/\/vitamin.coredesign.hu\/index.php?rest_route=\/wp\/v2\/product\/5778","targetHints":{"allow":["GET"]}}],"collection":[{"href":"https:\/\/vitamin.coredesign.hu\/index.php?rest_route=\/wp\/v2\/product"}],"about":[{"href":"https:\/\/vitamin.coredesign.hu\/index.php?rest_route=\/wp\/v2\/types\/product"}],"replies":[{"embeddable":true,"href":"https:\/\/vitamin.coredesign.hu\/index.php?rest_route=%2Fwp%2Fv2%2Fcomments&post=5778"}],"wp:featuredmedia":[{"embeddable":true,"href":"https:\/\/vitamin.coredesign.hu\/index.php?rest_route=\/wp\/v2\/media\/5779"}],"wp:attachment":[{"href":"https:\/\/vitamin.coredesign.hu\/index.php?rest_route=%2Fwp%2Fv2%2Fmedia&parent=5778"}],"wp:term":[{"taxonomy":"product_cat","embeddable":true,"href":"https:\/\/vitamin.coredesign.hu\/index.php?rest_route=%2Fwp%2Fv2%2Fproduct_cat&post=5778"},{"taxonomy":"product_tag","embeddable":true,"href":"https:\/\/vitamin.coredesign.hu\/index.php?rest_route=%2Fwp%2Fv2%2Fproduct_tag&post=5778"}],"curies":[{"name":"wp","href":"https:\/\/api.w.org\/{rel}","templated":true}]}}