{"id":5774,"date":"2025-10-12T12:31:33","date_gmt":"2025-10-12T10:31:33","guid":{"rendered":"https:\/\/vitamin.coredesign.hu\/?product=stilla-strong-hair-elixir-500ml"},"modified":"2026-01-08T23:28:46","modified_gmt":"2026-01-08T22:28:46","slug":"stilla-strong-hair-elixir-500ml","status":"publish","type":"product","link":"https:\/\/vitamin.coredesign.hu\/?product=stilla-strong-hair-elixir-500ml","title":{"rendered":"Stilla <b>Strong Hair<\/b> Elixir  -500ml"},"content":{"rendered":"<p>&nbsp;<\/p>\n<div id=\"lt-accessibility-devtools\" aria-hidden=\"true\"><\/div>\n<p><span style=\"color: #424242;\"><span style=\"font-family: Arial, serif;\"><span style=\"font-size: x-large;\"><b>Stilla Strong Hair Elix\u00edr \u2013 Az er\u0151s haj\u00e9rt<\/b><\/span><\/span><\/span><\/p>\n<p>&nbsp;<\/p>\n<p><span style=\"color: #424242;\"><span style=\"font-family: Arial, serif;\"><span style=\"font-size: large;\"><b>V\u00edzb\u00e1zis\u00fa, magas felsz\u00edv\u00f3d\u00e1s\u00fa \u00e9trend-kieg\u00e9sz\u00edt\u0151 cseppek.<\/b><\/span><\/span><\/span><\/p>\n<p>&nbsp;<\/p>\n<p><span style=\"color: #424242;\"><span style=\"font-family: Arial, serif;\"><span style=\"font-size: large;\"><b>Mire sz\u00e1m\u00edthatsz:<\/b><\/span><\/span><\/span><\/p>\n<ul>\n<li><span style=\"color: #424242;\"><span style=\"font-family: Arial, serif;\"><span style=\"font-size: large;\"><b>Akt\u00edv v\u00e9rkering\u00e9s \u00e9s oxig\u00e9nell\u00e1t\u00e1s:<\/b><\/span><\/span><\/span><span style=\"color: #424242;\"><span style=\"font-family: Arial, serif;\"><span style=\"font-size: large;\">\u00a0Az elix\u00edr \u00f6sszetev\u0151i serkenthetik a fejb\u0151r v\u00e9rkering\u00e9s\u00e9t \u00e9s fokozhatj\u00e1k az oxig\u00e9nsz\u00e1ll\u00edt\u00e1st a hajhagym\u00e1khoz. Ez\u00e1ltal javulhat a t\u00e1panyagell\u00e1t\u00e1s \u00e9s el\u0151seg\u00edtheti a hajsz\u00e1lak eg\u00e9szs\u00e9ges n\u00f6veked\u00e9s\u00e9t.<\/span><\/span><\/span><\/li>\n<li><span style=\"color: #424242;\"><span style=\"font-family: Arial, serif;\"><span style=\"font-size: large;\"><b>Kevesebb t\u00f6redezett hajsz\u00e1l:<\/b><\/span><\/span><\/span><span style=\"color: #424242;\"><span style=\"font-family: Arial, serif;\"><span style=\"font-size: large;\">\u00a0A hajt\u00f6r\u00e9s egyik f\u0151 ellens\u00e9ge a gyenge \u00e9s t\u00f6r\u00e9keny hajsz\u00e1l. A\u00a0<\/span><\/span><\/span><span style=\"color: #424242;\"><span style=\"font-family: Arial, serif;\"><span style=\"font-size: large;\"><b>kollag\u00e9n<\/b><\/span><\/span><\/span><span style=\"color: #424242;\"><span style=\"font-family: Arial, serif;\"><span style=\"font-size: large;\">, \u00e9s a\u00a0<\/span><\/span><\/span><span style=\"color: #424242;\"><span style=\"font-family: Arial, serif;\"><span style=\"font-size: large;\"><b>hialuronsav<\/b><\/span><\/span><\/span><span style=\"color: #424242;\"><span style=\"font-family: Arial, serif;\"><span style=\"font-size: large;\">\u00a0er\u0151s\u00edtheti a hajsz\u00e1lakat \u00e9s cs\u00f6kkentheti a haj t\u00f6redez\u00e9s\u00e9t, \u00edgy hajad eg\u00e9szs\u00e9gesebb \u00e9s ellen\u00e1ll\u00f3bb lehet a mindennapi ig\u00e9nybev\u00e9telekkel szemben.<\/span><\/span><\/span><\/li>\n<li><span style=\"color: #424242;\"><span style=\"font-family: Arial, serif;\"><span style=\"font-size: large;\"><b>Fitonutriensek \u00e9s vitaminok:<\/b><\/span><\/span><\/span><span style=\"color: #424242;\"><span style=\"font-family: Arial, serif;\"><span style=\"font-size: large;\">\u00a0Az eg\u00e9szs\u00e9ges hajhagym\u00e1k \u00e9s a hajn\u00f6veked\u00e9s \u00e9rdek\u00e9ben elengedhetetlen\u00fcl fontos a megfelel\u0151 t\u00e1panyagok bevitele. Az elix\u00edrben tal\u00e1lhat\u00f3 fitonutriensek, mint az\u00a0<\/span><\/span><\/span><span style=\"color: #424242;\"><span style=\"font-family: Arial, serif;\"><span style=\"font-size: large;\"><b>amla<\/b><\/span><\/span><\/span><span style=\"color: #424242;\"><span style=\"font-family: Arial, serif;\"><span style=\"font-size: large;\">, \u00e9s vitaminok, mint a\u00a0<\/span><\/span><\/span><span style=\"color: #424242;\"><span style=\"font-family: Arial, serif;\"><span style=\"font-size: large;\"><b>B<\/b><\/span><\/span><\/span><span style=\"color: #424242;\"><span style=\"font-family: Arial, serif;\"><span style=\"font-size: large;\">,\u00a0<\/span><\/span><\/span><span style=\"color: #424242;\"><span style=\"font-family: Arial, serif;\"><span style=\"font-size: large;\"><b>C<\/b><\/span><\/span><\/span><span style=\"color: #424242;\"><span style=\"font-family: Arial, serif;\"><span style=\"font-size: large;\">\u00a0\u00e9s\u00a0<\/span><\/span><\/span><span style=\"color: #424242;\"><span style=\"font-family: Arial, serif;\"><span style=\"font-size: large;\"><b>D<\/b><\/span><\/span><\/span><span style=\"color: #424242;\"><span style=\"font-family: Arial, serif;\"><span style=\"font-size: large;\">, seg\u00edthetj\u00fck a hajn\u00f6veked\u00e9st \u00e9s jav\u00edthatjuk a hajhagym\u00e1k \u00e1llapot\u00e1t.<\/span><\/span><\/span><\/li>\n<li><span style=\"color: #424242;\"><span style=\"font-family: Arial, serif;\"><span style=\"font-size: large;\"><b>Hajn\u00f6veked\u00e9s \u00e9s hajhull\u00e1s cs\u00f6kkent\u00e9se:<\/b><\/span><\/span><\/span><span style=\"color: #424242;\"><span style=\"font-family: Arial, serif;\"><span style=\"font-size: large;\">\u00a0A fitonutriensek \u00e9s vitaminok kombin\u00e1ci\u00f3ja, valamint a\u00a0<\/span><\/span><\/span><span style=\"color: #424242;\"><span style=\"font-family: Arial, serif;\"><span style=\"font-size: large;\"><b>mezei zs\u00farl\u00f3<\/b><\/span><\/span><\/span><span style=\"color: #424242;\"><span style=\"font-family: Arial, serif;\"><span style=\"font-size: large;\">,\u00a0<\/span><\/span><\/span><span style=\"color: #424242;\"><span style=\"font-family: Arial, serif;\"><span style=\"font-size: large;\"><b>homokt\u00f6vis<\/b><\/span><\/span><\/span><span style=\"color: #424242;\"><span style=\"font-family: Arial, serif;\"><span style=\"font-size: large;\">, \u00e9s az\u00a0<\/span><\/span><\/span><span style=\"color: #424242;\"><span style=\"font-family: Arial, serif;\"><span style=\"font-size: large;\"><b>arginin<\/b><\/span><\/span><\/span><span style=\"color: #424242;\"><span style=\"font-family: Arial, serif;\"><span style=\"font-size: large;\">\u00a0hozz\u00e1j\u00e1rulhatnak a hajhagym\u00e1k stimul\u00e1l\u00e1s\u00e1hoz \u00e9s a hajsz\u00e1lak er\u0151s\u00edt\u00e9s\u00e9hez. Ez nem csak el\u0151seg\u00edtheti a hajn\u00f6veked\u00e9st, hanem meg\u00e1ll\u00edthatja a hajhull\u00e1st is, ezzel d\u00fasabb hajkoron\u00e1t eredm\u00e9nyeznek.<\/span><\/span><\/span><\/li>\n<li><span style=\"color: #424242;\"><span style=\"font-family: Arial, serif;\"><span style=\"font-size: large;\"><b>Hajhagym\u00e1k t\u00e1pl\u00e1l\u00e1sa:<\/b><\/span><\/span><\/span><span style=\"color: #424242;\"><span style=\"font-family: Arial, serif;\"><span style=\"font-size: large;\">\u00a0Az elix\u00edr m\u00e9lyen behatolhat a hajhagym\u00e1kba, ahonn\u00e9t t\u00e1pl\u00e1lja \u00e9s hidrat\u00e1lja a hajsz\u00e1lak v\u00e9g\u00e9ig. Ez\u00e1ltal er\u0151s \u00e9s eg\u00e9szs\u00e9ges hajsz\u00e1lak n\u0151hetnek.<\/span><\/span><\/span><\/li>\n<\/ul>\n<p><span style=\"color: #424242;\"><span style=\"font-family: Arial, serif;\"><span style=\"font-size: large;\">V\u00e9geredm\u00e9nyk\u00e9nt hajad er\u0151sebb\u00e9, d\u00fasabb\u00e1 \u00e9s eg\u00e9szs\u00e9gesebb\u00e9 v\u00e1lhat. A hajelix\u00edr rendszeres haszn\u00e1lat\u00e1val el\u00e9rheted \u00e1lmaid hajkoron\u00e1j\u00e1t! Ne hagyd, hogy a gyenge hajsz\u00e1lak \u00e9s a hajhull\u00e1s elvegy\u00e9k a magabiztoss\u00e1god! V\u00e1laszd a Strong Hair Elix\u00edrt, \u00e9s \u00e9ld meg a hajad teljes sz\u00e9ps\u00e9g\u00e9t napr\u00f3l napra.<\/span><\/span><\/span><\/p>\n<p>&nbsp;<\/p>\n<p><span style=\"color: #424242;\"><span style=\"font-family: Arial, serif;\"><span style=\"font-size: large;\"><b>Mennyi id\u0151 ut\u00e1n v\u00e1rhatsz eredm\u00e9nyt?<\/b><\/span><\/span><\/span><\/p>\n<p><span style=\"color: #424242;\"><span style=\"font-family: Arial, serif;\"><span style=\"font-size: large;\">Egy\u00e9nenk\u00e9nt elt\u00e9r\u0151, hogy ki milyen gyorsan reag\u00e1l az \u00f6sszetev\u0151kre. \u00c1ltal\u00e1noss\u00e1gban azonban elmondhat\u00f3, hogy egy \u00e9s h\u00e1rom h\u00f3nap sz\u00fcks\u00e9ges, hogy a term\u00e9k teljesen ki tudja fejteni a hat\u00e1s\u00e1t.<\/span><\/span><\/span><\/p>\n<p>&nbsp;<\/p>\n<p><span style=\"color: #424242;\"><span style=\"font-family: Arial, serif;\"><span style=\"font-size: large;\"><b>Aj\u00e1nlott fogyaszt\u00e1s: 20 ml naponta sz\u00e1jon \u00e1t<\/b><\/span><\/span><\/span><\/p>\n<p><span style=\"color: #424242;\"><span style=\"font-family: Arial, serif;\"><span style=\"font-size: large;\"><b>1 \u00fcveg = 25 napi adag<\/b><\/span><\/span><\/span><\/p>\n<p>&nbsp;<\/p>\n<p><span style=\"color: #424242;\"><span style=\"font-family: Arial, serif;\"><span style=\"font-size: large;\"><b>Hajhull\u00e1s Okai<\/b><\/span><\/span><\/span><\/p>\n<p><span style=\"color: #424242;\"><span style=\"font-family: Arial, serif;\"><span style=\"font-size: large;\">A hajn\u00f6veked\u00e9snek saj\u00e1tos ciklusa van, \u00e9s ha ez zavart szenved, a szok\u00e1sosn\u00e1l is t\u00f6bb haj kihullhat, majd hosszabb id\u0151be telhet a visszan\u00f6veked\u00e9se.<\/span><\/span><\/span><\/p>\n<p><span style=\"color: #424242;\"><span style=\"font-family: Arial, serif;\"><span style=\"font-size: large;\">Ennek okai k\u00f6z\u00e9 tartozhat a hormonh\u00e1ztart\u00e1s zavara, a menopauza, az id\u0151sebb kor, egyes betegs\u00e9gek, \u00e9s egy vitaminokban szeg\u00e9ny \u00e9trend.<\/span><\/span><\/span><\/p>\n<p><span style=\"color: #424242;\"><span style=\"font-family: Arial, serif;\"><span style=\"font-size: large;\">Ahogy m\u00falnak az \u00e9vek, \u00e9s id\u0151sebbek lesz\u00fcnk, a kollag\u00e9n szint\u00e9zis a testben lelassul. Ennek eredm\u00e9nyek\u00e9nt a haj v\u00e9konyabb\u00e1 v\u00e1lik \u00e9s kev\u00e9sb\u00e9 lesz m\u00e1r ragyog\u00f3. Ezen fel\u00fcl a hajunk \u0151sz\u00fcl vagy feh\u00e9r\u00fcl a pigment hi\u00e1nya miatt. Az elix\u00edrben tal\u00e1lhat\u00f3 r\u00e9z, seg\u00edt meg\u0151rizni a haj pigment\u00e1ci\u00f3j\u00e1t.<\/span><\/span><\/span><\/p>\n<p><span style=\"color: #424242;\"><span style=\"font-family: Arial, serif;\"><span style=\"font-size: large;\">Ha nem figyel\u00fcnk oda kell\u0151en az \u00e9trend\u00fcnkre \u00e9s a bevitt t\u00e1panyagokra, akkor probl\u00e9m\u00e1k l\u00e9phetnek fel a testben. Ennek els\u0151 jelei gyakran a hajban mutatkoznak meg el\u0151sz\u00f6r.<\/span><\/span><\/span><\/p>\n<p><span style=\"color: #424242;\"><span style=\"font-family: Arial, serif;\"><span style=\"font-size: large;\">Ha az \u00e9trendedb\u0151l hi\u00e1nyoznak az esszenci\u00e1lis vitaminokb\u00f3l, mint p\u00e9ld\u00e1ul a biotin \u00e9s a cink, akkor az a hajadat negat\u00edvan \u00e9rintheti. A\u00a0<\/span><\/span><\/span><span style=\"color: #424242;\"><span style=\"font-family: Arial, serif;\"><span style=\"font-size: large;\"><b>Strong Hair Elix\u00edrt<\/b><\/span><\/span><\/span><span style=\"color: #424242;\"><span style=\"font-family: Arial, serif;\"><span style=\"font-size: large;\">\u00a0\u00fagy alkottuk meg, hogy a hajad megkaphassa a legfontosabb t\u00e1panyagokat.<\/span><\/span><\/span><\/p>\n","protected":false},"excerpt":{"rendered":"<p>Hajad \u00fajra \u00e9letre kel ezzel a bel\u00fclr\u0151l t\u00e1pl\u00e1l\u00f3 \u00e9s stimul\u00e1l\u00f3 haj\u00e1pol\u00f3 elix\u00edrrel, amelybe csak a legjobb \u00f6sszetev\u0151ket tett\u00fck kifejezetten megc\u00e9lozva a hajkoron\u00e1t. Lobogtasd \u00fajra hajadat a<\/p>\n","protected":false},"featured_media":5775,"comment_status":"closed","ping_status":"open","template":"","meta":[],"product_cat":[80],"product_tag":[],"class_list":{"0":"post-5774","1":"product","2":"type-product","3":"status-publish","4":"has-post-thumbnail","6":"product_brand-stilla","7":"product_cat-kozmetikumok","9":"first","10":"instock","11":"purchasable","12":"product-type-simple"},"_links":{"self":[{"href":"https:\/\/vitamin.coredesign.hu\/index.php?rest_route=\/wp\/v2\/product\/5774","targetHints":{"allow":["GET"]}}],"collection":[{"href":"https:\/\/vitamin.coredesign.hu\/index.php?rest_route=\/wp\/v2\/product"}],"about":[{"href":"https:\/\/vitamin.coredesign.hu\/index.php?rest_route=\/wp\/v2\/types\/product"}],"replies":[{"embeddable":true,"href":"https:\/\/vitamin.coredesign.hu\/index.php?rest_route=%2Fwp%2Fv2%2Fcomments&post=5774"}],"wp:featuredmedia":[{"embeddable":true,"href":"https:\/\/vitamin.coredesign.hu\/index.php?rest_route=\/wp\/v2\/media\/5775"}],"wp:attachment":[{"href":"https:\/\/vitamin.coredesign.hu\/index.php?rest_route=%2Fwp%2Fv2%2Fmedia&parent=5774"}],"wp:term":[{"taxonomy":"product_cat","embeddable":true,"href":"https:\/\/vitamin.coredesign.hu\/index.php?rest_route=%2Fwp%2Fv2%2Fproduct_cat&post=5774"},{"taxonomy":"product_tag","embeddable":true,"href":"https:\/\/vitamin.coredesign.hu\/index.php?rest_route=%2Fwp%2Fv2%2Fproduct_tag&post=5774"}],"curies":[{"name":"wp","href":"https:\/\/api.w.org\/{rel}","templated":true}]}}