{"id":5772,"date":"2025-10-12T12:31:33","date_gmt":"2025-10-12T10:31:33","guid":{"rendered":"https:\/\/vitamin.coredesign.hu\/?product=stilla-womens-anti-aging-beauty-elixir-etrend-kiegeszito-cseppek-500ml"},"modified":"2026-01-08T23:28:45","modified_gmt":"2026-01-08T22:28:45","slug":"stilla-womens-anti-aging-beauty-elixir-etrend-kiegeszito-cseppek-500ml","status":"publish","type":"product","link":"https:\/\/vitamin.coredesign.hu\/?product=stilla-womens-anti-aging-beauty-elixir-etrend-kiegeszito-cseppek-500ml","title":{"rendered":"Stilla <b>Women\u2019s Anti-Aging Beauty<\/b> Elixir -\u00e9trend-kieg\u00e9sz\u00edt\u0151 cseppek  -500ml"},"content":{"rendered":"<p>&nbsp;<\/p>\n<div id=\"lt-accessibility-devtools\" aria-hidden=\"true\"><\/div>\n<p><span style=\"color: #424242;\"><span style=\"font-family: Arial, serif;\"><span style=\"font-size: x-large;\"><b>Stilla Women\u2019s Anti-Aging Beauty Elixir<\/b><\/span><\/span><\/span><\/p>\n<p>&nbsp;<\/p>\n<p><span style=\"color: #424242;\"><span style=\"font-family: Arial, serif;\"><span style=\"font-size: large;\"><b>V\u00edzb\u00e1zis\u00fa, magas felsz\u00edv\u00f3d\u00e1s\u00fa \u00e9trend-kieg\u00e9sz\u00edt\u0151 cseppek<\/b><\/span><\/span><\/span><\/p>\n<p><span style=\"color: #424242;\"><span style=\"font-family: Arial, serif;\"><span style=\"font-size: large;\"><b>Mire sz\u00e1m\u00edthatsz:<\/b><\/span><\/span><\/span><\/p>\n<ul>\n<li style=\"list-style-type: none;\">\n<ul>\n<li><span style=\"color: #424242;\"><span style=\"font-family: Arial, serif;\"><span style=\"font-size: large;\"><b>Hidrat\u00e1lts\u00e1g \u00e9s feszess\u00e9g:<\/b><\/span><\/span><\/span><span style=\"color: #424242;\"><span style=\"font-family: Arial, serif;\"><span style=\"font-size: large;\">\u00a0Az Anti-Aging Beauty Elix\u00edr var\u00e1zsa a b\u0151r nedvess\u00e9gszintj\u00e9nek n\u00f6vel\u00e9s\u00e9ben rejlik. Az \u00f6sszetev\u0151k seg\u00edthetnek vissza\u00e1ll\u00edtani a b\u0151r term\u00e9szetes hidrat\u00e1lts\u00e1g\u00e1t, \u00edgy b\u0151r\u00fcnk puh\u00e1bb, sim\u00e1bb \u00e9s feszesebb lehet, ami egy fiatalosabb megjelen\u00e9st k\u00f6lcs\u00f6n\u00f6zhet.<\/span><\/span><\/span><\/li>\n<li><span style=\"color: #424242;\"><span style=\"font-family: Arial, serif;\"><span style=\"font-size: large;\"><b>R\u00e1ncok l\u00e1that\u00f3s\u00e1g\u00e1nak cs\u00f6kkent\u00e9se:<\/b><\/span><\/span><\/span><span style=\"color: #424242;\"><span style=\"font-family: Arial, serif;\"><span style=\"font-size: large;\">\u00a0Az elix\u00edr c\u00e9lzottan cs\u00f6kkentheti a r\u00e1ncok \u00e9s finom vonalak megjelen\u00e9s\u00e9t, hozz\u00e1j\u00e1rulva a b\u0151r fiatalosabb kin\u00e9zet\u00e9hez. Ez\u00e1ltal visszanyerheted b\u0151r\u00f6d rugalmass\u00e1g\u00e1t \u00e9s simas\u00e1g\u00e1t.<\/span><\/span><\/span><\/li>\n<li><span style=\"color: #424242;\"><span style=\"font-family: Arial, serif;\"><span style=\"font-size: large;\"><b>Sejtmeg\u00faj\u00edt\u00e1s \u00e9s regener\u00e1l\u00f3d\u00e1s:<\/b><\/span><\/span><\/span><span style=\"color: #424242;\"><span style=\"font-family: Arial, serif;\"><span style=\"font-size: large;\">\u00a0Az Anti-Aging Beauty Elix\u00edr bel\u00fclr\u0151l t\u00e1mogathatja a b\u0151r\u00f6d sejtjeinek meg\u00fajul\u00e1s\u00e1t \u00e9s regener\u00e1l\u00f3d\u00e1s\u00e1t. Ez a hat\u00e1s hozz\u00e1j\u00e1rulhat ahhoz, hogy b\u0151r\u00f6d feszesebb \u00e9s sug\u00e1rz\u00f3bb legyen.<\/span><\/span><\/span><\/li>\n<li><span style=\"color: #424242;\"><span style=\"font-family: Arial, serif;\"><span style=\"font-size: medium;\"><b>P\u00f3rusok finom\u00edt\u00e1sa, gyullad\u00e1sok cs\u00f6kkent\u00e9se \u00e9s a b\u0151r \u00f6reged\u00e9s\u00e9nek lass\u00edt\u00e1sa:<\/b><\/span><\/span><\/span><span style=\"color: #424242;\"><span style=\"font-family: Arial, serif;\"><span style=\"font-size: medium;\">\u00a0Az elix\u00edr hat\u00e9konyan cs\u00f6kkentheti a t\u00e1g p\u00f3rusokat, mik\u00f6zben cs\u00f6kkentheti a gyullad\u00e1st. A benne tal\u00e1lhat\u00f3\u00a0<\/span><\/span><\/span><span style=\"color: #424242;\"><span style=\"font-family: Arial, serif;\"><span style=\"font-size: medium;\"><b>fulvosav<\/b><\/span><\/span><\/span><span style=\"color: #424242;\"><span style=\"font-family: Arial, serif;\"><span style=\"font-size: medium;\">\u00a0\u00e9s\u00a0<\/span><\/span><\/span><span style=\"color: #424242;\"><span style=\"font-family: Arial, serif;\"><span style=\"font-size: medium;\"><b>pterosztilb\u00e9n<\/b><\/span><\/span><\/span><span style=\"color: #424242;\"><span style=\"font-family: Arial, serif;\"><span style=\"font-size: medium;\">\u00a0olyan \u00f6sszetev\u0151k, amelyek lass\u00edthatj\u00e1k a b\u0151r \u00f6reged\u00e9s\u00e9t, \u00e9s hozz\u00e1j\u00e1rulhatnak a fiatalos megjelen\u00e9s megtart\u00e1s\u00e1hoz.<\/span><\/span><\/span><\/li>\n<\/ul>\n<\/li>\n<\/ul>\n<p>&nbsp;<\/p>\n<p><span style=\"color: #424242;\"><span style=\"font-family: Arial, serif;\"><span style=\"font-size: large;\"><b>A var\u00e1zslatos \u00f6sszetev\u0151k:<\/b><\/span><\/span><\/span><\/p>\n<ul>\n<li><span style=\"color: #424242;\"><span style=\"font-family: Arial, serif;\"><span style=\"font-size: large;\"><b>Kollag\u00e9n \u00e9s Hialuronsav:<\/b><\/span><\/span><\/span><span style=\"color: #424242;\"><span style=\"font-family: Arial, serif;\"><span style=\"font-size: large;\">\u00a0Az elix\u00edrben tal\u00e1lhat\u00f3<\/span><\/span><\/span><span style=\"color: #424242;\"><span style=\"font-family: Arial, serif;\"><span style=\"font-size: large;\"><b>\u00a0II-es t\u00edpus\u00fa kollag\u00e9n\u00a0<\/b><\/span><\/span><\/span><span style=\"color: #424242;\"><span style=\"font-family: Arial, serif;\"><span style=\"font-size: large;\">\u00e9s\u00a0<\/span><\/span><\/span><span style=\"color: #424242;\"><span style=\"font-family: Arial, serif;\"><span style=\"font-size: large;\"><b>hialuronsav<\/b><\/span><\/span><\/span><span style=\"color: #424242;\"><span style=\"font-family: Arial, serif;\"><span style=\"font-size: large;\">\u00a0er\u0151teljes du\u00f3, amely t\u00e1pl\u00e1lja \u00e9s hidrat\u00e1lja a b\u0151rt, vissza\u00e1ll\u00edthatja annak feszess\u00e9g\u00e9t \u00e9s rugalmass\u00e1g\u00e1t.<\/span><\/span><\/span><\/li>\n<li><span style=\"color: #424242;\"><span style=\"font-family: Arial, serif;\"><span style=\"font-size: large;\"><b>Fulvosav \u00e9s Pterosztilb\u00e9n:<\/b><\/span><\/span><\/span><span style=\"color: #424242;\"><span style=\"font-family: Arial, serif;\"><span style=\"font-size: large;\">\u00a0Ezek a term\u00e9szetes \u00f6sszetev\u0151k hat\u00e9konyan lass\u00edthatj\u00e1k a b\u0151r \u00f6reged\u00e9s\u00e9t \u00e9s t\u00e1mogathatj\u00e1k a sejtmeg\u00fajul\u00e1st, hozz\u00e1j\u00e1rulhatnak a b\u0151r vitalit\u00e1s\u00e1hoz.<\/span><\/span><\/span><\/li>\n<li><span style=\"color: #424242;\"><span style=\"font-family: Arial, serif;\"><span style=\"font-size: large;\"><b>C-vitamin \u00e9s B3-vitamin:<\/b><\/span><\/span><\/span><span style=\"color: #424242;\"><span style=\"font-family: Arial, serif;\"><span style=\"font-size: large;\">\u00a0Ezek a vitaminok seg\u00edthetnek fokozni a b\u0151r ragyog\u00e1s\u00e1t, \u00e9s egyenletesebb\u00e9 tehetik annak t\u00f3nus\u00e1t, mik\u00f6zben t\u00e1mogathatj\u00e1k a sejtek regener\u00e1l\u00f3d\u00e1s\u00e1t.<\/span><\/span><\/span><\/li>\n<li><span style=\"color: #424242;\"><span style=\"font-family: Arial, serif;\"><span style=\"font-size: large;\"><b>Q10 koenzim:<\/b><\/span><\/span><\/span><span style=\"color: #424242;\"><span style=\"font-family: Arial, serif;\"><span style=\"font-size: large;\">\u00a0Ez az \u00f6sszetev\u0151 seg\u00edtheti a sejtek energiatermel\u00e9s\u00e9t, \u00e9s hozz\u00e1j\u00e1rulhat a b\u0151r fiatalos megjelen\u00e9s\u00e9nek megtart\u00e1s\u00e1hoz.<\/span><\/span><\/span><\/li>\n<\/ul>\n<p>&nbsp;<\/p>\n<p><span style=\"color: #424242;\"><span style=\"font-family: Arial, serif;\"><span style=\"font-size: large;\"><b>\u00daj\u00edtsd meg a b\u0151r\u00f6d sz\u00e9ps\u00e9g\u00e9t<\/b><\/span><\/span><\/span><\/p>\n<p><span style=\"color: #424242;\"><span style=\"font-family: Arial, serif;\"><span style=\"font-size: large;\">Ne engedd, hogy az id\u0151 m\u00fal\u00e1sa nyomot hagyjon b\u0151r\u00f6d\u00f6n. Az\u00a0<\/span><\/span><\/span><span style=\"color: #424242;\"><span style=\"font-family: Arial, serif;\"><span style=\"font-size: large;\"><b>Anti-Aging Beauty Elix\u00edr<\/b><\/span><\/span><\/span><span style=\"color: #424242;\"><span style=\"font-family: Arial, serif;\"><span style=\"font-size: large;\">\u00a0rendszeres haszn\u00e1lat\u00e1val meg\u00faj\u00edthatod b\u0151r\u00f6d sz\u00e9ps\u00e9g\u00e9t \u00e9s fiataloss\u00e1g\u00e1t. \u00c9rezd a k\u00fcl\u00f6nbs\u00e9get, ahogy b\u0151r\u00f6d visszanyeri puhas\u00e1g\u00e1t, rugalmass\u00e1g\u00e1t \u00e9s ragyog\u00e1s\u00e1t, \u00e9s l\u00e9gy b\u00fcszke a term\u00e9szetes sz\u00e9ps\u00e9gedre, amelyet az Anti-Aging Beauty Elix\u00edr t\u00e1mogathat.<\/span><\/span><\/span><\/p>\n<p>&nbsp;<\/p>\n<p><span style=\"color: #424242;\"><span style=\"font-family: Arial, serif;\"><span style=\"font-size: large;\"><b>Aj\u00e1nlott fogyaszt\u00e1s: 20 ml naponta sz\u00e1jon \u00e1t<\/b><\/span><\/span><\/span><\/p>\n<p><span style=\"color: #424242;\"><span style=\"font-family: Arial, serif;\"><span style=\"font-size: large;\"><b>1 \u00fcveg = 25 napi adag<\/b><\/span><\/span><\/span><\/p>\n<p>&nbsp;<\/p>\n<p><span style=\"color: #424242;\"><span style=\"font-family: Arial, serif;\"><span style=\"font-size: large;\"><b>Mennyi id\u0151 ut\u00e1n v\u00e1rhatsz eredm\u00e9nyt?<\/b><\/span><\/span><\/span><\/p>\n<p><span style=\"color: #424242;\"><span style=\"font-family: Arial, serif;\"><span style=\"font-size: large;\">Egy\u00e9nenk\u00e9nt elt\u00e9r\u0151, hogy ki milyen gyorsan reag\u00e1l az \u00f6sszetev\u0151kre. \u00c1ltal\u00e1noss\u00e1gban azonban elmondhat\u00f3, hogy egy \u00e9s h\u00e1rom h\u00f3nap sz\u00fcks\u00e9ges ahhoz, hogy a term\u00e9k teljesen ki tudja fejteni a hat\u00e1s\u00e1t \u00e9s a b\u0151r m\u00e9lyebb r\u00e9tegeibe is el\u00e9rjen.<\/span><\/span><\/span><\/p>\n","protected":false},"excerpt":{"rendered":"<p><span style=\"color: #424242;\"><span style=\"font-family: Arial, serif;\"><span style=\"font-size: large;\">Ne engedd, hogy az id\u0151 m\u00fal\u00e1sa nyomot hagyjon b\u0151r\u00f6d\u00f6n. Az\u00a0<\/span><\/span><\/span><span style=\"color: #424242;\"><span style=\"font-family: Arial, serif;\"><span style=\"font-size: large;\"><b>Anti-Aging Beauty Elix\u00edr<\/b><\/span><\/span><\/span><span style=\"color: #424242;\"><span style=\"font-family: Arial, serif;\"><span style=\"font-size: large;\">\u00a0rendszeres haszn\u00e1lat\u00e1val meg\u00faj\u00edthatod b\u0151r\u00f6d sz\u00e9ps\u00e9g\u00e9t \u00e9s fiataloss\u00e1g\u00e1t. \u00c9rezd a k\u00fcl\u00f6nbs\u00e9get, ahogy b\u0151r\u00f6d visszanyeri puhas\u00e1g\u00e1t, rugalmass\u00e1g\u00e1t \u00e9s ragyog\u00e1s\u00e1t, \u00e9s l\u00e9gy b\u00fcszke a term\u00e9szetes sz\u00e9ps\u00e9gedre, amelyet az Anti-Aging Beauty Elix\u00edr t\u00e1mogathat.<\/span><\/span><\/span><\/p>\n","protected":false},"featured_media":5773,"comment_status":"closed","ping_status":"open","template":"","meta":[],"product_cat":[80],"product_tag":[],"class_list":{"0":"post-5772","1":"product","2":"type-product","3":"status-publish","4":"has-post-thumbnail","6":"product_brand-stilla","7":"product_cat-kozmetikumok","9":"first","10":"instock","11":"purchasable","12":"product-type-simple"},"_links":{"self":[{"href":"https:\/\/vitamin.coredesign.hu\/index.php?rest_route=\/wp\/v2\/product\/5772","targetHints":{"allow":["GET"]}}],"collection":[{"href":"https:\/\/vitamin.coredesign.hu\/index.php?rest_route=\/wp\/v2\/product"}],"about":[{"href":"https:\/\/vitamin.coredesign.hu\/index.php?rest_route=\/wp\/v2\/types\/product"}],"replies":[{"embeddable":true,"href":"https:\/\/vitamin.coredesign.hu\/index.php?rest_route=%2Fwp%2Fv2%2Fcomments&post=5772"}],"wp:featuredmedia":[{"embeddable":true,"href":"https:\/\/vitamin.coredesign.hu\/index.php?rest_route=\/wp\/v2\/media\/5773"}],"wp:attachment":[{"href":"https:\/\/vitamin.coredesign.hu\/index.php?rest_route=%2Fwp%2Fv2%2Fmedia&parent=5772"}],"wp:term":[{"taxonomy":"product_cat","embeddable":true,"href":"https:\/\/vitamin.coredesign.hu\/index.php?rest_route=%2Fwp%2Fv2%2Fproduct_cat&post=5772"},{"taxonomy":"product_tag","embeddable":true,"href":"https:\/\/vitamin.coredesign.hu\/index.php?rest_route=%2Fwp%2Fv2%2Fproduct_tag&post=5772"}],"curies":[{"name":"wp","href":"https:\/\/api.w.org\/{rel}","templated":true}]}}