{"id":5768,"date":"2025-10-12T12:31:33","date_gmt":"2025-10-12T10:31:33","guid":{"rendered":"https:\/\/vitamin.coredesign.hu\/?product=stilla-rencore-sport-izulet-vedo-500ml"},"modified":"2026-01-08T23:28:42","modified_gmt":"2026-01-08T22:28:42","slug":"stilla-rencore-sport-izulet-vedo-500ml","status":"publish","type":"product","link":"https:\/\/vitamin.coredesign.hu\/?product=stilla-rencore-sport-izulet-vedo-500ml","title":{"rendered":"Stilla Rencore Sport -Iz\u00fclet v\u00e9d\u0151  -500ml"},"content":{"rendered":"<p>&nbsp;<\/p>\n<div id=\"lt-accessibility-devtools\" aria-hidden=\"true\"><\/div>\n<p><span style=\"color: #424242;\"><span style=\"font-family: Arial, serif;\"><span style=\"font-size: x-large;\"><b>Stilla Rencore Sport<\/b><\/span><\/span><\/span><\/p>\n<p><span style=\"color: #424242;\"><span style=\"font-family: Arial, serif;\"><span style=\"font-size: large;\"><b>V\u00edzb\u00e1zis\u00fa, magas felsz\u00edv\u00f3d\u00e1s\u00fa \u00e9trend-kieg\u00e9sz\u00edt\u0151 cseppek<\/b><\/span><\/span><\/span><\/p>\n<p><a name=\"_GoBack\"><\/a> <strong><span style=\"color: #424242;\"><span style=\"font-family: Arial, serif;\"><span style=\"font-size: large;\">\u00c9lsportol\u00f3knak \u2013 A Magyar Testnevel\u00e9si \u00e9s Sporttudom\u00e1nyi Egyetem \u00e1ltal bevizsg\u00e1lt term\u00e9kek<\/span><\/span><\/span><\/strong><\/p>\n<p><span style=\"color: #424242;\"><span style=\"font-family: Arial, serif;\"><span style=\"font-size: large;\">Okkal mondhatjuk, hogy az eg\u00e9szs\u00e9ges \u00edz\u00fcletek \u00e9s porcok a \u201cfiatalos\u201d mindennapok z\u00e1loga. A jellemz\u0151en id\u0151sebb korban jelentkez\u0151 kr\u00f3nikus \u00edz\u00fcleti gyullad\u00e1sok (pl. rheumatoidarthritis) jelent\u0151sen rontj\u00e1k az \u00e9letmin\u0151s\u00e9get, el\u0151rehaladott \u00e1llapotban az \u00e9rintett emberek sz\u00e1m\u00e1ra m\u00e1r a mindennapi tev\u00e9kenys\u00e9g is f\u00e1jdalmas, extra er\u0151fesz\u00edt\u00e9st ig\u00e9nyel.<\/span><\/span><\/span><\/p>\n<p><span style=\"color: #424242;\"><span style=\"font-family: Arial, serif;\"><span style=\"font-size: large;\">Az id\u0151sebb korcsoport mellett az akt\u00edv sportol\u00f3k \u00edz\u00fcletei \u00e9s porcos r\u00e9szei is jelent\u0151s megterhel\u00e9snek, fokozott s\u00e9r\u00fcl\u00e9si kock\u00e1zatnak vannak kit\u00e9ve. \u00c9ppen ez\u00e9rt az akt\u00edv, sportos \u00e9letm\u00f3dot folytat\u00f3k eset\u00e9ben panaszmentess\u00e9g eset\u00e9n is c\u00e9lszer\u0171 proakt\u00edvan gondolkodni, t\u00e1mogatni a porcok \u00e9s \u00edz\u00fcletek rugalmass\u00e1g\u00e1t prevenci\u00f3s c\u00e9llal.<\/span><\/span><\/span><\/p>\n<p><span style=\"color: #424242;\"><span style=\"font-family: Arial, serif;\"><span style=\"font-size: large;\">Legyen sz\u00f3 proakt\u00edv \u00e1llapotmeg\u0151rz\u00e9sr\u0151l, akut s\u00e9r\u00fcl\u00e9sr\u0151l vagy l\u00e1badoz\u00e1sr\u00f3l, a StillaRencore magas felsz\u00edv\u00f3d\u00e1s\u00fa, term\u00e9szetes hat\u00f3anyag-kombin\u00e1ci\u00f3ja \u00e9ppen arra lett kifejlesztve, hogy hat\u00e9konyan t\u00e1mogassa a porcok \u00e9s \u00edz\u00fcletek gy\u00f3gyul\u00e1si, l\u00e1badoz\u00e1si folyamatait, valamint hogy hozz\u00e1j\u00e1rulhasson a panaszmentes \u00edz\u00fcletek \u00e9s porcok s\u00e9r\u00fcl\u00e9sekkel szembeni ellen\u00e1ll\u00f3bb\u00e1 t\u00e9tel\u00e9hez.<\/span><\/span><\/span><\/p>\n<p><span style=\"color: #424242;\"><span style=\"font-family: Arial, serif;\"><span style=\"font-size: large;\"><b>Figyelmeztet\u00e9s:<\/b><\/span><\/span><\/span><span style=\"color: #424242;\"><span style=\"font-family: Arial, serif;\"><span style=\"font-size: large;\">\u00a0Szoptat\u00e1si id\u0151szak alatt fogyaszt\u00e1sa nem aj\u00e1nlott!<\/span><\/span><\/span><\/p>\n<p><span style=\"color: #424242;\"><span style=\"font-family: Arial, serif;\"><span style=\"font-size: large;\"><b>Aj\u00e1nlott fogyaszt\u00e1sa:<\/b><\/span><\/span><\/span><span style=\"color: #424242;\"><span style=\"font-family: Arial, serif;\"><span style=\"font-size: large;\">\u00a020 ml naponta, b\u00e1rmely napszakban fogyaszthat\u00f3<\/span><\/span><\/span><\/p>\n<p><span style=\"color: #424242;\"><span style=\"font-family: Arial, serif;\"><span style=\"font-size: large;\"><b>1 \u00fcveg = 25 napi adag<\/b><\/span><\/span><\/span><\/p>\n<p>&nbsp;<\/p>\n","protected":false},"excerpt":{"rendered":"<p>Az akt\u00edv, sportos \u00e9letm\u00f3dot folytat\u00f3k eset\u00e9ben panaszmentess\u00e9g eset\u00e9n is c\u00e9lszer\u0171 proakt\u00edvan t\u00e1mogatni a porcok \u00e9s \u00edz\u00fcletek rugalmass\u00e1g\u00e1t, \u201cfiatalon\u201d tart\u00e1s\u00e1t.<\/p>\n","protected":false},"featured_media":5769,"comment_status":"closed","ping_status":"open","template":"","meta":[],"product_cat":[61],"product_tag":[],"class_list":{"0":"post-5768","1":"product","2":"type-product","3":"status-publish","4":"has-post-thumbnail","6":"product_brand-stilla","7":"product_cat-etrend-kiegeszitok","9":"first","10":"instock","11":"purchasable","12":"product-type-simple"},"_links":{"self":[{"href":"https:\/\/vitamin.coredesign.hu\/index.php?rest_route=\/wp\/v2\/product\/5768","targetHints":{"allow":["GET"]}}],"collection":[{"href":"https:\/\/vitamin.coredesign.hu\/index.php?rest_route=\/wp\/v2\/product"}],"about":[{"href":"https:\/\/vitamin.coredesign.hu\/index.php?rest_route=\/wp\/v2\/types\/product"}],"replies":[{"embeddable":true,"href":"https:\/\/vitamin.coredesign.hu\/index.php?rest_route=%2Fwp%2Fv2%2Fcomments&post=5768"}],"wp:featuredmedia":[{"embeddable":true,"href":"https:\/\/vitamin.coredesign.hu\/index.php?rest_route=\/wp\/v2\/media\/5769"}],"wp:attachment":[{"href":"https:\/\/vitamin.coredesign.hu\/index.php?rest_route=%2Fwp%2Fv2%2Fmedia&parent=5768"}],"wp:term":[{"taxonomy":"product_cat","embeddable":true,"href":"https:\/\/vitamin.coredesign.hu\/index.php?rest_route=%2Fwp%2Fv2%2Fproduct_cat&post=5768"},{"taxonomy":"product_tag","embeddable":true,"href":"https:\/\/vitamin.coredesign.hu\/index.php?rest_route=%2Fwp%2Fv2%2Fproduct_tag&post=5768"}],"curies":[{"name":"wp","href":"https:\/\/api.w.org\/{rel}","templated":true}]}}