{"id":5765,"date":"2025-10-12T12:31:33","date_gmt":"2025-10-12T10:31:33","guid":{"rendered":"https:\/\/vitamin.coredesign.hu\/?product=stilla-neuro-mg-etrend-kiegeszito-cseppek-30ml"},"modified":"2026-01-08T23:28:41","modified_gmt":"2026-01-08T22:28:41","slug":"stilla-neuro-mg-etrend-kiegeszito-cseppek-30ml","status":"publish","type":"product","link":"https:\/\/vitamin.coredesign.hu\/?product=stilla-neuro-mg-etrend-kiegeszito-cseppek-30ml","title":{"rendered":"Stilla <b>Neuro Mg<\/b> -\u00e9trend kieg\u00e9sz\u00edt\u0151 cseppek -30ml"},"content":{"rendered":"<p>&nbsp;<\/p>\n<div id=\"lt-accessibility-devtools\" aria-hidden=\"true\"><\/div>\n<p><span style=\"color: #424242;\"><span style=\"font-family: Arial, serif;\"><span style=\"font-size: x-large;\"><b>Stilla Neuro-Mg<\/b><\/span><\/span><\/span><\/p>\n<p>&nbsp;<\/p>\n<p><span style=\"color: #424242;\"><span style=\"font-family: Arial, serif;\"><span style=\"font-size: large;\"><b>V\u00edzb\u00e1zis\u00fa, magas felsz\u00edv\u00f3d\u00e1s\u00fa \u00e9trend-kieg\u00e9sz\u00edt\u0151 cseppek.<\/b><\/span><\/span><\/span><\/p>\n<p><span style=\"color: #424242;\"><span style=\"font-family: Arial, serif;\"><span style=\"font-size: large;\">Az enzimek feladata, hogy bizonyos k\u00e9miai reakci\u00f3k lezajl\u00e1s\u00e1t lehet\u0151v\u00e9 tegy\u00e9k az emberi szervezetben. A magn\u00e9zium t\u00f6bb mint h\u00e1romsz\u00e1z enzim m\u0171k\u00f6d\u00e9s\u00e9hez n\u00e9lk\u00fcl\u00f6zhetetlen, \u00edgy p\u00f3tl\u00e1s\u00e1ra \u00e9rdemes tudatosan odafigyelni.<\/span><\/span><\/span><\/p>\n<p><span style=\"color: #424242;\"><span style=\"font-family: Arial, serif;\"><span style=\"font-size: large;\">A Stilla Neuro-Mg hat\u00f3anyag\u00e1t, a magn\u00e9zium-L-treon\u00e1tot az agy magn\u00e9zium\u00e1nak is nevezik. A magn\u00e9ziumnak ez a form\u00e1ja ugyanis az egyetlen, amely k\u00e9pes \u00e1tjutni a v\u00e9r-agy g\u00e1ton, azaz k\u00f6zvetlen\u00fcl az agyban zajl\u00f3 k\u00e9miai reakci\u00f3k\u00e9rt felel\u0151s enzimeket tudja t\u00e1mogatni.<\/span><\/span><\/span><\/p>\n<p><span style=\"color: #424242;\"><span style=\"font-family: Arial, serif;\"><span style=\"font-size: large;\">\u00cdgy a magn\u00e9zium-L-treon\u00e1t rendszeres p\u00f3tl\u00e1sa az idegrendszer \u00e9s a pszich\u00e9 harmonikus m\u0171k\u00f6d\u00e9s\u00e9hez j\u00e1rulhat hozz\u00e1. T\u00e1mogathatja a kognit\u00edv k\u00e9pess\u00e9geket, a mindennapi megpr\u00f3b\u00e1ltat\u00e1sokkal szemben ellen\u00e1ll\u00f3bb\u00e1 teheti az idegrendszert, serkentheti a mem\u00f3ri\u00e1t.<\/span><\/span><\/span><\/p>\n<p>&nbsp;<\/p>\n<p><span style=\"color: #424242;\"><span style=\"font-family: Arial, serif;\"><span style=\"font-size: large;\"><b>Aj\u00e1nlott fogyaszt\u00e1sa:<\/b><\/span><\/span><\/span><span style=\"color: #424242;\"><span style=\"font-family: Arial, serif;\"><span style=\"font-size: large;\">\u00a0b\u00e1rmely napszakban fogyaszthat\u00f3, nyugtat\u00f3 hat\u00e1s\u00e1ssal rendelkezik, ez\u00e9rt \u00e9rdemes az esti \u00f3r\u00e1kban fogyasztani a jobb alv\u00e1s \u00e9rdek\u00e9ben<br \/>\n<\/span><\/span><\/span><b><\/b><\/p>\n<p><span style=\"color: #424242;\"><span style=\"font-family: Arial, serif;\"><span style=\"font-size: large;\"><b>A Neuro Mg egyidej\u0171leg kombin\u00e1lhat\u00f3 a k\u00f6vetkez\u0151 term\u00e9kekkel:<\/b><\/span><\/span><\/span><\/p>\n<ul>\n<li><span style=\"color: #424242;\"><span style=\"font-family: Arial, serif;\"><span style=\"font-size: large;\">Fulvotikum<\/span><\/span><\/span><\/li>\n<li><span style=\"color: #424242;\"><span style=\"font-family: Arial, serif;\"><span style=\"font-size: large;\">Sleep<\/span><\/span><\/span><\/li>\n<li><span style=\"color: #424242;\"><span style=\"font-family: Arial, serif;\"><span style=\"font-size: large;\">Mom Power<\/span><\/span><\/span><\/li>\n<li><span style=\"color: #424242;\"><span style=\"font-family: Arial, serif;\"><span style=\"font-size: large;\">Memory<\/span><\/span><\/span><\/li>\n<\/ul>\n<p>&nbsp;<\/p>\n<p><a name=\"_GoBack\"><\/a><span style=\"color: #424242;\"><span style=\"font-family: Arial, serif;\"><span style=\"font-size: large;\"><b>Adagol\u00e1s:<\/b><\/span><\/span><\/span><span style=\"color: #424242;\"><span style=\"font-family: Arial, serif;\"><span style=\"font-size: large;\"> 20 csepp (1 ml) naponta, 1 \u00fcveg = 30 napos adag.<\/span><\/span><\/span><span style=\"color: #424242;\"><span style=\"font-family: Arial, serif;\"><span style=\"font-size: large;\"><br \/>\n<\/span><\/span><\/span><span style=\"color: #424242;\"><span style=\"font-family: Arial, serif;\"><span style=\"font-size: large;\">Haszn\u00e1lat el\u0151tt felr\u00e1zand\u00f3.<\/span><\/span><\/span><\/p>\n","protected":false},"excerpt":{"rendered":"<p>Ez a Stilla term\u00e9k Magn\u00e9zium-L-Treon\u00e1tot tartalmaz, amely az egyetlen magn\u00e9zium forma amely k\u00e9pes a v\u00e9r-agy g\u00e1ton \u00e1thatolni.<\/p>\n","protected":false},"featured_media":0,"comment_status":"closed","ping_status":"open","template":"","meta":[],"product_cat":[73],"product_tag":[],"class_list":{"0":"post-5765","1":"product","2":"type-product","3":"status-publish","5":"product_brand-stilla","6":"product_cat-arvanyi-anyagok","8":"first","9":"instock","10":"purchasable","11":"product-type-simple"},"_links":{"self":[{"href":"https:\/\/vitamin.coredesign.hu\/index.php?rest_route=\/wp\/v2\/product\/5765","targetHints":{"allow":["GET"]}}],"collection":[{"href":"https:\/\/vitamin.coredesign.hu\/index.php?rest_route=\/wp\/v2\/product"}],"about":[{"href":"https:\/\/vitamin.coredesign.hu\/index.php?rest_route=\/wp\/v2\/types\/product"}],"replies":[{"embeddable":true,"href":"https:\/\/vitamin.coredesign.hu\/index.php?rest_route=%2Fwp%2Fv2%2Fcomments&post=5765"}],"wp:attachment":[{"href":"https:\/\/vitamin.coredesign.hu\/index.php?rest_route=%2Fwp%2Fv2%2Fmedia&parent=5765"}],"wp:term":[{"taxonomy":"product_cat","embeddable":true,"href":"https:\/\/vitamin.coredesign.hu\/index.php?rest_route=%2Fwp%2Fv2%2Fproduct_cat&post=5765"},{"taxonomy":"product_tag","embeddable":true,"href":"https:\/\/vitamin.coredesign.hu\/index.php?rest_route=%2Fwp%2Fv2%2Fproduct_tag&post=5765"}],"curies":[{"name":"wp","href":"https:\/\/api.w.org\/{rel}","templated":true}]}}