{"id":5763,"date":"2025-10-12T12:31:33","date_gmt":"2025-10-12T10:31:33","guid":{"rendered":"https:\/\/vitamin.coredesign.hu\/?product=stilla-mom-power-etrend-kiegeszito-cseppek-30ml"},"modified":"2026-01-08T23:28:40","modified_gmt":"2026-01-08T22:28:40","slug":"stilla-mom-power-etrend-kiegeszito-cseppek-30ml","status":"publish","type":"product","link":"https:\/\/vitamin.coredesign.hu\/?product=stilla-mom-power-etrend-kiegeszito-cseppek-30ml","title":{"rendered":"Stilla <b>Mom Power<\/b> -\u00e9trend kieg\u00e9sz\u00edt\u0151 cseppek -30ml"},"content":{"rendered":"<p>&nbsp;<\/p>\n<div id=\"lt-accessibility-devtools\" aria-hidden=\"true\"><\/div>\n<p><span style=\"color: #424242;\"><span style=\"font-family: Arial, serif;\"><span style=\"font-size: x-large;\"><b>Stilla Mom Power<\/b><\/span><\/span><\/span><\/p>\n<p>&nbsp;<\/p>\n<p><span style=\"color: #424242;\"><span style=\"font-family: Arial, serif;\"><span style=\"font-size: large;\"><b>V\u00edzb\u00e1zis\u00fa, magas felsz\u00edv\u00f3d\u00e1s\u00fa \u00e9trend-kieg\u00e9sz\u00edt\u0151 cseppek.<\/b><\/span><\/span><\/span><\/p>\n<p>&nbsp;<\/p>\n<p><span style=\"color: #424242;\"><span style=\"font-family: Arial, serif;\"><span style=\"font-size: large;\"><b>A Stilla Mom Power cseppekkel v\u00e9gre kit\u00f6rhetsz a stressz \u00e9s a f\u00e1radts\u00e1g \u00f6rd\u00f6gi k\u00f6r\u00e9b\u0151l!<\/b><\/span><\/span><\/span><\/p>\n<p><span style=\"color: #424242;\"><span style=\"font-family: Arial, serif;\"><span style=\"font-size: large;\">Nem k\u00f6nny\u0171 any\u00e1nak lenni \u2013 sz\u00e1mtalan felel\u0151ss\u00e9g, d\u00f6nt\u00e9sek \u00e9s v\u00e9get nem \u00e9r\u0151 feladatok sokas\u00e1ga minden nap. Itt az ideje, hogy Te is felfedezzd a Stilla Mom Power cseppek erej\u00e9t! V\u00edzalap\u00fa, j\u00f3l felsz\u00edv\u00f3d\u00f3 \u00e9trend-kieg\u00e9sz\u00edt\u0151, amelyet \u00fagy terveztek, hogy kiegyens\u00falyozza a mindennapokat. Er\u0151teljes \u00f6sszetev\u0151k gondosan \u00f6ssze\u00e1ll\u00edtott kever\u00e9k\u00e9vel \u2013 t\u00f6bbek k\u00f6z\u00f6tt magn\u00e9zium-L-treon\u00e1t, Rhodiola rosea, L-teanin, gamma-amino vajsav, ashwagandha gy\u00f6k\u00e9r, panax ginseng, kolin-bitartar\u00e1t \u2013 a Stilla Mom Power az\u00e9rt van itt, hogy \u00fagy t\u00e1mogathasson \u00e9s meger\u0151s\u00edthessen, mint m\u00e9g soha.<br \/>\nFigyelmeztet\u00e9s: Szoptat\u00e1si id\u0151szak alatt fogyaszt\u00e1sa nem aj\u00e1nlott!<\/span><\/span><\/span><\/p>\n<p>&nbsp;<\/p>\n<p><span style=\"color: #424242;\"><span style=\"font-family: Arial, serif;\"><span style=\"font-size: large;\"><b>Mit v\u00e1rhatsz az \u00f6sszetev\u0151kt\u0151l?<\/b><\/span><\/span><\/span><\/p>\n<p><span style=\"color: #424242;\"><span style=\"font-family: Arial, serif;\"><span style=\"font-size: large;\"><b>Magn\u00e9zium-L-treon\u00e1t:<\/b><\/span><\/span><\/span><span style=\"color: #424242;\"><span style=\"font-family: Arial, serif;\"><span style=\"font-size: large;\">\u00a0A magn\u00e9ziumnak ez az egyed\u00fcl\u00e1ll\u00f3 form\u00e1ja a v\u00e9r-agy g\u00e1ton \u00e1tjutva, fokozza az agym\u0171k\u00f6d\u00e9st \u00e9s el\u0151seg\u00edti a nyugalom\u00e9rzetet. Az eg\u00e9szs\u00e9ges kognit\u00edv funkci\u00f3k t\u00e1mogat\u00e1s\u00e1val a magn\u00e9zium-L-treon\u00e1t seg\u00edthet jav\u00edtani a f\u00f3kuszt, a mem\u00f3ri\u00e1t \u00e9s a ment\u00e1lis tisztas\u00e1got, lehet\u0151v\u00e9 t\u00e9ve, hogy k\u00f6nnyebben \u00e9s higgadtabban oldhasd meg a mindennapi kih\u00edv\u00e1sokat.<\/span><\/span><\/span><\/p>\n<p><span style=\"color: #424242;\"><span style=\"font-family: Arial, serif;\"><span style=\"font-size: large;\"><b>Rhodiola rosea:<\/b><\/span><\/span><\/span><span style=\"color: #424242;\"><span style=\"font-family: Arial, serif;\"><span style=\"font-size: large;\">\u00a0Az adaptog\u00e9n gy\u00f3gyn\u00f6v\u00e9nyk\u00e9nt ismert Rhodiolarosea-t \u00e9vsz\u00e1zadok \u00f3ta haszn\u00e1lj\u00e1k a stressz \u00e9s a f\u00e1radts\u00e1g lek\u00fczd\u00e9s\u00e9re. Seg\u00edt szab\u00e1lyozni a kortizolszintet, a h\u00edrhedt stresszhormont, el\u0151seg\u00edtve a nyugalom \u00e9s az \u00e1ltal\u00e1nos j\u00f3l\u00e9t \u00e9rz\u00e9s\u00e9t. A Rhodiolarosea-t az\u00e9rt tett\u00fck a\u00a0 StillaMomPower cseppekbe, hogy fokozzhassa az ellen\u00e1ll\u00f3 k\u00e9pess\u00e9get \u00e9s a ment\u00e1lis teljes\u00edtm\u00e9nyt, lehet\u0151v\u00e9 t\u00e9ve, hogy meg\u00fajult energi\u00e1val\u00a0 tev\u00e9kenykedhess elfoglalt mindennapjaidban.<\/span><\/span><\/span><\/p>\n<p><span style=\"color: #424242;\"><span style=\"font-family: Arial, serif;\"><span style=\"font-size: large;\"><b>L-theanine:<\/b><\/span><\/span><\/span><span style=\"color: #424242;\"><span style=\"font-family: Arial, serif;\"><span style=\"font-size: large;\">\u00a0A tealevelekben term\u00e9szetesen megtal\u00e1lhat\u00f3 L-theanine h\u00edres relax\u00e1ci\u00f3t el\u0151seg\u00edt\u0151 tulajdons\u00e1gair\u00f3l. El\u0151seg\u00edti az alfa agyhull\u00e1mok tev\u00e9kenys\u00e9g\u00e9t, amely a nyugodt \u00e9bers\u00e9g \u00e1llapot\u00e1val j\u00e1r egy\u00fctt. Az L-theanineStillaMomPower cseppekbe val\u00f3 be\u00e9p\u00edt\u00e9s\u00e9vel c\u00e9lunk, hogy seg\u00edts\u00fcnk megtal\u00e1lni a b\u00e9k\u00e9s egyens\u00falyt a k\u00e1osz k\u00f6zepette, lehet\u0151v\u00e9 t\u00e9ve a nyugalom \u00e9rz\u00e9s\u00e9t an\u00e9lk\u00fcl, hogy a koncentr\u00e1ci\u00f3 vagy a szellemi \u00e9lesl\u00e1t\u00e1s s\u00e9r\u00fclne.<\/span><\/span><\/span><\/p>\n<p><span style=\"color: #424242;\"><span style=\"font-family: Arial, serif;\"><span style=\"font-size: large;\"><b>GABA:<\/b><\/span><\/span><\/span><span style=\"color: #424242;\"><span style=\"font-family: Arial, serif;\"><span style=\"font-size: large;\">\u00a0A gamma-amino-vajsav (GABA) egy g\u00e1tl\u00f3 neurotranszmitter, amely seg\u00edt szab\u00e1lyozni a neuronok ingerl\u00e9kenys\u00e9g\u00e9t, el\u0151seg\u00edtve a relax\u00e1ci\u00f3t \u00e9s cs\u00f6kkentve a szorong\u00e1st. Az\u00e1ltal, hogy a StillaMomPower tartalmazza a GAB\u00c1-t, seg\u00edt megnyugtatni a t\u00falhajszolt elm\u00e9t \u00e9s el\u0151seg\u00edti a nyugodtabb \u00e1llapotot, lehet\u0151v\u00e9 t\u00e9ve, hogy hat\u00e9konyabban kezeld a stresszt \u00e9s meg\u0151rizd pozit\u00edv szeml\u00e9leted.<\/span><\/span><\/span><\/p>\n<p><span style=\"color: #424242;\"><span style=\"font-family: Arial, serif;\"><span style=\"font-size: large;\"><b>Ashwagandha gy\u00f6k\u00e9r:<\/b><\/span><\/span><\/span><span style=\"color: #424242;\"><span style=\"font-family: Arial, serif;\"><span style=\"font-size: large;\">\u00a0Az ashwagandh\u00e1t r\u00e9g\u00f3ta tisztelik az ayurv\u00e9dikus gy\u00f3gy\u00e1szatban adaptog\u00e9n tulajdons\u00e1gai miatt. Seg\u00edt a szervezetnek alkalmazkodni a stresszhez \u00e9s t\u00e1mogatja az \u00e1ltal\u00e1nos vitalit\u00e1st. Az ashwagandha gy\u00f6k\u00e9r erej\u00e9nek a StillaMomPower cseppekben val\u00f3 hasznos\u00edt\u00e1s\u00e1val term\u00e9szetes m\u00f3dot k\u00edn\u00e1lunk a rugalmass\u00e1g fokoz\u00e1s\u00e1ra, a f\u00e1radts\u00e1g lek\u00fczd\u00e9s\u00e9re, valamint a test \u00e9s az elme egyens\u00faly\u00e1nak helyre\u00e1ll\u00edt\u00e1s\u00e1ra.<\/span><\/span><\/span><\/p>\n<p><span style=\"color: #424242;\"><span style=\"font-family: Arial, serif;\"><span style=\"font-size: large;\"><b>Panax ginseng:<\/b><\/span><\/span><\/span><span style=\"color: #424242;\"><span style=\"font-family: Arial, serif;\"><span style=\"font-size: large;\">\u00a0Az energiz\u00e1l\u00f3 hat\u00e1s\u00e1r\u00f3l h\u00edres panaxginseng egy er\u0151teljes adaptog\u00e9n, amely fokozza az \u00e1ll\u00f3k\u00e9pess\u00e9get \u00e9s k\u00fczd a szellemi \u00e9s fizikai f\u00e1radts\u00e1g ellen. A panax ginseng a MomPower cseppekben tart\u00f3s energi\u00e1t biztos\u00edt, amire sz\u00fcks\u00e9g van ahhoz, hogy lek\u00fczd a napi feladatokat \u00e9s \u00fajult er\u0151vel fogadhasd az \u00e9let kih\u00edv\u00e1sait.<\/span><\/span><\/span><\/p>\n<p><span style=\"color: #424242;\"><span style=\"font-family: Arial, serif;\"><span style=\"font-size: large;\"><b>Kolin-bitartar\u00e1t:<\/b><\/span><\/span><\/span><span style=\"color: #424242;\"><span style=\"font-family: Arial, serif;\"><span style=\"font-size: large;\">\u00a0A kolin l\u00e9tfontoss\u00e1g\u00fa szerepet j\u00e1tszik az agy eg\u00e9szs\u00e9g\u00e9ben \u00e9s m\u0171k\u00f6d\u00e9s\u00e9ben. T\u00e1mogatja a mem\u00f3ri\u00e1t, a megismer\u00e9st \u00e9s a f\u00f3kusz\u00e1l\u00e1st, lehet\u0151v\u00e9 t\u00e9ve, hogy szellemileg \u00e9ber maradj. Azzal, hogy a Mom Power cseppek kolin-bitartar\u00e1tot tartalmaznak, fokozzuk a kognit\u00edv k\u00e9pess\u00e9geinket, seg\u00edt, hogy a cs\u00facson maradj \u00e9s a rohan\u00f3 \u00e9let minden ter\u00fclet\u00e9n helyt \u00e1llj.<\/span><\/span><\/span><\/p>\n<p>&nbsp;<\/p>\n<p><span style=\"color: #424242;\"><span style=\"font-family: Arial, serif;\"><span style=\"font-size: large;\">A Stilla Mom Power cseppekkel v\u00e9gre kit\u00f6rhetsz a stressz \u00e9s a f\u00e1radts\u00e1g \u00f6rd\u00f6gi k\u00f6r\u00e9b\u0151l. A term\u00e9szetes \u00f6sszetev\u0151k er\u0151teljes kever\u00e9ke szinergikusan m\u0171k\u00f6dnek, \u00e9s biztos\u00edtj\u00e1k a sz\u00fcks\u00e9ges t\u00e1mogat\u00e1st, hogy higgadts\u00e1ggal \u00e9s megfelel\u0151 energi\u00e1val v\u00e9szeld \u00e1t az anyas\u00e1g kih\u00edv\u00e1sait. Magas min\u0151s\u00e9g\u0171 hat\u00f3anyagainkkal els\u0151 k\u00e9zb\u0151l tapasztalhatod meg ezen \u00f6sszetev\u0151k el\u0151nyeit.<\/span><\/span><\/span><\/p>\n<p><span style=\"color: #424242;\"><span style=\"font-family: Arial, serif;\"><span style=\"font-size: large;\">Itt az ideje, hogy visszaszerezd az er\u0151det, megtal\u00e1ld az egyens\u00falyt, \u00e9s \u00e9lvezd az anyas\u00e1g \u00f6r\u00f6m\u00e9t. Legyen a Stilla Mom Power cseppek a napi t\u00e1rsad, \u00e9s szabad\u00edtsad fel val\u00f3di k\u00e9pess\u00e9geidet. Tapasztald meg a k\u00fcl\u00f6nbs\u00e9get a Stilla Mom Power cseppekkel m\u00e9g ma!<\/span><\/span><\/span><\/p>\n<p>&nbsp;<\/p>\n<p><span style=\"color: #424242;\"><span style=\"font-family: Arial, serif;\"><span style=\"font-size: large;\"><b>Aj\u00e1nlott fogyaszt\u00e1sa:<\/b><\/span><\/span><\/span><span style=\"color: #424242;\"><span style=\"font-family: Arial, serif;\"><span style=\"font-size: large;\">\u00a0A legjobb felsz\u00edv\u00f3d\u00e1s \u00e9rdek\u00e9ben \u00e9rdemes a reggeli, d\u00e9lel\u0151tti, vagy kora d\u00e9lut\u00e1ni \u00f3r\u00e1kban fogyasztani.<br \/>\n<\/span><\/span><\/span><b><\/b><\/p>\n<p><span style=\"color: #424242;\"><span style=\"font-family: Arial, serif;\"><span style=\"font-size: large;\"><b>A Mom Power egyidej\u0171leg kombin\u00e1lhat\u00f3 a k\u00f6vetkez\u0151 term\u00e9kekkel:<\/b><\/span><\/span><\/span><\/p>\n<ul>\n<li><span style=\"color: #424242;\"><span style=\"font-family: Arial, serif;\"><span style=\"font-size: large;\">Immunity<\/span><\/span><\/span><\/li>\n<li><span style=\"color: #424242;\"><span style=\"font-family: Arial, serif;\"><span style=\"font-size: large;\">C+D+Zn<\/span><\/span><\/span><\/li>\n<li><span style=\"color: #424242;\"><span style=\"font-family: Arial, serif;\"><span style=\"font-size: large;\">Fulvotikum<\/span><\/span><\/span><\/li>\n<li><span style=\"color: #424242;\"><span style=\"font-family: Arial, serif;\"><span style=\"font-size: large;\">Memory<\/span><\/span><\/span><\/li>\n<li><span style=\"color: #424242;\"><span style=\"font-family: Arial, serif;\"><span style=\"font-size: large;\">Neuro Mg<\/span><\/span><\/span><\/li>\n<\/ul>\n<p>&nbsp;<\/p>\n<p><a name=\"_GoBack\"><\/a><span style=\"color: #424242;\"><span style=\"font-family: Arial, serif;\"><span style=\"font-size: large;\"><b>Adagol\u00e1s<\/b><\/span><\/span><\/span><span style=\"color: #424242;\"><span style=\"font-family: Arial, serif;\"><span style=\"font-size: large;\">: 20 csepp (1 ml) naponta, 1 \u00fcveg = 30 napos adag.<\/span><\/span><\/span><span style=\"color: #424242;\"><span style=\"font-family: Arial, serif;\"><span style=\"font-size: large;\"><br \/>\n<\/span><\/span><\/span><span style=\"color: #424242;\"><span style=\"font-family: Arial, serif;\"><span style=\"font-size: large;\">Haszn\u00e1lat el\u0151tt felr\u00e1zand\u00f3.<\/span><\/span><\/span><\/p>\n","protected":false},"excerpt":{"rendered":"<p>A Mom Power cseppek \u00f6sszet\u00e9tele \u00e9s hat\u00e1sa \u00e9pp annyira komplex, mint egy \u00e9desanya mindennapjai.<br \/>\nFigyelmeztet\u00e9s: Szoptat\u00e1si id\u0151szak alatt fogyaszt\u00e1sa nem aj\u00e1nlott!<\/p>\n","protected":false},"featured_media":5764,"comment_status":"closed","ping_status":"open","template":"","meta":[],"product_cat":[61],"product_tag":[],"class_list":{"0":"post-5763","1":"product","2":"type-product","3":"status-publish","4":"has-post-thumbnail","6":"product_brand-stilla","7":"product_cat-etrend-kiegeszitok","9":"first","10":"instock","11":"purchasable","12":"product-type-simple"},"_links":{"self":[{"href":"https:\/\/vitamin.coredesign.hu\/index.php?rest_route=\/wp\/v2\/product\/5763","targetHints":{"allow":["GET"]}}],"collection":[{"href":"https:\/\/vitamin.coredesign.hu\/index.php?rest_route=\/wp\/v2\/product"}],"about":[{"href":"https:\/\/vitamin.coredesign.hu\/index.php?rest_route=\/wp\/v2\/types\/product"}],"replies":[{"embeddable":true,"href":"https:\/\/vitamin.coredesign.hu\/index.php?rest_route=%2Fwp%2Fv2%2Fcomments&post=5763"}],"wp:featuredmedia":[{"embeddable":true,"href":"https:\/\/vitamin.coredesign.hu\/index.php?rest_route=\/wp\/v2\/media\/5764"}],"wp:attachment":[{"href":"https:\/\/vitamin.coredesign.hu\/index.php?rest_route=%2Fwp%2Fv2%2Fmedia&parent=5763"}],"wp:term":[{"taxonomy":"product_cat","embeddable":true,"href":"https:\/\/vitamin.coredesign.hu\/index.php?rest_route=%2Fwp%2Fv2%2Fproduct_cat&post=5763"},{"taxonomy":"product_tag","embeddable":true,"href":"https:\/\/vitamin.coredesign.hu\/index.php?rest_route=%2Fwp%2Fv2%2Fproduct_tag&post=5763"}],"curies":[{"name":"wp","href":"https:\/\/api.w.org\/{rel}","templated":true}]}}