{"id":5761,"date":"2025-10-12T12:31:33","date_gmt":"2025-10-12T10:31:33","guid":{"rendered":"https:\/\/vitamin.coredesign.hu\/?product=stilla-meno-diva-a-menopauza-tuneteit-enyhito-cseppek-100ml"},"modified":"2026-01-08T23:28:39","modified_gmt":"2026-01-08T22:28:39","slug":"stilla-meno-diva-a-menopauza-tuneteit-enyhito-cseppek-100ml","status":"publish","type":"product","link":"https:\/\/vitamin.coredesign.hu\/?product=stilla-meno-diva-a-menopauza-tuneteit-enyhito-cseppek-100ml","title":{"rendered":"Stilla <b>Meno D\u00edva<\/b> -A menopauza t\u00fcneteit enyh\u00edt\u0151 cseppek -100ml"},"content":{"rendered":"<p>&nbsp;<\/p>\n<div id=\"lt-accessibility-devtools\" aria-hidden=\"true\"><\/div>\n<p><span style=\"color: #424242;\"><span style=\"font-family: Arial, serif;\"><span style=\"font-size: x-large;\"><b>Stilla MenoD\u00edva<\/b><\/span><\/span><\/span><\/p>\n<p>&nbsp;<\/p>\n<p><span style=\"color: #424242;\"><span style=\"font-family: Arial, serif;\"><span style=\"font-size: large;\"><b>V\u00edzb\u00e1zis\u00fa, magas felsz\u00edv\u00f3d\u00e1s\u00fa \u00e9trend-kieg\u00e9sz\u00edt\u0151 cseppek<\/b><\/span><\/span><\/span><\/p>\n<p>&nbsp;<\/p>\n<p><span style=\"color: #424242;\"><span style=\"font-family: Arial, serif;\"><span style=\"font-size: large;\"><b>Mire sz\u00e1mithatsz:<\/b><\/span><\/span><\/span><\/p>\n<ul>\n<li><span style=\"color: #424242;\"><span style=\"font-family: Arial, serif;\"><span style=\"font-size: large;\"><b>V\u00e1ltoz\u00f3kor kellemetlens\u00e9geinek cs\u00f6kken\u00e9se:<\/b><\/span><\/span><\/span><span style=\"color: #424242;\"><span style=\"font-family: Arial, serif;\"><span style=\"font-size: large;\">\u00a0A\u00a0<\/span><\/span><\/span><span style=\"color: #424242;\"><span style=\"font-family: Arial, serif;\"><span style=\"font-size: large;\"><b>MenoD\u00edva\u00a0<\/b><\/span><\/span><\/span><span style=\"color: #424242;\"><span style=\"font-family: Arial, serif;\"><span style=\"font-size: large;\">fitonutriens \u00f6sszetev\u0151ivel k\u00f6nnyed\u00e9n sz\u00e1molhatsz le a h\u0151hull\u00e1mok, \u00e9jszakai izzad\u00e1sok \u00e9s verejt\u00e9kez\u00e9sek okozta kellemetlens\u00e9gekkel. Az egyed\u00fcl\u00e1ll\u00f3 \u00f6sszetev\u0151ivel, mint a\u00a0<\/span><\/span><\/span><span style=\"color: #424242;\"><span style=\"font-family: Arial, serif;\"><span style=\"font-size: large;\"><b>pal\u00e1stf\u0171<\/b><\/span><\/span><\/span><span style=\"color: #424242;\"><span style=\"font-family: Arial, serif;\"><span style=\"font-size: large;\">\u00a0\u00e9s a\u00a0<\/span><\/span><\/span><span style=\"color: #424242;\"><span style=\"font-family: Arial, serif;\"><span style=\"font-size: large;\"><b>k\u00ednai cs\u00fcdf\u0171<\/b><\/span><\/span><\/span><span style=\"color: #424242;\"><span style=\"font-family: Arial, serif;\"><span style=\"font-size: large;\">, hat\u00e9konyan enyh\u00edtheti az intenz\u00edv t\u00fcneteket, \u00edgy hozz\u00e1j\u00e1rulhat a nyugalmasabb mindennapokhoz.<\/span><\/span><\/span><\/li>\n<li><span style=\"color: #424242;\"><span style=\"font-family: Arial, serif;\"><span style=\"font-size: large;\"><b>Pozit\u00edvan hathat a hormonh\u00e1ztart\u00e1sra:<\/b><\/span><\/span><\/span><span style=\"color: #424242;\"><span style=\"font-family: Arial, serif;\"><span style=\"font-size: large;\">\u00a0A\u00a0<\/span><\/span><\/span><span style=\"color: #424242;\"><span style=\"font-family: Arial, serif;\"><span style=\"font-size: large;\"><b>m\u00e1lnalev\u00e9l<\/b><\/span><\/span><\/span><span style=\"color: #424242;\"><span style=\"font-family: Arial, serif;\"><span style=\"font-size: large;\">\u00a0pozit\u00edv hat\u00e1st gyakorolhat a hormonh\u00e1ztart\u00e1sra. Ez seg\u00edthet a test term\u00e9szetes egyens\u00faly\u00e1nak fenntart\u00e1s\u00e1ban \u00e9s a hangulatingadoz\u00e1s enyh\u00edt\u00e9s\u00e9ben, \u00edgy visszakaphatod a nyugalmadat \u00e9s harm\u00f3ni\u00e1dat.<\/span><\/span><\/span><\/li>\n<li><span style=\"color: #424242;\"><span style=\"font-family: Arial, serif;\"><span style=\"font-size: large;\"><b>Fesz\u00fclts\u00e9gold\u00f3 \u00e9s nyugtat\u00f3 hat\u00e1s\u00fa:<\/b><\/span><\/span><\/span><span style=\"color: #424242;\"><span style=\"font-family: Arial, serif;\"><span style=\"font-size: large;\">\u00a0A\u00a0<\/span><\/span><\/span><span style=\"color: #424242;\"><span style=\"font-family: Arial, serif;\"><span style=\"font-size: large;\"><b>kudzu<\/b><\/span><\/span><\/span><span style=\"color: #424242;\"><span style=\"font-family: Arial, serif;\"><span style=\"font-size: large;\">\u00a0\u00e9s a\u00a0<\/span><\/span><\/span><span style=\"color: #424242;\"><span style=\"font-family: Arial, serif;\"><span style=\"font-size: large;\"><b>f\u00fcrt\u00f6s sp\u00e1rga<\/b><\/span><\/span><\/span><span style=\"color: #424242;\"><span style=\"font-family: Arial, serif;\"><span style=\"font-size: large;\">\u00a0nem csak a testre, hanem a l\u00e9lekre is j\u00f3t\u00e9kony hat\u00e1ssal lehetnek. A nyugtat\u00f3 hat\u00f3anyagok seg\u00edthetnek oldani a stresszt \u00e9s a fesz\u00fclts\u00e9get, \u00edgy k\u00f6nnyebben kezeled a v\u00e1ltoz\u00f3kori kih\u00edv\u00e1sokat.<\/span><\/span><\/span><\/li>\n<li><span style=\"color: #424242;\"><span style=\"font-family: Arial, serif;\"><span style=\"font-size: large;\"><b>Alv\u00e1smin\u0151s\u00e9g \u00e9s hangulat javul\u00e1sa:<\/b><\/span><\/span><\/span><span style=\"color: #424242;\"><span style=\"font-family: Arial, serif;\"><span style=\"font-size: large;\">\u00a0Az\u00a0<\/span><\/span><\/span><span style=\"color: #424242;\"><span style=\"font-family: Arial, serif;\"><span style=\"font-size: large;\"><b>arab j\u00e1zmin<\/b><\/span><\/span><\/span><span style=\"color: #424242;\"><span style=\"font-family: Arial, serif;\"><span style=\"font-size: large;\">\u00a0seg\u00edthet jav\u00edtani az alv\u00e1smin\u0151s\u00e9gen, \u00edgy \u00fajra nyugodt \u00e9jszak\u00e1id lehetnek. Emellett pozit\u00edv hat\u00e1st gyakorolhat a hangulatra is.<\/span><\/span><\/span><\/li>\n<\/ul>\n<p>&nbsp;<\/p>\n<p><span style=\"color: #424242;\"><span style=\"font-family: Arial, serif;\"><span style=\"font-size: large;\"><b>Nyerd vissza r\u00e9gi energi\u00e1dat<\/b><\/span><\/span><\/span><\/p>\n<p><span style=\"color: #424242;\"><span style=\"font-family: Arial, serif;\"><span style=\"font-size: large;\">Ne engedd, hogy a v\u00e1ltoz\u00f3kor kellemetlens\u00e9gei korl\u00e1tozz\u00e1k az \u00e9leted min\u0151s\u00e9g\u00e9t! A\u00a0<\/span><\/span><\/span><span style=\"color: #424242;\"><span style=\"font-family: Arial, serif;\"><span style=\"font-size: large;\"><b>MenoD\u00edva<\/b><\/span><\/span><\/span><span style=\"color: #424242;\"><span style=\"font-family: Arial, serif;\"><span style=\"font-size: large;\">\u00a0seg\u00edthet visszat\u00e9rni az akt\u00edv \u00e9s harmonikus mindennapokhoz.<\/span><\/span><\/span><\/p>\n<p><span style=\"color: #424242;\"><span style=\"font-family: Arial, serif;\"><span style=\"font-size: large;\">Foly\u00e9kony form\u00e1ban, a jobb hasznosul\u00e1s \u00e9rdek\u00e9ben.<\/span><\/span><\/span><\/p>\n<p>&nbsp;<\/p>\n<p><span style=\"color: #424242;\"><span style=\"font-family: Arial, serif;\"><span style=\"font-size: large;\"><b>Adagol\u00e1s:<\/b><\/span><\/span><\/span><span style=\"color: #424242;\"><span style=\"font-family: Arial, serif;\"><span style=\"font-size: large;\">\u00a02*20 csepp naponta, kb. 1 dl v\u00edzbe cseppentve<\/span><\/span><\/span><\/p>\n<p><span style=\"color: #424242;\"><span style=\"font-family: Arial, serif;\"><span style=\"font-size: large;\"><b>1 \u00fcveg = 50 napi adag<\/b><\/span><\/span><\/span><\/p>\n<p>&nbsp;<\/p>\n<p><span style=\"color: #424242;\"><span style=\"font-family: Arial, serif;\"><span style=\"font-size: large;\"><b>Figyelmeztet\u00e9s:<\/b><\/span><\/span><\/span><span style=\"color: #424242;\"><span style=\"font-family: Arial, serif;\"><span style=\"font-size: large;\">\u00a0Hormonkezel\u00e9s alatt konzult\u00e1ljon a kezel\u0151orvos\u00e1val! Haszn\u00e1lat el\u0151tt felr\u00e1zand\u00f3! A napi aj\u00e1nlott mennyis\u00e9get ne l\u00e9pje t\u00fal!<\/span><\/span><\/span><\/p>\n<p>&nbsp;<\/p>\n<p><span style=\"color: #424242;\"><span style=\"font-family: Arial, serif;\"><span style=\"font-size: large;\"><b>Mennyi id\u0151 ut\u00e1n v\u00e1rhatsz eredm\u00e9nyt?<\/b><\/span><\/span><\/span><\/p>\n<p><span style=\"color: #424242;\"><span style=\"font-family: Arial, serif;\"><span style=\"font-size: large;\">Egy\u00e9nenk\u00e9nt elt\u00e9r\u0151, hogy ki milyen gyorsan reag\u00e1l az \u00f6sszetev\u0151kre. \u00c1ltal\u00e1noss\u00e1gban azonban elmondhat\u00f3, hogy egy \u00e9s h\u00e1rom h\u00f3nap sz\u00fcks\u00e9ges ahhoz, hogy a term\u00e9k teljesen ki tudja fejteni a hat\u00e1s\u00e1t.<\/span><\/span><\/span><\/p>\n","protected":false},"excerpt":{"rendered":"<p>Fedezd fel a term\u00e9szetben rejl\u0151 megold\u00e1st a v\u00e1ltoz\u00f3kor kellemetlens\u00e9geire a\u00a0<strong>MenoD\u00edva<\/strong>\u00a0cseppekkel. Ez a speci\u00e1lisan fejlesztett formula c\u00e9lzottan\u00a0<strong>cs\u00f6kkentheti a h\u0151hull\u00e1mok,<\/strong>\u00a0az\u00a0<strong>\u00e9jszakai izzad\u00e1sok<\/strong>\u00a0\u00e9s a<strong>\u00a0verejt\u00e9kez\u00e9sek<\/strong>\u00a0intenzit\u00e1s\u00e1t, hogy \u00fajra \u00e9lvezhesd a nyugodt \u00e9jszak\u00e1kat \u00e9s nappalokat.<\/p>\n","protected":false},"featured_media":5762,"comment_status":"closed","ping_status":"open","template":"","meta":[],"product_cat":[61],"product_tag":[],"class_list":{"0":"post-5761","1":"product","2":"type-product","3":"status-publish","4":"has-post-thumbnail","6":"product_brand-stilla","7":"product_cat-etrend-kiegeszitok","9":"first","10":"instock","11":"purchasable","12":"product-type-simple"},"_links":{"self":[{"href":"https:\/\/vitamin.coredesign.hu\/index.php?rest_route=\/wp\/v2\/product\/5761","targetHints":{"allow":["GET"]}}],"collection":[{"href":"https:\/\/vitamin.coredesign.hu\/index.php?rest_route=\/wp\/v2\/product"}],"about":[{"href":"https:\/\/vitamin.coredesign.hu\/index.php?rest_route=\/wp\/v2\/types\/product"}],"replies":[{"embeddable":true,"href":"https:\/\/vitamin.coredesign.hu\/index.php?rest_route=%2Fwp%2Fv2%2Fcomments&post=5761"}],"wp:featuredmedia":[{"embeddable":true,"href":"https:\/\/vitamin.coredesign.hu\/index.php?rest_route=\/wp\/v2\/media\/5762"}],"wp:attachment":[{"href":"https:\/\/vitamin.coredesign.hu\/index.php?rest_route=%2Fwp%2Fv2%2Fmedia&parent=5761"}],"wp:term":[{"taxonomy":"product_cat","embeddable":true,"href":"https:\/\/vitamin.coredesign.hu\/index.php?rest_route=%2Fwp%2Fv2%2Fproduct_cat&post=5761"},{"taxonomy":"product_tag","embeddable":true,"href":"https:\/\/vitamin.coredesign.hu\/index.php?rest_route=%2Fwp%2Fv2%2Fproduct_tag&post=5761"}],"curies":[{"name":"wp","href":"https:\/\/api.w.org\/{rel}","templated":true}]}}