{"id":5757,"date":"2025-10-12T12:31:33","date_gmt":"2025-10-12T10:31:33","guid":{"rendered":"https:\/\/vitamin.coredesign.hu\/?product=stilla-immunity-immunerosito-etrendkiegeszito-cseppek-30ml"},"modified":"2026-01-08T23:28:37","modified_gmt":"2026-01-08T22:28:37","slug":"stilla-immunity-immunerosito-etrendkiegeszito-cseppek-30ml","status":"publish","type":"product","link":"https:\/\/vitamin.coredesign.hu\/?product=stilla-immunity-immunerosito-etrendkiegeszito-cseppek-30ml","title":{"rendered":"Stilla <b>Immunity<\/b> immuner\u0151s\u00edt\u0151 \u00e9trendkieg\u00e9sz\u00edt\u0151 cseppek -30ml"},"content":{"rendered":"<p>&nbsp;<\/p>\n<div id=\"lt-accessibility-devtools\" aria-hidden=\"true\"><\/div>\n<p><span style=\"color: #424242;\"><span style=\"font-family: Arial, serif;\"><span style=\"font-size: x-large;\"><b>Stilla Immunity<\/b><\/span><\/span><\/span><\/p>\n<p>&nbsp;<\/p>\n<p><span style=\"color: #424242;\"><span style=\"font-family: Arial, serif;\"><span style=\"font-size: large;\"><b>V\u00edzb\u00e1zis\u00fa, magas felsz\u00edv\u00f3d\u00e1s\u00fa \u00e9trend-kieg\u00e9sz\u00edt\u0151 cseppek.<\/b><\/span><\/span><\/span><\/p>\n<p><span style=\"color: #424242;\"><span style=\"font-family: Arial, serif;\"><span style=\"font-size: large;\">Immunrendszer\u00fcnket sejtek, sz\u00f6vetek \u00e9s szervek egy\u00fcttese, \u00f6sszehangolt m\u0171k\u00f6d\u00e9se alkotja. Az immunrendszer tulajdonk\u00e9ppen v\u00e9delmi mechanizmus, amely \u2014 t\u00f6bbek k\u00f6z\u00f6tt \u2014 a k\u00f3rokoz\u00f3kkal szemben eredm\u00e9nyes ellen\u00e1ll\u00e1st biztos\u00edt.<\/span><\/span><\/span><\/p>\n<p><span style=\"color: #424242;\"><span style=\"font-family: Arial, serif;\"><span style=\"font-size: large;\">De mi van akkor, ha immunrendszer\u00fcnk kicsit legyeng\u00fcl? A stressz, az influenzaj\u00e1rv\u00e1nyok \u00e9s az id\u0151j\u00e1r\u00e1s v\u00e1ltoz\u00e1sai mind olyan t\u00e9nyez\u0151k, amelyek gyeng\u00edthetik az immunrendszer\u00fcnket, \u00e9s kitett\u00e9 tehetnek a betegs\u00e9geknek.<br \/>\nAz \u0151szi-t\u00e9li id\u0151szakban pedig sokan tapasztalj\u00e1k, hogy ha egyszer megfert\u0151z\u0151dtek \u2014 megf\u00e1ztak, influenz\u00e1sak lettek \u2014, ut\u00e1na \u00fajra \u00e9s \u00fajra \u201cvisszaesnek\u201d, hiszen a v\u00edrus, vagy bakt\u00e9rium \u00e1ltal meggyeng\u00edtett immunrendszernek id\u0151re van sz\u00fcks\u00e9ge, mire \u00fajra meger\u0151s\u00f6dik.<\/span><\/span><\/span><\/p>\n<p>&nbsp;<\/p>\n<p><span style=\"color: #424242;\"><span style=\"font-family: Arial, serif;\"><span style=\"font-size: large;\"><b>Itt j\u00f6n k\u00e9pbe a Stilla Immunity cseppek ereje!<\/b><\/span><\/span><\/span><\/p>\n<p><span style=\"color: #424242;\"><span style=\"font-family: Arial, serif;\"><span style=\"font-size: large;\">Milyen csod\u00e1kat rejt az IMMUNITY? Az egyik f\u0151 \u00f6sszetev\u0151je az\u00a0<\/span><\/span><\/span><span style=\"color: #424242;\"><span style=\"font-family: Arial, serif;\"><span style=\"font-size: large;\"><b>Echinacea<\/b><\/span><\/span><\/span><span style=\"color: #424242;\"><span style=\"font-family: Arial, serif;\"><span style=\"font-size: large;\">, vagy m\u00e1s n\u00e9ven b\u00edborlevel\u0171 kasvir\u00e1g, amelynek gy\u00f3gy\u00edt\u00f3 ereje \u00e9vsz\u00e1zadok \u00f3ta ismert. Legfontosabb hat\u00f3anyagai, mint az echinacin \u00e9s a k\u00e1v\u00e9sav sz\u00e1rmaz\u00e9kok, valamint az arabinogalakt\u00e1n-poliszacharidok, klinikailag bizony\u00edtottan seg\u00edtik a fels\u0151l\u00e9g\u00fati betegs\u00e9gek lek\u00fczd\u00e9s\u00e9t \u00e9s megel\u0151z\u00e9s\u00e9t.<br \/>\nAz IMMUNITY m\u00e1sik kiemelked\u0151 \u00f6sszetev\u0151je a\u00a0<\/span><\/span><\/span><span style=\"color: #424242;\"><span style=\"font-family: Arial, serif;\"><span style=\"font-size: large;\"><b>B\u00e9ta-gl\u00fck\u00e1n<\/b><\/span><\/span><\/span><span style=\"color: #424242;\"><span style=\"font-family: Arial, serif;\"><span style=\"font-size: large;\">, mely az egyik leghat\u00e9konyabb term\u00e9szetes immunsejt aktiv\u00e1l\u00f3 anyag. Ez a csod\u00e1latos \u00f6sszetev\u0151 egyedi biol\u00f3giai aktivit\u00e1ssal rendelkezik, \u00edgy er\u0151s\u00edtheti a szervezetet, hogy hat\u00e9konyabban k\u00fczdj\u00f6n meg a betegs\u00e9gekkel.<br \/>\nAz IMMUNITY azonban nem csak ezekkel az \u00f6sszetev\u0151kkel b\u00fcszk\u00e9lkedhet! A<\/span><\/span><\/span><span style=\"color: #424242;\"><span style=\"font-family: Arial, serif;\"><span style=\"font-size: large;\"><b>\u00a0fekete bodza<\/b><\/span><\/span><\/span><span style=\"color: #424242;\"><span style=\"font-family: Arial, serif;\"><span style=\"font-size: large;\">\u00a0kivonata \u00e9s a\u00a0<\/span><\/span><\/span><span style=\"color: #424242;\"><span style=\"font-family: Arial, serif;\"><span style=\"font-size: large;\"><b>cink-pikolin\u00e1t<\/b><\/span><\/span><\/span><span style=\"color: #424242;\"><span style=\"font-family: Arial, serif;\"><span style=\"font-size: large;\">\u00a0is megtal\u00e1lhat\u00f3 a cseppekben, amelyek tov\u00e1bbi v\u00edrusellenes \u00e9s immuner\u0151s\u00edt\u0151 tulajdons\u00e1gokkal rendelkeznek. Ezek a n\u00f6v\u00e9nyek \u00e9s \u00e1sv\u00e1nyi anyagok egy\u00fcttesen alkotj\u00e1k a t\u00f6k\u00e9letes v\u00e9delemet a szervezeted sz\u00e1m\u00e1ra.<br \/>\nHa szeretn\u00e9d, hogy immunrendszered mindig a legjobb form\u00e1j\u00e1ban legyen, nincs m\u00e1s dolgod, mint az IMMUNITY-t v\u00e1lasztani!<\/span><\/span><\/span><\/p>\n<p>&nbsp;<\/p>\n<p><span style=\"color: #424242;\"><span style=\"font-family: Arial, serif;\"><span style=\"font-size: large;\"><b>Aj\u00e1nlott fogyaszt\u00e1sa:<\/b><\/span><\/span><\/span><span style=\"color: #424242;\"><span style=\"font-family: Arial, serif;\"><span style=\"font-size: large;\">\u00a0a legjobb felsz\u00edv\u00f3d\u00e1s \u00e9rdek\u00e9ben \u00e9rdemes a reggeli, d\u00e9lel\u0151tti, vagy kora d\u00e9lut\u00e1ni \u00f3r\u00e1kban fogyasztani<\/span><\/span><\/span><\/p>\n<p>&nbsp;<\/p>\n<p><span style=\"color: #424242;\"><span style=\"font-family: Arial, serif;\"><span style=\"font-size: large;\"><b>Az Immunity egyidej\u0171leg kombin\u00e1lhat\u00f3 a k\u00f6vetkez\u0151 term\u00e9kekkel:<\/b><\/span><\/span><\/span><\/p>\n<ul>\n<li><span style=\"color: #424242;\"><span style=\"font-family: Arial, serif;\"><span style=\"font-size: large;\">C+D+Zn<\/span><\/span><\/span><\/li>\n<li><span style=\"color: #424242;\"><span style=\"font-family: Arial, serif;\"><span style=\"font-size: large;\">Fulvotikum<\/span><\/span><\/span><\/li>\n<li><span style=\"color: #424242;\"><span style=\"font-family: Arial, serif;\"><span style=\"font-size: large;\">Memory<\/span><\/span><\/span><\/li>\n<li><span style=\"color: #424242;\"><span style=\"font-family: Arial, serif;\"><span style=\"font-size: large;\">Mom Power<\/span><\/span><\/span><\/li>\n<\/ul>\n<p>&nbsp;<\/p>\n<p><a name=\"_GoBack\"><\/a><span style=\"color: #424242;\"><span style=\"font-family: Arial, serif;\"><span style=\"font-size: large;\"><b>Adagol\u00e1s:<\/b><\/span><\/span><\/span><span style=\"color: #424242;\"><span style=\"font-family: Arial, serif;\"><span style=\"font-size: large;\"> 20 csepp (1 ml) naponta, 1 \u00fcveg = 30 napos adag.<\/span><\/span><\/span><span style=\"color: #424242;\"><span style=\"font-family: Arial, serif;\"><span style=\"font-size: large;\"><br \/>\n<\/span><\/span><\/span><span style=\"color: #424242;\"><span style=\"font-family: Arial, serif;\"><span style=\"font-size: large;\">Haszn\u00e1lat el\u0151tt felr\u00e1zand\u00f3.<\/span><\/span><\/span><\/p>\n","protected":false},"excerpt":{"rendered":"<p><strong>Intenz\u00edv immuner\u0151s\u00edt\u0151 cseppek<\/strong><\/p>\n<p>Eleged van a n\u00e1th\u00e1kb\u00f3l \u00e9s a betegs\u00e9gekb\u0151l? \u00dagy \u00e9rzed immunrendszered legyeng\u00fclt \u00e9s k\u00f6nnyen megbetegszel? Szeretn\u00e9l r\u00f6videbb id\u0151 alatt kil\u00e1balni a betegs\u00e9gekb\u0151l?<\/p>\n","protected":false},"featured_media":5758,"comment_status":"closed","ping_status":"open","template":"","meta":[],"product_cat":[61],"product_tag":[],"class_list":{"0":"post-5757","1":"product","2":"type-product","3":"status-publish","4":"has-post-thumbnail","6":"product_brand-stilla","7":"product_cat-etrend-kiegeszitok","9":"first","10":"instock","11":"purchasable","12":"product-type-simple"},"_links":{"self":[{"href":"https:\/\/vitamin.coredesign.hu\/index.php?rest_route=\/wp\/v2\/product\/5757","targetHints":{"allow":["GET"]}}],"collection":[{"href":"https:\/\/vitamin.coredesign.hu\/index.php?rest_route=\/wp\/v2\/product"}],"about":[{"href":"https:\/\/vitamin.coredesign.hu\/index.php?rest_route=\/wp\/v2\/types\/product"}],"replies":[{"embeddable":true,"href":"https:\/\/vitamin.coredesign.hu\/index.php?rest_route=%2Fwp%2Fv2%2Fcomments&post=5757"}],"wp:featuredmedia":[{"embeddable":true,"href":"https:\/\/vitamin.coredesign.hu\/index.php?rest_route=\/wp\/v2\/media\/5758"}],"wp:attachment":[{"href":"https:\/\/vitamin.coredesign.hu\/index.php?rest_route=%2Fwp%2Fv2%2Fmedia&parent=5757"}],"wp:term":[{"taxonomy":"product_cat","embeddable":true,"href":"https:\/\/vitamin.coredesign.hu\/index.php?rest_route=%2Fwp%2Fv2%2Fproduct_cat&post=5757"},{"taxonomy":"product_tag","embeddable":true,"href":"https:\/\/vitamin.coredesign.hu\/index.php?rest_route=%2Fwp%2Fv2%2Fproduct_tag&post=5757"}],"curies":[{"name":"wp","href":"https:\/\/api.w.org\/{rel}","templated":true}]}}