{"id":5753,"date":"2025-10-12T12:31:33","date_gmt":"2025-10-12T10:31:33","guid":{"rendered":"https:\/\/vitamin.coredesign.hu\/?product=stilla-ferrox-sport-etrendkiegeszito-cseppek-30ml"},"modified":"2026-01-08T23:28:35","modified_gmt":"2026-01-08T22:28:35","slug":"stilla-ferrox-sport-etrendkiegeszito-cseppek-30ml","status":"publish","type":"product","link":"https:\/\/vitamin.coredesign.hu\/?product=stilla-ferrox-sport-etrendkiegeszito-cseppek-30ml","title":{"rendered":"Stilla <b>Ferrox Sport<\/b> \u00e9trendkieg\u00e9sz\u00edt\u0151 cseppek -30ml"},"content":{"rendered":"<p>&nbsp;<\/p>\n<div id=\"lt-accessibility-devtools\" aria-hidden=\"true\"><\/div>\n<p><span style=\"color: #424242;\"><span style=\"font-family: Arial, serif;\"><span style=\"font-size: x-large;\"><b>Stilla Ferrox Sport<\/b><\/span><\/span><\/span><\/p>\n<p>&nbsp;<\/p>\n<p><span style=\"color: #424242;\"><span style=\"font-family: Arial, serif;\"><span style=\"font-size: large;\"><b>A Magyar Testnevel\u00e9si \u00e9s Sporttudom\u00e1nyi Egyetem \u00e1ltal bevizsg\u00e1lt term\u00e9kek<\/b><\/span><\/span><\/span><\/p>\n<p>&nbsp;<\/p>\n<p><span style=\"color: #424242;\"><span style=\"font-family: Arial, serif;\"><span style=\"font-size: large;\"><b>Mi teszi k\u00fcl\u00f6nlegess\u00e9 a Stilla Ferrox-ot?<\/b><\/span><\/span><\/span><\/p>\n<ul>\n<li><span style=\"color: #424242;\"><span style=\"font-family: Arial, serif;\"><span style=\"font-size: large;\"><b>Magas felsz\u00edv\u00f3d\u00e1s:<\/b><\/span><\/span><\/span><span style=\"color: #424242;\"><span style=\"font-family: Arial, serif;\"><span style=\"font-size: large;\">\u00a0A cseppek form\u00e1j\u00e1ban kaphat\u00f3 StillaFerrox optim\u00e1lis felsz\u00edv\u00f3d\u00e1st biztos\u00edt a szervezet sz\u00e1m\u00e1ra, \u00edgy gyorsan \u00e9s hat\u00e9konyan k\u00e9pes ell\u00e1tni a sz\u00f6veteket \u00e9s szerveket a sz\u00fcks\u00e9ges vassal.<\/span><\/span><\/span><\/li>\n<li><span style=\"color: #424242;\"><span style=\"font-family: Arial, serif;\"><span style=\"font-size: large;\"><b>Fulvosavak:<\/b><\/span><\/span><\/span><span style=\"color: #424242;\"><span style=\"font-family: Arial, serif;\"><span style=\"font-size: large;\">\u00a0A fulvosavak seg\u00edtenek meg\u0151rizni a vas szerves komplexben val\u00f3 stabilit\u00e1s\u00e1t, \u00edgy biztos\u00edtva, hogy a vas hossz\u00fa t\u00e1von rendelkez\u00e9sre \u00e1lljon a szervezet sz\u00e1m\u00e1ra.<\/span><\/span><\/span><\/li>\n<li><span style=\"color: #424242;\"><span style=\"font-family: Arial, serif;\"><span style=\"font-size: large;\"><b>Egyszer\u0171 fogyaszt\u00e1s:<\/b><\/span><\/span><\/span><span style=\"color: #424242;\"><span style=\"font-family: Arial, serif;\"><span style=\"font-size: large;\">\u00a0A reggeli \u00f3r\u00e1kban v\u00edzbe csepegtetve aj\u00e1nljuk fogyasztani a StillaFerrox-ot, hogy maximaliz\u00e1ljuk a felsz\u00edv\u00f3d\u00e1st \u00e9s a hat\u00e9konys\u00e1got. Ne feledje, hogy a term\u00e9k fogyaszt\u00e1sa el\u0151tt \u00e9s ut\u00e1n ne fogyasszon savas vagy koffeines italokat egy \u00f3r\u00e1val, hogy biztos\u00edtsa a maxim\u00e1lis hat\u00e1st.\u00a0<\/span><\/span><\/span><span style=\"color: #424242;\"><span style=\"font-family: Arial, serif;\"><span style=\"font-size: large;\"><b>K\u00edm\u00e9letes a gyomorral.<\/b><\/span><\/span><\/span><\/li>\n<\/ul>\n<p><span style=\"color: #424242;\"><span style=\"font-family: Arial, serif;\"><span style=\"font-size: large;\"><b>A rendszeres, intenz\u00edv sportot \u0171z\u0151knek sokkal nagyobb a vas felhaszn\u00e1l\u00e1suk \u00e9s a vasig\u00e9ny\u00fck, valamint gyorsabban kimer\u00fcl a vasrakt\u00e1ruk is.<\/b><\/span><\/span><\/span><\/p>\n<p>&nbsp;<\/p>\n<p><span style=\"color: #424242;\"><span style=\"font-family: Arial, serif;\"><span style=\"font-size: large;\"><b>V\u00edzb\u00e1zis\u00fa, magas felsz\u00edv\u00f3d\u00e1s\u00fa \u00e9trend-kieg\u00e9sz\u00edt\u0151 cseppek<\/b><\/span><\/span><\/span><\/p>\n<p><span style=\"color: #424242;\"><span style=\"font-family: Arial, serif;\"><span style=\"font-size: large;\">A Stilla Ferrox k\u00fcl\u00f6nleges formul\u00e1ja nem csup\u00e1n magas min\u0151s\u00e9g\u0171 vasforr\u00e1st k\u00edn\u00e1l, hanem fontos t\u00e1panyagokat is tartalmaz, mint a tiszta fulvosavak. A fulvosavak kulcsszerepet j\u00e1tszanak abban, hogy a vas hat\u00e9konyan felsz\u00edv\u00f3djon \u00e9s optim\u00e1lis form\u00e1ban ker\u00fclj\u00f6n be a szervezetbe.<\/span><\/span><\/span><\/p>\n<p>&nbsp;<\/p>\n<p><span style=\"color: #424242;\"><span style=\"font-family: Arial, serif;\"><span style=\"font-size: large;\"><b>Fontos figyelmeztet\u00e9sek:<\/b><\/span><\/span><\/span><\/p>\n<p><span style=\"color: #424242;\"><span style=\"font-family: Arial, serif;\"><span style=\"font-size: large;\">Antibiotikum (pl. doxiciklin, ofloxacin) \u00e9s vas egyidej\u0171 bev\u00e9tele tilos, mivel a vas megakad\u00e1lyozza az antibiotikum felsz\u00edv\u00f3d\u00e1s\u00e1t, \u00edgy a v\u00e1rt gy\u00f3gyul\u00e1s elmaradhat.<\/span><\/span><\/span><\/p>\n<p><span style=\"color: #424242;\"><span style=\"font-family: Arial, serif;\"><span style=\"font-size: large;\">Ha f\u00e1jdalomcsillap\u00edt\u00f3 vagy gyullad\u00e1scs\u00f6kkent\u0151 hat\u00e1s\u00fa acetilszalicilsavat vagy egy\u00e9b hasonl\u00f3 hat\u00e1s\u00fa szert is szedsz (ibuprofen), a hat\u00f3anyagok a gyomor-b\u00e9l rendszeri ny\u00e1lkah\u00e1rty\u00e1t k\u00e1ros\u00edthatj\u00e1k vas jelenl\u00e9t\u00e9ben.<\/span><\/span><\/span><\/p>\n<p>&nbsp;<\/p>\n<p><span style=\"color: #424242;\"><span style=\"font-family: Arial, serif;\"><span style=\"font-size: large;\"><b>A legjobb felsz\u00edv\u00f3d\u00e1s \u00e9rdek\u00e9ben a vasat ne kombin\u00e1ljuk m\u00e1s \u00e9trendkieg\u00e9sz\u00edt\u0151kkel!<\/b><\/span><\/span><\/span><\/p>\n<p><span style=\"color: #424242;\"><span style=\"font-family: Arial, serif;\"><span style=\"font-size: large;\">A Stilla Ferrox mind\u00f6ssze h\u00e1rom h\u00f3napos k\u00far\u00e1val jelent\u0151s seg\u00edts\u00e9get ny\u00fajthat a vashi\u00e1nyos t\u00fcnetek enyh\u00edt\u00e9s\u00e9ben \u00e9s a v\u00e9rszeg\u00e9nys\u00e9g kezel\u00e9s\u00e9ben.<\/span><\/span><\/span><\/p>\n<p>&nbsp;<\/p>\n<p><span style=\"color: #424242;\"><span style=\"font-family: Arial, serif;\"><span style=\"font-size: large;\"><b>A term\u00e9k kiv\u00e1l\u00f3 v\u00e1laszt\u00e1s a vas p\u00f3tl\u00e1s\u00e1ra \u00e9s szervezet\u00fcnk optim\u00e1lis m\u0171k\u00f6d\u00e9s\u00e9nek t\u00e1mogat\u00e1s\u00e1ra.<\/b><\/span><\/span><\/span><\/p>\n","protected":false},"excerpt":{"rendered":"<p><strong>Made for Champions \u2013 Intenz\u00edv vasp\u00f3tl\u00e1s \u00e9lsportol\u00f3knak \u2013 kobalt n\u00e9lk\u00fcl<\/strong><\/p>\n","protected":false},"featured_media":5754,"comment_status":"closed","ping_status":"open","template":"","meta":[],"product_cat":[73],"product_tag":[],"class_list":{"0":"post-5753","1":"product","2":"type-product","3":"status-publish","4":"has-post-thumbnail","6":"product_brand-stilla","7":"product_cat-arvanyi-anyagok","9":"first","10":"instock","11":"purchasable","12":"product-type-simple"},"_links":{"self":[{"href":"https:\/\/vitamin.coredesign.hu\/index.php?rest_route=\/wp\/v2\/product\/5753","targetHints":{"allow":["GET"]}}],"collection":[{"href":"https:\/\/vitamin.coredesign.hu\/index.php?rest_route=\/wp\/v2\/product"}],"about":[{"href":"https:\/\/vitamin.coredesign.hu\/index.php?rest_route=\/wp\/v2\/types\/product"}],"replies":[{"embeddable":true,"href":"https:\/\/vitamin.coredesign.hu\/index.php?rest_route=%2Fwp%2Fv2%2Fcomments&post=5753"}],"wp:featuredmedia":[{"embeddable":true,"href":"https:\/\/vitamin.coredesign.hu\/index.php?rest_route=\/wp\/v2\/media\/5754"}],"wp:attachment":[{"href":"https:\/\/vitamin.coredesign.hu\/index.php?rest_route=%2Fwp%2Fv2%2Fmedia&parent=5753"}],"wp:term":[{"taxonomy":"product_cat","embeddable":true,"href":"https:\/\/vitamin.coredesign.hu\/index.php?rest_route=%2Fwp%2Fv2%2Fproduct_cat&post=5753"},{"taxonomy":"product_tag","embeddable":true,"href":"https:\/\/vitamin.coredesign.hu\/index.php?rest_route=%2Fwp%2Fv2%2Fproduct_tag&post=5753"}],"curies":[{"name":"wp","href":"https:\/\/api.w.org\/{rel}","templated":true}]}}